{"id":492,"date":"2015-10-07T15:50:10","date_gmt":"2015-10-07T13:50:10","guid":{"rendered":"http:\/\/www.meridioband.com\/?page_id=492"},"modified":"2022-10-06T10:28:50","modified_gmt":"2022-10-06T08:28:50","slug":"faq","status":"publish","type":"page","link":"https:\/\/www.meridioband.com\/it\/faq\/","title":{"rendered":"FAQ"},"content":{"rendered":"<p><\/p>\n<p>[vc_row css=&#8221;.vc_custom_1547111260434{padding: 20px !important;}&#8221;][vc_column width=&#8221;1\/4&#8243;][vc_column_text] [\/vc_column_text]<aside class=\"gap cf\" style=\"height:50px;\"><\/aside>[\/vc_column][vc_column width=&#8221;1\/2&#8243;]<aside class=\"gap cf\" style=\"height:80px;\"><\/aside>[vc_text_separator title=&#8221;I Cinturini&#8221; title_align=&#8221;separator_align_left&#8221; border_width=&#8221;2&#8243;]<aside class=\"gap cf\" style=\"height:30px;\"><\/aside>[vc_toggle title=&#8221;I cinturini Meridio si adattano anche all&#8217; Apple watch Serie 8 e Ultra ?&#8221; el_id=&#8221;1444380653786-2ce17ec1-20ca&#8221;]<\/p>\n<p>Sono compatibili tutte le versioni di Apple watch includendo quelle + vecchie come la 7|6|5|4|3|2|1 e la versione economica SE<\/p>\n<p>[\/vc_toggle][vc_toggle title=&#8221;Cosa significa 38|40|41 mm nel configuratore ?&#8221; el_id=&#8221;1536791777622-655ad289-f2e9&#8243;]<\/p>\n<p>Significa che il cinturino e\u2019 compatibile sia con la cassa 40 e 41 mm ( dalla Series 4 in avanti) che con quella da 38mm \u00a0(le prime serie fino alla 3) dell\u2019Apple watch<\/p>\n<p>[\/vc_toggle][vc_toggle title=&#8221;Cosa significa 42|44|45 mm nel configuratore ?&#8221; el_id=&#8221;1536791839235-49c658c7-acc8&#8243;]<\/p>\n<p>Significa che il cinturino e\u2019 compatibile con le casse 44 e 45 mm ( dalla Series 4 in avanti) che con quella da 42 mm \u00a0(le prime serie fino alla 3) dell\u2019Apple watch<\/p>\n<p>[\/vc_toggle][vc_toggle title=&#8221;Posso usare qualsiasi tipo di trattamento per la pelle sul mio cinturino?&#8221; el_id=&#8221;1476571938856-248e13a1-90f1&#8243;] Per garantire al vostro cinturino la cura di qualit\u00e0 che merita, vi suggeriamo caldamente di usare creme neutre per pelli. [\/vc_toggle][vc_toggle title=&#8221;I cinturini sono resistenti all&#8217;acqua?&#8221; el_id=&#8221;1444380676043-da4bf471-a1ef&#8221;] Solo quelli della collezione Caoutchouc mentre gli altri non lo sono [\/vc_toggle][vc_toggle title=&#8221;I cinturini sono tutti fatti a mano?&#8221; el_id=&#8221;1444380698936-e89b219f-0404&#8243;] In tutte le parti del processo che non necessitano di automazione, la produzione dei cinturini \u00e8 affidata alle sapienti mani di artigiani del settore, tutto esclusivamente Made in Italy. [\/vc_toggle][vc_toggle title=&#8221;I cinturini sono dotati di fibbia?&#8221; el_id=&#8221;1444380721780-df1c1bd0-0fe0&#8243;] S\u00ec, riceverai il cinturino completo di fibbia originale Meridio, con la possibilit\u00e0 di scegliere la colorazione pi\u00f9 adatta alla cassa del tuo Apple Watch. [\/vc_toggle][vc_toggle title=&#8221;Quanto sono lunghi i cinturini?&#8221; el_id=&#8221;1444380745586-49aa3b13-9c86&#8243;] Distinguiamo due tipologie di cinturini a seconda della dimensione della cassa del tuo Apple Watch. <strong>Cassa 42|44 mm<\/strong>: lato lungo del cinturino 130mm &#8211; lato corto 85mm <strong>Cassa 38|40 mm<\/strong>: lato lungo del cinturino 115mm &#8211; lato corto 75mm [\/vc_toggle][vc_toggle title=&#8221;Quanti fori ci sono in un cinturino?&#8221; el_id=&#8221;1444380772160-66231909-bb99&#8243;] Nei cinturini ci sono 8 fori. [\/vc_toggle][vc_toggle title=&#8221;Quanto sono spessi i cinturini?&#8221; el_id=&#8221;1444380804370-5c1619fa-dc6e&#8221;] Il loro spessore varia dai 3 ai 3,6 mm. [\/vc_toggle][vc_toggle title=&#8221;Cinturini e fibbie sono targati \u201cApple Watch\u201d?&#8221; el_id=&#8221;1444380824035-01ec76e0-436c&#8221;] No, i nostri cinturini sono articoli di alta qualit\u00e0 esclusivamente Made in Italy. [\/vc_toggle][vc_toggle title=&#8221;Di che materiale \u00e8 fatta la fibbia Meridio?&#8221; el_id=&#8221;1476572227961-19bef0e7-9f92&#8243;] La fibbia \u00e8 realizzata in acciaio inossidabile \u00a0316L. Subisce un processo di colorazione PVD (deposizione fisica da vapore) per adattarsi ai vari modelli di AW anche se, leggere variazioni nei toni potrebbero presentarsi. [\/vc_toggle][vc_toggle title=&#8221;Gli adattatori sono compresi nel prezzo di vendita?&#8221; el_id=&#8221;1476572041746-068df27b-5466&#8243;] I nostri cinturini sono venduti compresi di adattatori nel colore scelto all&#8217;atto della configurazione. [\/vc_toggle]<aside class=\"gap cf\" style=\"height:30px;\"><\/aside>[vc_text_separator title=&#8221;Spedizione e pagamenti&#8221; title_align=&#8221;separator_align_left&#8221; border_width=&#8221;2&#8243;]<aside class=\"gap cf\" style=\"height:30px;\"><\/aside>[vc_toggle title=&#8221;Entro quanto tempo viene spedito il mio cinturino?&#8221; el_id=&#8221;1444380841274-068d4729-dbba&#8221;] Entro max 2 giorni dalla ricezione dell&#8217;ordine il pacco verr\u00e0 spedito con UPS. In Italia ed in Europa la consegna avviene entro max 2 giorni dall&#8217;uscita dal nostro centro di spedizioni mentre, un minimo di 3gg \u00e8 richiesto per la consegna in paesi extra europei ( sono esclusi dal conteggio Sab-Dom e giorni festivi) [\/vc_toggle][vc_toggle title=&#8221;In quali paesi spedite i vostri prodotti?&#8221; el_id=&#8221;1444380858813-85bbcd83-2821&#8243;] Spediamo ovunque nel mondo. [\/vc_toggle][vc_toggle title=&#8221;Quanto costa la spedizione?&#8221; el_id=&#8221;1444380925718-9ed9655e-d373&#8243;] La spedizione costa 5 Euro per Europa, mentre 10 USD per USA, Canada, Grecia, Giappone, Corea del Sud, Finlandia, Svizzera, Svezia e Norvegia. 15 euro nel resto del mondo e tutte sono gestite via UPS con tempi di consegna che variano nell&#8217;intervallo 1-4gg lavorativi. [\/vc_toggle][vc_toggle title=&#8221;Come \u00e8 spedito il mio cinturino?&#8221; el_id=&#8221;1454340128401-7d7e8296-4bc8&#8243;] Spediamo attraverso UPS. Riceverai una mail non appena il cinturino inizia il suo viaggio con il codice per il tracciamento. I tempi di consegna variano a seconda della destinazione e del tipo di spedizione scelta, am in Italia ci\u00f2 avviene al max entro 2gg lavorativi. [\/vc_toggle][vc_toggle title=&#8221;Posso cancellare il mio ordine?&#8221; el_id=&#8221;1454340163801-40fc551a-5f0c&#8221;] Puoi cancellare l&#8217;ordine prima che sia inviato. Se il cinturino \u00e8 gi\u00e0 stato spedito devi riceverlo ed avviare la procedura di restituzione compilando l&#8217;apposito modulo situato nella corrispondente pagina web [\/vc_toggle][vc_toggle title=&#8221;Posso restituire il cinturino?&#8221; el_id=&#8221;1454340186239-08892c10-c60b&#8221;] Puoi restituire il cinturino entro 30 giorni dalla data di ricezione, nelle condizioni in cui l&#8217;hai ricevuto e dopo aver compilato il modulo che puoi scaricare dal sito. <a href=\"http:\/\/www.meridioband.com\/rimborsi\/\">Leggi la pagina restituzioni<\/a> per le informazioni dettagliate o contattaci, saremo felici di aiutarti. [\/vc_toggle][vc_toggle title=&#8221;Come imballate i vostri prodotti da consegnare?&#8221; el_id=&#8221;1444380942380-e6c1f33b-7bad&#8221;] I nostri prodotti sono consegnati nella loro confezione originale. Se volete, potete anche chiedere un pacchetto regalo. [\/vc_toggle][vc_toggle title=&#8221;I cinturini Meridio hanno una garanzia?&#8221; el_id=&#8221;1454340232959-34f5640a-8fab&#8221;] I cinturini Meridio sono coperti da garanzia del produttore per difetti di manifattura per un periodo di 30 giorni dalla data di consegna. [\/vc_toggle][vc_toggle title=&#8221;Come funzionano le tassazioni internazionali?&#8221; el_id=&#8221;1454340269976-b30e620e-f8e2&#8243;] Spediamo i pacchi secondo la DDU (Delivered Duty Unpaid) ovvero tutte le tasse e gli importi doganali sono a carico del ricevente. [\/vc_toggle][vc_toggle title=&#8221;Cosa posso fare se non riesco a concludere il pagamento?&#8221; el_id=&#8221;1454340296734-52bf84f2-745b&#8221;] Puoi controllare alcune cose, ad esempio:<\/p>\n<ul>\n<li>se usi una carta ricaricabile, verifica che il credito sia sufficiente<\/li>\n<li>se non vivi a Hong Kong, verifica che la tua carta sia abilitata per i pagamenti esteri<\/li>\n<li>verifica che la tua carta sia abilitata per i pagamenti online<\/li>\n<li>prova a usare un altro computer o un diverso browser<\/li>\n<\/ul>\n<p>Se continui ad avere problemi, contattaci a <a href=\"mailto:costumercare@meridioband.com\">costumercare@meridioband.com<\/a> e proveremo ad aiutarti. [\/vc_toggle]<aside class=\"gap cf\" style=\"height:30px;\"><\/aside>[vc_text_separator title=&#8221;Personalizzazione&#8221; title_align=&#8221;separator_align_left&#8221; border_width=&#8221;2&#8243;]<aside class=\"gap cf\" style=\"height:30px;\"><\/aside>[vc_toggle title=&#8221;Posso inserire le mie iniziali sul cinturino?&#8221; el_id=&#8221;1444381193437-33a8fa8c-fa84&#8243;] S\u00ec, puoi far inserire fino a tre\u00a0caratteri che verranno stampati nella parte finale del cinturino [\/vc_toggle][vc_row_inner][vc_column_inner] [\/vc_column_inner][\/vc_row_inner][\/vc_column][vc_column width=&#8221;1\/4&#8243;][vc_column_text] [\/vc_column_text][\/vc_column][\/vc_row][vc_row][vc_column][vc_column_text] [\/vc_column_text][\/vc_column][\/vc_row][vc_row][vc_column][vc_column_text]<\/p>\n<p>[\/vc_column_text][\/vc_column][\/vc_row]<\/p>\n<p><\/p>","protected":false},"excerpt":{"rendered":"<p>[vc_row css=&#8221;.vc_custom_1547111260434{padding: 20px !important;}&#8221;][vc_column width=&#8221;1\/4&#8243;][vc_column_text] [\/vc_column_text][\/vc_column][vc_column width=&#8221;1\/2&#8243;][vc_text_separator title=&#8221;I Cinturini&#8221; title_align=&#8221;separator_align_left&#8221; border_width=&#8221;2&#8243;][vc_toggle title=&#8221;I cinturini Meridio si adattano anche all&#8217; Apple watch Serie 8 e Ultra ?&#8221; el_id=&#8221;1444380653786-2ce17ec1-20ca&#8221;] Sono compatibili tutte le versioni di Apple watch includendo quelle + vecchie come la 7|6|5|4|3|2|1 e la versione economica SE [\/vc_toggle][vc_toggle title=&#8221;Cosa significa 38|40|41 mm nel configuratore ?&#8221; el_id=&#8221;1536791777622-655ad289-f2e9&#8243;] [&hellip;]<\/p>\n","protected":false},"author":1114,"featured_media":0,"parent":0,"menu_order":0,"comment_status":"closed","ping_status":"closed","template":"","meta":[],"yoast_head":"<!-- This site is optimized with the Yoast SEO plugin v15.4 - https:\/\/yoast.com\/wordpress\/plugins\/seo\/ -->\n<title>FAQ | Meridio Band<\/title>\n<meta name=\"description\" content=\"[:en]The FAQ section on Meridio\u2019s website will help you to find answers to your questions quickly and easily, without needing to contact us. Otherwise, please feel free to contact us at any time. [:it]Domande frequenti sui cinturini in pelle per Apple Watch, gli ordini, le spedizioni e tutto quello che ti occorre sapere sui prodotti Meridio! | Meridioband[:]\" \/>\n<meta name=\"robots\" content=\"index, follow, max-snippet:-1, max-image-preview:large, max-video-preview:-1\" \/>\n<link rel=\"canonical\" href=\"https:\/\/www.meridioband.com\/faq\/\" \/>\n<meta property=\"og:locale\" content=\"it_IT\" \/>\n<meta property=\"og:type\" content=\"article\" \/>\n<meta property=\"og:title\" content=\"[:en]Meridio | Support | FAQ [:it]FAQ | Meridio Band[:]\" \/>\n<meta property=\"og:description\" content=\"[:en]The FAQ section on Meridio\u2019s website will help you to find answers to your questions quickly and easily, without needing to contact us. Otherwise, please feel free to contact us at any time. [:it]Domande frequenti sui cinturini in pelle per Apple Watch, gli ordini, le spedizioni e tutto quello che ti occorre sapere sui prodotti Meridio! | Meridioband[:]\" \/>\n<meta property=\"og:url\" content=\"https:\/\/www.meridioband.com\/faq\/\" \/>\n<meta property=\"og:site_name\" content=\"Meridio\" \/>\n<meta property=\"article:modified_time\" content=\"2022-10-06T08:28:50+00:00\" \/>\n<meta property=\"og:image\" content=\"https:\/\/www.meridioband.com\/wp-content\/uploads\/2015\/09\/Banner_new.jpg\" \/>\n\t<meta property=\"og:image:width\" content=\"4032\" \/>\n\t<meta property=\"og:image:height\" content=\"2306\" \/>\n<meta property=\"fb:app_id\" content=\"936312143118740\" \/>\n<meta name=\"twitter:card\" content=\"summary\" \/>\n<meta name=\"twitter:creator\" content=\"@meridioband\" \/>\n<meta name=\"twitter:site\" content=\"@meridioband\" \/>\n<meta name=\"twitter:label1\" content=\"Scritto da\">\n\t<meta name=\"twitter:data1\" content=\"Luigi Celeste\">\n\t<meta name=\"twitter:label2\" content=\"Tempo di lettura stimato\">\n\t<meta name=\"twitter:data2\" content=\"13 minuti\">\n<script type=\"application\/ld+json\" class=\"yoast-schema-graph\">{\"@context\":\"https:\/\/schema.org\",\"@graph\":[{\"@type\":\"Organization\",\"@id\":\"https:\/\/www.meridioband.com\/#organization\",\"name\":\"Meridio\",\"url\":\"https:\/\/www.meridioband.com\/\",\"sameAs\":[\"https:\/\/instagram.com\/meridioband\",\"https:\/\/it.pinterest.com\/meridioband\/\",\"https:\/\/twitter.com\/meridioband\"],\"logo\":{\"@type\":\"ImageObject\",\"@id\":\"https:\/\/www.meridioband.com\/#logo\",\"inLanguage\":\"it-IT\",\"url\":\"https:\/\/www.meridioband.com\/wp-content\/uploads\/2015\/09\/Meridio-black.png\",\"width\":591,\"height\":231,\"caption\":\"Meridio\"},\"image\":{\"@id\":\"https:\/\/www.meridioband.com\/#logo\"}},{\"@type\":\"WebSite\",\"@id\":\"https:\/\/www.meridioband.com\/#website\",\"url\":\"https:\/\/www.meridioband.com\/\",\"name\":\"Meridio\",\"description\":\"L&#039;alchimia del Patrimonio italiano nelle mani di preziosi artigiani capace di realizzare esclusivi prodotti di pelle lavorati a mano per il tuo Apple watch ed il tuo tempo libero\",\"publisher\":{\"@id\":\"https:\/\/www.meridioband.com\/#organization\"},\"potentialAction\":[{\"@type\":\"SearchAction\",\"target\":\"https:\/\/www.meridioband.com\/?s={search_term_string}\",\"query-input\":\"required name=search_term_string\"}],\"inLanguage\":\"it-IT\"},{\"@type\":\"WebPage\",\"@id\":\"https:\/\/www.meridioband.com\/faq\/#webpage\",\"url\":\"https:\/\/www.meridioband.com\/faq\/\",\"name\":\"[:en]Meridio | Support | FAQ [:it]FAQ | Meridio Band[:]\",\"isPartOf\":{\"@id\":\"https:\/\/www.meridioband.com\/#website\"},\"datePublished\":\"2015-10-07T13:50:10+00:00\",\"dateModified\":\"2022-10-06T08:28:50+00:00\",\"description\":\"[:en]The FAQ section on Meridio\\u2019s website will help you to find answers to your questions quickly and easily, without needing to contact us. Otherwise, please feel free to contact us at any time. [:it]Domande frequenti sui cinturini in pelle per Apple Watch, gli ordini, le spedizioni e tutto quello che ti occorre sapere sui prodotti Meridio! | Meridioband[:]\",\"breadcrumb\":{\"@id\":\"https:\/\/www.meridioband.com\/faq\/#breadcrumb\"},\"inLanguage\":\"it-IT\",\"potentialAction\":[{\"@type\":\"ReadAction\",\"target\":[\"https:\/\/www.meridioband.com\/faq\/\"]}]},{\"@type\":\"BreadcrumbList\",\"@id\":\"https:\/\/www.meridioband.com\/faq\/#breadcrumb\",\"itemListElement\":[{\"@type\":\"ListItem\",\"position\":1,\"item\":{\"@type\":\"WebPage\",\"@id\":\"https:\/\/www.meridioband.com\/\",\"url\":\"https:\/\/www.meridioband.com\/\",\"name\":\"Home\"}},{\"@type\":\"ListItem\",\"position\":2,\"item\":{\"@type\":\"WebPage\",\"@id\":\"https:\/\/www.meridioband.com\/faq\/\",\"url\":\"https:\/\/www.meridioband.com\/faq\/\",\"name\":\"FAQ\"}}]}]}<\/script>\n<!-- \/ Yoast SEO plugin. -->","_links":{"self":[{"href":"https:\/\/www.meridioband.com\/it\/wp-json\/wp\/v2\/pages\/492"}],"collection":[{"href":"https:\/\/www.meridioband.com\/it\/wp-json\/wp\/v2\/pages"}],"about":[{"href":"https:\/\/www.meridioband.com\/it\/wp-json\/wp\/v2\/types\/page"}],"author":[{"embeddable":true,"href":"https:\/\/www.meridioband.com\/it\/wp-json\/wp\/v2\/users\/1114"}],"replies":[{"embeddable":true,"href":"https:\/\/www.meridioband.com\/it\/wp-json\/wp\/v2\/comments?post=492"}],"version-history":[{"count":116,"href":"https:\/\/www.meridioband.com\/it\/wp-json\/wp\/v2\/pages\/492\/revisions"}],"predecessor-version":[{"id":105999,"href":"https:\/\/www.meridioband.com\/it\/wp-json\/wp\/v2\/pages\/492\/revisions\/105999"}],"wp:attachment":[{"href":"https:\/\/www.meridioband.com\/it\/wp-json\/wp\/v2\/media?parent=492"}],"curies":[{"name":"wp","href":"https:\/\/api.w.org\/{rel}","templated":true}]}}