{"id":605,"date":"2015-10-21T12:55:16","date_gmt":"2015-10-21T10:55:16","guid":{"rendered":"http:\/\/www.meridioband.com\/?page_id=605"},"modified":"2021-06-14T18:34:40","modified_gmt":"2021-06-14T16:34:40","slug":"terms-of-condition","status":"publish","type":"page","link":"https:\/\/www.meridioband.com\/it\/terms-of-condition\/","title":{"rendered":"Condizioni d&#8217;uso"},"content":{"rendered":"<p><\/p>\n<p>[vc_row][vc_column]<aside class=\"gap cf\" style=\"height:50px;\"><\/aside>[vc_column_text]<\/p>\n<p style=\"text-align: justify;\">Benvenuto su Meridio. Se prosegui nella navigazione e nell&#8217;utilizzo di questo sito, accetti e sei vincolato alle presenti condizioni d&#8217;uso. Queste, insieme alla privacy policy, regolano le relazioni tra l&#8217;utente e Meridio\u00a0Ltd, proprietaria del brand Meridio. Se non accetti, anche solo in parte, queste condizioni, sei pregato di abbandonare la navigazione.&#8221;Meridio&#8221;, &#8220;Meridio Ltd&#8221; o &#8220;noi&#8221; sono termini usati per definire i proprietari e gestori del sito. &#8220;Utente&#8221;, &#8220;acquirente&#8221;, &#8220;partecipante&#8221; e &#8220;tu&#8221; si riferiscono a chiunque navighi, acquisti o faccia uso del sito in qualunque altro modo. &#8220;Prodotto&#8221; si riferisce a qualsiasi oggetto in vendita su www.meridioband.com. L&#8217;azienda si avvale di professionisti altamente specializzati nell&#8217;e-commerce basati su MILANO in Via \u00a0Canova 19 che risulta l&#8217;headquarter.<\/p>\n<p>Gli ordini effettuati da clienti italiani possono essere gestiti dall&#8217;Italia ed in taluni casi, per coloro i quali siano nelle vicinanze di Milano, \u00e8 valutabile l&#8217;idea della consegna a mano previa invio email a <a href=\"mailto:shopmanager@meridioband.com\"><strong>shopmanager@meridioband.com<\/strong><\/a><\/p>\n<h2 style=\"text-align: justify;\">Contenuti del sito<\/h2>\n<p style=\"text-align: justify;\">I contenuti delle pagine di questo sito hanno lo scopo di fornire informazioni generali. Possono essere modificati senza fornire comunicazione. N\u00e9 Meridio\u00a0Ltd n\u00e9 terze parti forniscono alcuna garanzia sull&#8217;accuratezza, la puntualit\u00e0, la completezza o la sostenibilit\u00e0 delle informazioni e materiali contenuti e offerti su questo sito. L&#8217;utente riconosce che queste informazioni possono contenere errori e inesattezze e che noi escludiamo qualsiasi responsabilit\u00e0 in proposito nei limiti concessi dalla legge. L&#8217;utente si assume la totale responsabilit\u00e0 per l&#8217;utilizzo di questo sito e delle informazioni in esso contenute. \u00c8 l&#8217;utente a doversi assicurare che ogni prodotto, servizio o informazione disponibile su questo sito corrisponda alle sue esigenze. Salvo quando diversamente indicato il sito e tutti i materiali in esso contenuti, inclusi, ma non limitati a design, layout, aspetto o grafica, sono di esclusiva propriet\u00e0 di Meridio\u00a0Ltd. L&#8217;utilizzo di questo materiale al di fuori del sito e la sua riproduzione sono vietati secondo le leggi sul diritto d&#8217;autore. Tutti i marchi registrati presenti sul sito, che non sono di propriet\u00e0 o concessi in uso a Meridio LTD, sono espressamente indicati sul sito. L&#8217;uso non autorizzato di questo sito potrebbe essere considerato un danno o un reato. Il sito potrebbe includere link ad altri siti con lo scopo di fornire ulteriori informazioni agli utenti: questi collegamenti non implicano alcun legame tra Meridio e i siti in oggetto, n\u00e9 approvazione da di quanto contenuto su questi siti. Meridio\u00a0Ltd, pertanto, non \u00e8 in alcun modo responsabile per il contenuto di questi siti.L&#8217;utilizzo di questo sito e qualsiasi disputa ne possa provenire sono soggetti alle leggi di Hong Kong. Meridio<span style=\"font-weight: 400;\">\u00a0utilizza i cookie per migliorare l&#8217;esperienza di uso del sito.<\/span><\/p>\n<p style=\"text-align: justify;\">Invitiamo l&#8217;utente a leggere l&#8217;informativa dettagliata sulla privacy e sull&#8217;utilizzo dei cookie.<\/p>\n<h3 style=\"text-align: justify;\">Contenuti generati dagli utenti<\/h3>\n<p style=\"text-align: justify;\">Questo sito contiene contenuti prodotti dagli utenti, attraverso, per esempio, i social network. Meridio non \u00e8 proprietaria di questi contenuti, n\u00e9 legalmente responsabile per essi. Se ritieni che il materiale pubblicato da noi o da qualche utente violi i diritti di autore o ti offenda, ti preghiamo di contattare il nostro servizio clienti in modo da darci la possibilit\u00e0 di prendere provvedimenti in merito.<\/p>\n<h3><span style=\"font-weight: 400;\">Informazioni personali<\/span><\/h3>\n<p><span style=\"font-weight: 400;\">Agli utenti che fanno acquisti su Meridio chiediamo alcune informazioni personali al fine di procedere con l&#8217;ordine. Siete pregati di leggere la privacy policy per informazioni dettagliate sulla politica di Meridio in merito al trattamento dei dati personali<\/span><\/p>\n<h2 style=\"text-align: justify;\">Prodotti<\/h2>\n<p style=\"text-align: justify;\">Meridio si riserva il diritto di modificare i prezzi, inclusi i costi addizionali, e di cambiare le informazioni, le immagini e le offerte relative ai prodotti senza fornire alcuna comunicazione in merito.<\/p>\n<p style=\"text-align: justify;\">Le immagini e informazioni dei prodotti riflettono il prodotto nel modo pi\u00f9 veritiero possibile, ma possono contenere errori e le immagini potrebbero non rispettare accuratamente la realt\u00e0 del prodotto. Le foto potrebbero apparire differenti a seconda delle impostazioni di colore del vostro schermo. Di conseguenza tutte le immagini mostrate devono essere considerate esclusivamente come illustrative e non garantiscono in alcun modo di rispecchiare forma e caratteristiche del prodotto.<\/p>\n<h3 style=\"text-align: justify;\">Responsabilit\u00e0 in caso di difetti<\/h3>\n<p style=\"text-align: justify;\">Se il prodotto \u00e8 danneggiato durante il trasporto, che il danno sia evidente o meno, siete tenuti a darne notizia al corriere entro 7 giorni. \u00c8 quindi fondamentale che esaminiate attentamente il pacco quando viene consegnato.<\/p>\n<p style=\"text-align: justify;\">I danni dovuti al trasporto devono essere comunicati a Meridio entro 30 giorni dall&#8217;ordine. I prodotti danneggiati riconsegnati a Meridio saranno considerati come perfettamente funzionanti al momento della spedizione, in quanto tutti i prodotti sono attentamente ispezionati al momento del confezionamento.<\/p>\n<p style=\"text-align: justify;\">In caso di mancanze o danni nel prodotto fornito, l&#8217;acquirente non \u00e8 tenuto a rifiutarlo a meno che le suddette mancanze o danni siano comunicati entro 30 giorni dall&#8217;ordine.<\/p>\n<h3 style=\"text-align: justify;\">Ordini<\/h3>\n<p style=\"text-align: justify;\">Gli ordini fatti a nome di un&#8217;altra persona senza il suo consenso o qualsiasi altro danno finanziario provocato ad altre persone o a Meridio sar\u00e0 comunicato alla polizia<\/p>\n<p style=\"text-align: justify;\">Meridio si riserva il diritto di cambiare i prezzi, correggere quelli sbagliati in ogni ordine e nella vendita finale. Meridio ha il diritto di cancellare qualsiasi ordine in ogni momento.<\/p>\n<p style=\"text-align: justify;\">Ogni tentativo di frode sar\u00e0 comunicato alle autorit\u00e0 e Meridio ha il diritto di cancellare ogni ordine in caso di sospetto. Dispute e problemi rispetto a questo sito saranno risolti in base alla legge di Hong Kong.<\/p>\n<h3 style=\"text-align: justify;\">Gli ordini sono soggetti ad accettazione e disponibilit\u00e0<\/h3>\n<p style=\"text-align: justify;\">Una volta fatta la tua scelta ed eseguito l&#8217;ordine su Meridio, riceverai una mail con i dettagli dell&#8217;ordine incluso il numero di riferimento. Questa email non rappresenta n\u00e9 un&#8217;accettazione del tuo ordine, n\u00e9 una prova di acquisto, solo una conferma della ricezione della richiesta di prodotto.<\/p>\n<p style=\"text-align: justify;\">Il tuo contratto di acquisto non \u00e8 concluso fino a quando non ti arriver\u00e0 un&#8217;email per confermare la spedizione. Il contratto di vendita si conclude a Hong Kong e la lingua di riferimento \u00e8 l&#8217;inglese.<\/p>\n<p style=\"text-align: justify;\">Ci riserviamo il diritto di accettare il tuo ordine nel caso, ad esempio, che non otteniamo l&#8217;autorizzazione al pagamento o l&#8217;oggetto ordinato non \u00e8 in magazzino o disponibile. Possiamo anche rifiutarci di processare o accettare una transazione per qualsiasi ragione o rifiutare il servizio a chiunque, in qualsiasi momento a nostra completa discrezione.<\/p>\n<h3 style=\"text-align: justify;\">Pagamento ed acquisto sicuro<\/h3>\n<p style=\"text-align: justify;\">I pagamenti su Meridio sono processati attraverso PayPal, senza alcun costo aggiuntivo per l&#8217;uso di carte. Pagando con carta di credito o ricaricabile, via PayPal, le condizioni di partenza si applicano non appena la transazione viene approvata. Usando la carta confermi che \u00e8 di tua propriet\u00e0 o di essere stato autorizzato dal proprietario a usarla.<\/p>\n<p style=\"text-align: justify;\">Tutti i possessori di carte sono soggetti a controlli di validit\u00e0 e autorizzazione da parte degli erogatori delle carte. Se l&#8217;erogatore nega l&#8217;autorizzazione al pagamento, Meridio Ltd non potr\u00e0 essere ritenuta responsabile per ritardi o mancata consegna.<\/p>\n<p style=\"text-align: justify;\">Le misure di sicurezza sono garantite da PayPal, potete verificare le informazioni sul sito del sistema paypal<\/p>\n<p style=\"text-align: justify;\">I prezzi dei beni validi sono quelli in vigore al momento in cui l&#8217;ordine \u00e8 confermato. I nostri prezzi possono cambiare in ogni momento ma i cambiamenti non influenzeranno l&#8217;ordine gi\u00e0 confermato. Questo comprende anche i tassi di cambio che sono stabiliti da noi e passibili di cambiamento senza alcuna comunicazione.<\/p>\n<p style=\"text-align: justify;\">\u00c8 responsabilit\u00e0 del cliente essere in regola con il proprio regime fiscale, questo include le tasse e l&#8217;iva eventualmente dovuti sui pacchi che arrivano. Meridio invia il pacco secondo i Termini del commercio internazionale in reso non sdoganato. Se incorrete in alcuni di questi addebiti aggiuntivi, sarete tenuti a versarli per ottenere lo sdoganamento. Contattate l&#8217;ufficio dei diritti del consumatore del vostro paese per maggiori informazioni.<\/p>\n<h3 style=\"text-align: justify;\">Conferma<\/h3>\n<p style=\"text-align: justify;\">Una volta ricevuto l&#8217;ordine invieremo una conferma all&#8217;indirizzo email indicato. Conservate l&#8217;email in modo da agevolare ogni contatto con il servizio clienti. La conferma dell&#8217;ordine (ricevuta) serve inoltre come garanzia e prova d&#8217;acquisto.<\/p>\n<h3 style=\"text-align: justify;\">Cancellazioni<\/h3>\n<p style=\"text-align: justify;\">Meridio \u00e8 responsabile se i prodotti sono danneggiati o persi durante il trasporto, ma \u00e8 necessario contattare il servizio clienti all&#8217;indirizzo <a href=\"mailto:customercare@meridioband.com\"><strong>customercare@meridioband.com<\/strong><\/a> entro 30 giorni dall&#8217;ordine. Se i beni sono persi o danneggiati nella spedizione a Meridio \u00e8 il cliente ad esserne responsabile.<\/p>\n<p style=\"text-align: justify;\">Non sono possibili cancellazioni di ordini gi\u00e0 spediti; in questo caso il cliente \u00e8 tenuto comunque a riceverlo. La cancellazione non \u00e8 valida fino a quando il cliente non riceve conferma via email da Meridio.Se i prodotti non sono disponibili, Meridio si riserva il diritto di cancellare qualsiasi ordine, se disponibile sar\u00e0 comunicata al cliente una sostituzione con un prodotto equivalente<\/p>\n<p style=\"text-align: justify;\">Se Meridio riceve un pacco perch\u00e9 questo non \u00e8 stato ritirato dall&#8217;ufficio postale (o equivalente ufficio di spedizione), ci riserviamo il diritto di ricaricare al cliente qualsiasi costo di spedizione e gestione dell&#8217;ordine. Sar\u00e0 inviata eventuale fattura il cui saldo deve avvenire entro 10 giorni.<\/p>\n<h2 style=\"text-align: justify;\">Reclami e Revoche<\/h2>\n<p style=\"text-align: justify;\">\u00c8 fondamentale che il cliente controlli i prodotti al momento della spedizione per aver modo di verificare che il prodotto corrisponda a quando ordinato e\/o non sia danneggiato. Se ricevi un oggetto danneggiato o non rispondente a quanto ordinato, sei pregato di contattarci entro 30 giorni. Qualsiasi reclamo dev&#8217;essere inoltrato al servizio clienti via email a <a href=\"mailto:customercare@meridioband.com\"><strong>customercare@meridioband.com<\/strong><\/a> o attraverso il modulo nella pagina <a href=\"http:\/\/www.meridioband.com\/it\/return\/\"><strong>Rimborsi<\/strong><\/a> del sito. Siete pregati di fornire il numero d&#8217;ordine e la ragione del reclamo e noi risponderemo prontamente con le istruzioni per la restituzione.<\/p>\n<p style=\"text-align: justify;\">Il pacco deve essere confezionato in modo da non rischiare danneggiamenti durante il trasporto. Il cliente ha diritto a un rimborso dei costi di spedizione se il prodotto ha difetti di manifattura che devono essere confermati da Meridio nella ricevuta di ritorno. Meridio ha il diritto di sostituire il prodotto danneggiato con uno dello stesso modello. Se il prodotto non \u00e8 pi\u00f9 disponibile, il cliente ricever\u00e0 un rimborso completo<\/p>\n<p style=\"text-align: justify;\">L&#8217;acquirente ha il diritto di cancellare l&#8217;ordine entro 30 giorni. Il diritto vale solo nel caso che il prodotto e la sua confezione originale siano restituiti nelle stesse condizioni in cui sono state ricevute. I clienti che vogliano richiedere una restituzione devono compilare il modulo di rimborso nell&#8217;apposita sezione del sito con il numero d&#8217;ordine e l&#8217;indirizzo email usato per l&#8217;ordine.<\/p>\n<p style=\"text-align: justify;\">Le spese di spedizione sono a carico del cliente.<\/p>\n<h3 style=\"text-align: justify;\">Limitazione di responsabilit\u00e0<\/h3>\n<p style=\"text-align: justify;\">Le responsabilit\u00e0 di Meridio per errori di consegna sono limitate a queste condizioni d&#8217;uso. Meridio non \u00e8 in alcun modo responsabile per incompatibilit\u00e0, ritardi nella consegna, perdita di dati, ferie, lavoro aggiuntivo o altri danneggiamenti economici.<\/p>\n<p style=\"text-align: justify;\">Meridio sar\u00e0 esente da responsabilit\u00e0 per danni o altre penalizzazioni sulla chiusura del contratto non dipendenti dal suo controllo. Inclusi, ma non limitati a, interventi governativi, modifica di leggi o nuove introduzioni, assenza dello Stato, guerra, incendio, alluvione, proibizionismo, restrizioni sabotaggio, mancanza di consegna dai responsabili e esposizione della compagnia ad attivit\u00e0 criminose che ne limitino l&#8217;attivit\u00e0.<\/p>\n<p style=\"text-align: justify;\">I nostri prodotti sono esclusivamente per uso domestico e privato. L&#8217;acquirente acconsente a non usarli per scopo commerciale o di rivendita e Meridio non ha alcuna responsabilit\u00e0 in caso di perdite di profitto, interruzione di affari o mancate opportunit\u00e0. Meridio non \u00e8 responsabile di presunti danni causati ad oggetti che non siano quelli venduti, fatta prova di inconfutabili prove dal vivo o tramite video, quali Apple watch, iPhone o altri dispositivi cui l&#8217;azienda fornisce accessori.<\/p>\n<h3 style=\"text-align: justify;\">Diritti di propriet\u00e0 intellettuali<\/h3>\n<p style=\"text-align: justify;\">Meridio detiene tutti i diritti sul design e sui contenuti del sito, che sono protetti da copyright e altri diritti intellettuali. Non siete autorizzati a copiare, riprodurre, modificare, distribuire, mostrare, postare o trasmettere alcuna parte di questo sito senza permesso. Tutti i marchi, nomi di prodotto, loghi o imprese menzionati sul sito sono di propriet\u00e0 dei loro detentori.<\/p>\n<h3 style=\"text-align: justify;\">Mantenimento della propriet\u00e0<\/h3>\n<p style=\"text-align: justify;\">Tutti i prodotti rimangono di propriet\u00e0 di Meridio fino a quando non \u00e8 stato portato a compimento il pagamento completo. L&#8217;azienda ha come riferimento di sede il seguente: UNIT 305-7,3\/F, LAFORD CENTRE, 838 LAI CHI KOK ROAD, CHEUNG SHA WAN, KOWLOON &#8211; HONG KONG.<\/p>\n<h3 style=\"text-align: justify;\">Applicazione<\/h3>\n<p style=\"text-align: justify;\">Queste condizioni d&#8217;uso sono disciplinate dalle leggi di Hong Kong. Entrambe le parti accettano la non esclusiva giurisdizione della corte di Hong Kong a patto che le giurisdizioni applicate non vadano in conflitto con essa.<\/p>\n<h3 style=\"text-align: justify;\">Concorsi e sconti<\/h3>\n<p style=\"text-align: justify;\">Non \u00e8 richiesto all&#8217;utente nessun acquisto per partecipare ai concorsi di Meridio. Ogni concorso ha specifiche linee guida e requisiti geografici o di et\u00e0. Saranno indicati un tempo di inizio o fine (riferiti al tempo medio di Greenwich) e non saranno accettati ingressi fuori dalle tempistiche indicate.<\/p>\n<p style=\"text-align: justify;\">I concorrenti possono partecipare pi\u00f9 di una volta a una singola competizione, ma non potranno vincere pi\u00f9 di un premio. Tutti i concorsi sono moderati e ogni commento offensivo sar\u00e0 cancellato e l&#8217;autore squalificato. Il numero di premi in palio sar\u00e0 chiaramente indicato all&#8217;interno delle linee guida.<\/p>\n<p style=\"text-align: justify;\">Il vincitore o i vincitori saranno selezionati in maniera casuale e informati via email o telefono. Avranno una settimana dalla fine del concorso per rispondere, in caso di mancata risposta sar\u00e0 selezionato un nuovo vincitore. I vincitori riceveranno i loro premi via posta entro 30 giorni dalla notifica tranne quando diversamente indicato. I premi non possono essere scambiati con denaro o altri prodotti alternativi. I premi sono soggetti a disponibilit\u00e0, non sono trasferibili e non sono previste alternative. In caso di circostanze impreviste, Meridio si riserva il diritto di sostituire i premi con altri di valore equivalente o maggiore. Meridio si riserva il diritto di modificare i termini di qualsiasi concorso in qualsiasi momento senza darne comunicazione.<\/p>\n<p style=\"text-align: justify;\">I partecipanti sono consapevoli che Facebook\/Instagram\/Pinterest\/YouTube non sono amministratori, responsabili n\u00e9 in alcun modo associati ai concorsi di Meridio a meno che non sia specificato diversamente. Qualsiasi reclamo, commento o domanda devono essere dirette a Meridio Ltd e non a Facebook\/Instagram\/Pinterest\/YouTube<\/p>\n<p style=\"text-align: justify;\">Talvolta possono essere presenti offerte o codici sconto. Ogni sconto ha specifici criteri geografici e d&#8217;et\u00e0. Saranno indicati un tempo di inizio o fine (riferiti al tempo medio di Greenwich) e non saranno previsti sconti al di fuori dalle tempistiche indicate. Sconti e offerte non sono cumulativi con altri sconti n\u00e9 con promozioni e non sono previste sostituzioni in denaro. Un utente pu\u00f2 usufruire dell&#8217;offerta una sola volta e se l&#8217;oggetto comprato a sconto viene restituito, l&#8217;acquirente ricever\u00e0 un rimborso pari al costo indicato nella ricevuta. Meridio si riserva il diritto di modificare qualsiasi offerta o sconto in qualsiasi momento e senza notifica.<\/p>\n<p>[\/vc_column_text][vc_column_text] [\/vc_column_text][\/vc_column][\/vc_row]<\/p>\n<p><\/p>","protected":false},"excerpt":{"rendered":"<p>[vc_row][vc_column][vc_column_text] Benvenuto su Meridio. Se prosegui nella navigazione e nell&#8217;utilizzo di questo sito, accetti e sei vincolato alle presenti condizioni d&#8217;uso. Queste, insieme alla privacy policy, regolano le relazioni tra l&#8217;utente e Meridio\u00a0Ltd, proprietaria del brand Meridio. Se non accetti, anche solo in parte, queste condizioni, sei pregato di abbandonare la navigazione.&#8221;Meridio&#8221;, &#8220;Meridio Ltd&#8221; o [&hellip;]<\/p>\n","protected":false},"author":1114,"featured_media":1627,"parent":0,"menu_order":0,"comment_status":"closed","ping_status":"closed","template":"","meta":[],"yoast_head":"<!-- This site is optimized with the Yoast SEO plugin v15.4 - https:\/\/yoast.com\/wordpress\/plugins\/seo\/ -->\n<title><\/title>\n<meta name=\"description\" content=\"[:en]These terms and conditions are specific when using our website and shopping with us online. If you continue to browse and use this website, you are agreeing to comply with and be bound by the following terms and conditions of use, which together with our privacy policy govern the relationship of Meridio, Meridio brand\u2019s owner, with you in relation to this website.[:]\" \/>\n<meta name=\"robots\" content=\"noindex, nofollow\" \/>\n<meta property=\"og:locale\" content=\"it_IT\" \/>\n<meta property=\"og:type\" content=\"article\" \/>\n<meta property=\"og:title\" content=\"[:en]Meridio | Support | Terms and conditions [:]\" \/>\n<meta property=\"og:description\" content=\"[:en]These terms and conditions are specific when using our website and shopping with us online. If you continue to browse and use this website, you are agreeing to comply with and be bound by the following terms and conditions of use, which together with our privacy policy govern the relationship of Meridio, Meridio brand\u2019s owner, with you in relation to this website.[:]\" \/>\n<meta property=\"og:url\" content=\"https:\/\/www.meridioband.com\/terms-of-condition\/\" \/>\n<meta property=\"og:site_name\" content=\"Meridio\" \/>\n<meta property=\"article:modified_time\" content=\"2021-06-14T16:34:40+00:00\" \/>\n<meta property=\"og:image\" content=\"https:\/\/www.meridioband.com\/wp-content\/uploads\/2015\/10\/FAQ.jpg\" \/>\n\t<meta property=\"og:image:width\" content=\"1600\" \/>\n\t<meta property=\"og:image:height\" content=\"800\" \/>\n<meta property=\"fb:app_id\" content=\"936312143118740\" \/>\n<meta name=\"twitter:card\" content=\"summary\" \/>\n<meta name=\"twitter:creator\" content=\"@meridioband\" \/>\n<meta name=\"twitter:site\" content=\"@meridioband\" \/>\n<meta name=\"twitter:label1\" content=\"Scritto da\">\n\t<meta name=\"twitter:data1\" content=\"Luigi Celeste\">\n\t<meta name=\"twitter:label2\" content=\"Tempo di lettura stimato\">\n\t<meta name=\"twitter:data2\" content=\"26 minuti\">\n<script type=\"application\/ld+json\" class=\"yoast-schema-graph\">{\"@context\":\"https:\/\/schema.org\",\"@graph\":[{\"@type\":\"Organization\",\"@id\":\"https:\/\/www.meridioband.com\/#organization\",\"name\":\"Meridio\",\"url\":\"https:\/\/www.meridioband.com\/\",\"sameAs\":[\"https:\/\/instagram.com\/meridioband\",\"https:\/\/it.pinterest.com\/meridioband\/\",\"https:\/\/twitter.com\/meridioband\"],\"logo\":{\"@type\":\"ImageObject\",\"@id\":\"https:\/\/www.meridioband.com\/#logo\",\"inLanguage\":\"it-IT\",\"url\":\"https:\/\/www.meridioband.com\/wp-content\/uploads\/2015\/09\/Meridio-black.png\",\"width\":591,\"height\":231,\"caption\":\"Meridio\"},\"image\":{\"@id\":\"https:\/\/www.meridioband.com\/#logo\"}},{\"@type\":\"WebSite\",\"@id\":\"https:\/\/www.meridioband.com\/#website\",\"url\":\"https:\/\/www.meridioband.com\/\",\"name\":\"Meridio\",\"description\":\"L&#039;alchimia del Patrimonio italiano nelle mani di preziosi artigiani capace di realizzare esclusivi prodotti di pelle lavorati a mano per il tuo Apple watch ed il tuo tempo libero\",\"publisher\":{\"@id\":\"https:\/\/www.meridioband.com\/#organization\"},\"potentialAction\":[{\"@type\":\"SearchAction\",\"target\":\"https:\/\/www.meridioband.com\/?s={search_term_string}\",\"query-input\":\"required name=search_term_string\"}],\"inLanguage\":\"it-IT\"},{\"@type\":\"ImageObject\",\"@id\":\"https:\/\/www.meridioband.com\/terms-of-condition\/#primaryimage\",\"inLanguage\":\"it-IT\",\"url\":\"https:\/\/www.meridioband.com\/wp-content\/uploads\/2015\/10\/FAQ.jpg\",\"width\":1600,\"height\":800,\"caption\":\"Meridio Apple watch band\"},{\"@type\":\"WebPage\",\"@id\":\"https:\/\/www.meridioband.com\/terms-of-condition\/#webpage\",\"url\":\"https:\/\/www.meridioband.com\/terms-of-condition\/\",\"name\":\"[:en]Meridio | Support | Terms and conditions [:]\",\"isPartOf\":{\"@id\":\"https:\/\/www.meridioband.com\/#website\"},\"primaryImageOfPage\":{\"@id\":\"https:\/\/www.meridioband.com\/terms-of-condition\/#primaryimage\"},\"datePublished\":\"2015-10-21T10:55:16+00:00\",\"dateModified\":\"2021-06-14T16:34:40+00:00\",\"description\":\"[:en]These terms and conditions are specific when using our website and shopping with us online. If you continue to browse and use this website, you are agreeing to comply with and be bound by the following terms and conditions of use, which together with our privacy policy govern the relationship of Meridio, Meridio brand\\u2019s owner, with you in relation to this website.[:]\",\"breadcrumb\":{\"@id\":\"https:\/\/www.meridioband.com\/terms-of-condition\/#breadcrumb\"},\"inLanguage\":\"it-IT\",\"potentialAction\":[{\"@type\":\"ReadAction\",\"target\":[\"https:\/\/www.meridioband.com\/terms-of-condition\/\"]}]},{\"@type\":\"BreadcrumbList\",\"@id\":\"https:\/\/www.meridioband.com\/terms-of-condition\/#breadcrumb\",\"itemListElement\":[{\"@type\":\"ListItem\",\"position\":1,\"item\":{\"@type\":\"WebPage\",\"@id\":\"https:\/\/www.meridioband.com\/\",\"url\":\"https:\/\/www.meridioband.com\/\",\"name\":\"Home\"}},{\"@type\":\"ListItem\",\"position\":2,\"item\":{\"@type\":\"WebPage\",\"@id\":\"https:\/\/www.meridioband.com\/terms-of-condition\/\",\"url\":\"https:\/\/www.meridioband.com\/terms-of-condition\/\",\"name\":\"Terms and Conditions\"}}]}]}<\/script>\n<!-- \/ Yoast SEO plugin. -->","_links":{"self":[{"href":"https:\/\/www.meridioband.com\/it\/wp-json\/wp\/v2\/pages\/605"}],"collection":[{"href":"https:\/\/www.meridioband.com\/it\/wp-json\/wp\/v2\/pages"}],"about":[{"href":"https:\/\/www.meridioband.com\/it\/wp-json\/wp\/v2\/types\/page"}],"author":[{"embeddable":true,"href":"https:\/\/www.meridioband.com\/it\/wp-json\/wp\/v2\/users\/1114"}],"replies":[{"embeddable":true,"href":"https:\/\/www.meridioband.com\/it\/wp-json\/wp\/v2\/comments?post=605"}],"version-history":[{"count":75,"href":"https:\/\/www.meridioband.com\/it\/wp-json\/wp\/v2\/pages\/605\/revisions"}],"predecessor-version":[{"id":102855,"href":"https:\/\/www.meridioband.com\/it\/wp-json\/wp\/v2\/pages\/605\/revisions\/102855"}],"wp:featuredmedia":[{"embeddable":true,"href":"https:\/\/www.meridioband.com\/it\/wp-json\/wp\/v2\/media\/1627"}],"wp:attachment":[{"href":"https:\/\/www.meridioband.com\/it\/wp-json\/wp\/v2\/media?parent=605"}],"curies":[{"name":"wp","href":"https:\/\/api.w.org\/{rel}","templated":true}]}}