{"id":758,"date":"2015-11-23T13:06:12","date_gmt":"2015-11-23T12:06:12","guid":{"rendered":"http:\/\/www.meridioband.com\/?page_id=758"},"modified":"2021-07-02T16:24:57","modified_gmt":"2021-07-02T14:24:57","slug":"materials","status":"publish","type":"page","link":"https:\/\/www.meridioband.com\/it\/materials\/","title":{"rendered":"Qualit\u00e0 che esalta l&#8217;individuo"},"content":{"rendered":"<p><\/p>\n<p>[vc_row][vc_column][vc_column_text]<\/p>\n<p style=\"text-align: justify;\">Interamente fatti in Italia, Meridio divide i prodotti in 3 categorie principali a seconda del materiale con cui vengono fatti: Eco-Friendly, Pelle e Sportivi.<\/p>\n<h3 style=\"text-align: justify;\">Eco-Friendly<\/h3>\n<p style=\"text-align: justify;\">Meridio sta investendo in un approccio pi\u00f9 sostenibile con lo scopo di regalare ulteriori alternative al classico cinturino in pelle tipico del brand. Ispirato dalla collaborazione con #tide per la collezione omonima di cinturini per Apple Watch ottenuti dalla plastica riciclata nei fondali marini, Meridio ha deciso di procedere verso una direzione pi\u00f9 attenta all\u2019ambiente, lanciando prima la collezione Apple Skin, in pelle vegana ottenuta dalla buccia di mela, ed in seguito la collezione REcycle, fatta in cotone riciclato.<\/p>\n<h3 style=\"text-align: justify;\">Pelle<\/h3>\n<p style=\"text-align: justify;\">Le collezioni Ancient, Bullet Proof, Galuchat, Urban, Vintage, Heritage, Clay, Nappa e Suede di Meridio sono fatte con pelli italiane di alta qualit\u00e0, attentamente selezionate e lavorate da artigiani professionisti per garantire una qualit\u00e0 eccellente al prodotto.<\/p>\n<p style=\"text-align: justify;\">Sono 10 i tipi di pelle scelta, dalla pi\u00f9 morbida a quella pi\u00f9 robusta, per dare unicit\u00e0 e originalit\u00e0 ai cinturini di tutti i giorni.<\/p>\n<h3 style=\"text-align: justify;\">Sportivi<\/h3>\n<p style=\"text-align: justify;\">Disegnata per soddisfare chi vive una vita pi\u00f9 sportiva e movimentata, le collezioni Caoutchouc e #tide vantano di grande resistenza e sono resistenti all\u2019acqua. Mentre i cinturini in Caoutchouc (caucci\u00f9) sono ricoperti di poliestere, quelli #tide sono ottenuti dalla plastica di scarto trovata negli oceani: entrambe le opzioni sono perfette per chi si allena all\u2019aperto ed \u00e8 fan del mondo acquatico.<\/p>\n<p style=\"text-align: justify;\">Unicit\u00e0, modernit\u00e0, comodit\u00e0 e praticit\u00e0: i cinturini Meridio sono prodotti seguendo tutte le normative internazionali riguardo la protezione degli animali e la salvaguardia della flora e fauna in via d\u2019estinzione (CITES).<\/p>\n<p>[\/vc_column_text][\/vc_column][\/vc_row][vc_row][vc_column][vc_column_text]<\/p>\n<p>[\/vc_column_text][\/vc_column][\/vc_row][vc_row][vc_column][vc_column_text] [\/vc_column_text][\/vc_column][\/vc_row][vc_row][vc_column][vc_column_text] [\/vc_column_text][\/vc_column][\/vc_row][vc_row][vc_column][vc_column_text] [\/vc_column_text][\/vc_column][\/vc_row][vc_row][vc_column][vc_column_text][\/vc_column_text][\/vc_column][\/vc_row][vc_row][vc_column]<aside class=\"gap cf\" style=\"height:60px;\"><\/aside>[\/vc_column][\/vc_row]<\/p>\n<p><\/p>","protected":false},"excerpt":{"rendered":"<p>[vc_row][vc_column][vc_column_text] Interamente fatti in Italia, Meridio divide i prodotti in 3 categorie principali a seconda del materiale con cui vengono fatti: Eco-Friendly, Pelle e Sportivi. Eco-Friendly Meridio sta investendo in un approccio pi\u00f9 sostenibile con lo scopo di regalare ulteriori alternative al classico cinturino in pelle tipico del brand. Ispirato dalla collaborazione con #tide per [&hellip;]<\/p>\n","protected":false},"author":1114,"featured_media":0,"parent":0,"menu_order":0,"comment_status":"closed","ping_status":"closed","template":"","meta":[],"yoast_head":"<!-- This site is optimized with the Yoast SEO plugin v15.4 - https:\/\/yoast.com\/wordpress\/plugins\/seo\/ -->\n<title>Pelle elegante per cinturini di design Made in Italy | Meridio<\/title>\n<meta name=\"description\" content=\"[:en]The self-expression through technology accessories, be it for the Apple Watches, Smart Watches, iPhones or Air Pods, stands at the core of the Meridio\u2019s principles. Starting from the leather choice and continuing with the arrangement of the delivery, we aim for supreme quality while delivering the best of heritage from the top Italian artisans in the field. Check out on who we are, how we work and the materials we use. [:it]Meridio, le pelli pi\u00f9 eleganti per cinturini Apple Watch. Vintage, pitone, alligatore, cavallino e altre pelli preziose lavorate artigianalmente in Italia[:]\" \/>\n<meta name=\"robots\" content=\"index, follow, max-snippet:-1, max-image-preview:large, max-video-preview:-1\" \/>\n<link rel=\"canonical\" href=\"https:\/\/www.meridioband.com\/materials\/\" \/>\n<meta property=\"og:locale\" content=\"it_IT\" \/>\n<meta property=\"og:type\" content=\"article\" \/>\n<meta property=\"og:title\" content=\"[:en]Meridio | Italian Heritage and Innovation | About Us [:it]Pelle elegante per cinturini di design Made in Italy | Meridio[:]\" \/>\n<meta property=\"og:description\" content=\"[:en]The self-expression through technology accessories, be it for the Apple Watches, Smart Watches, iPhones or Air Pods, stands at the core of the Meridio\u2019s principles. Starting from the leather choice and continuing with the arrangement of the delivery, we aim for supreme quality while delivering the best of heritage from the top Italian artisans in the field. Check out on who we are, how we work and the materials we use. [:it]Meridio, le pelli pi\u00f9 eleganti per cinturini Apple Watch. Vintage, pitone, alligatore, cavallino e altre pelli preziose lavorate artigianalmente in Italia[:]\" \/>\n<meta property=\"og:url\" content=\"https:\/\/www.meridioband.com\/materials\/\" \/>\n<meta property=\"og:site_name\" content=\"Meridio\" \/>\n<meta property=\"article:modified_time\" content=\"2021-07-02T14:24:57+00:00\" \/>\n<meta property=\"og:image\" content=\"https:\/\/www.meridioband.com\/wp-content\/uploads\/2015\/09\/Banner_new.jpg\" \/>\n\t<meta property=\"og:image:width\" content=\"4032\" \/>\n\t<meta property=\"og:image:height\" content=\"2306\" \/>\n<meta property=\"fb:app_id\" content=\"936312143118740\" \/>\n<meta name=\"twitter:card\" content=\"summary\" \/>\n<meta name=\"twitter:creator\" content=\"@meridioband\" \/>\n<meta name=\"twitter:site\" content=\"@meridioband\" \/>\n<meta name=\"twitter:label1\" content=\"Scritto da\">\n\t<meta name=\"twitter:data1\" content=\"Luigi Celeste\">\n\t<meta name=\"twitter:label2\" content=\"Tempo di lettura stimato\">\n\t<meta name=\"twitter:data2\" content=\"4 minuti\">\n<script type=\"application\/ld+json\" class=\"yoast-schema-graph\">{\"@context\":\"https:\/\/schema.org\",\"@graph\":[{\"@type\":\"Organization\",\"@id\":\"https:\/\/www.meridioband.com\/#organization\",\"name\":\"Meridio\",\"url\":\"https:\/\/www.meridioband.com\/\",\"sameAs\":[\"https:\/\/instagram.com\/meridioband\",\"https:\/\/it.pinterest.com\/meridioband\/\",\"https:\/\/twitter.com\/meridioband\"],\"logo\":{\"@type\":\"ImageObject\",\"@id\":\"https:\/\/www.meridioband.com\/#logo\",\"inLanguage\":\"it-IT\",\"url\":\"https:\/\/www.meridioband.com\/wp-content\/uploads\/2015\/09\/Meridio-black.png\",\"width\":591,\"height\":231,\"caption\":\"Meridio\"},\"image\":{\"@id\":\"https:\/\/www.meridioband.com\/#logo\"}},{\"@type\":\"WebSite\",\"@id\":\"https:\/\/www.meridioband.com\/#website\",\"url\":\"https:\/\/www.meridioband.com\/\",\"name\":\"Meridio\",\"description\":\"L&#039;alchimia del Patrimonio italiano nelle mani di preziosi artigiani capace di realizzare esclusivi prodotti di pelle lavorati a mano per il tuo Apple watch ed il tuo tempo libero\",\"publisher\":{\"@id\":\"https:\/\/www.meridioband.com\/#organization\"},\"potentialAction\":[{\"@type\":\"SearchAction\",\"target\":\"https:\/\/www.meridioband.com\/?s={search_term_string}\",\"query-input\":\"required name=search_term_string\"}],\"inLanguage\":\"it-IT\"},{\"@type\":\"WebPage\",\"@id\":\"https:\/\/www.meridioband.com\/materials\/#webpage\",\"url\":\"https:\/\/www.meridioband.com\/materials\/\",\"name\":\"[:en]Meridio | Italian Heritage and Innovation | About Us [:it]Pelle elegante per cinturini di design Made in Italy | Meridio[:]\",\"isPartOf\":{\"@id\":\"https:\/\/www.meridioband.com\/#website\"},\"datePublished\":\"2015-11-23T12:06:12+00:00\",\"dateModified\":\"2021-07-02T14:24:57+00:00\",\"description\":\"[:en]The self-expression through technology accessories, be it for the Apple Watches, Smart Watches, iPhones or Air Pods, stands at the core of the Meridio\\u2019s principles. Starting from the leather choice and continuing with the arrangement of the delivery, we aim for supreme quality while delivering the best of heritage from the top Italian artisans in the field. Check out on who we are, how we work and the materials we use. [:it]Meridio, le pelli pi\\u00f9 eleganti per cinturini Apple Watch. Vintage, pitone, alligatore, cavallino e altre pelli preziose lavorate artigianalmente in Italia[:]\",\"breadcrumb\":{\"@id\":\"https:\/\/www.meridioband.com\/materials\/#breadcrumb\"},\"inLanguage\":\"it-IT\",\"potentialAction\":[{\"@type\":\"ReadAction\",\"target\":[\"https:\/\/www.meridioband.com\/materials\/\"]}]},{\"@type\":\"BreadcrumbList\",\"@id\":\"https:\/\/www.meridioband.com\/materials\/#breadcrumb\",\"itemListElement\":[{\"@type\":\"ListItem\",\"position\":1,\"item\":{\"@type\":\"WebPage\",\"@id\":\"https:\/\/www.meridioband.com\/\",\"url\":\"https:\/\/www.meridioband.com\/\",\"name\":\"Home\"}},{\"@type\":\"ListItem\",\"position\":2,\"item\":{\"@type\":\"WebPage\",\"@id\":\"https:\/\/www.meridioband.com\/materials\/\",\"url\":\"https:\/\/www.meridioband.com\/materials\/\",\"name\":\"Quality that enhances the individual\"}}]}]}<\/script>\n<!-- \/ Yoast SEO plugin. -->","_links":{"self":[{"href":"https:\/\/www.meridioband.com\/it\/wp-json\/wp\/v2\/pages\/758"}],"collection":[{"href":"https:\/\/www.meridioband.com\/it\/wp-json\/wp\/v2\/pages"}],"about":[{"href":"https:\/\/www.meridioband.com\/it\/wp-json\/wp\/v2\/types\/page"}],"author":[{"embeddable":true,"href":"https:\/\/www.meridioband.com\/it\/wp-json\/wp\/v2\/users\/1114"}],"replies":[{"embeddable":true,"href":"https:\/\/www.meridioband.com\/it\/wp-json\/wp\/v2\/comments?post=758"}],"version-history":[{"count":57,"href":"https:\/\/www.meridioband.com\/it\/wp-json\/wp\/v2\/pages\/758\/revisions"}],"predecessor-version":[{"id":103049,"href":"https:\/\/www.meridioband.com\/it\/wp-json\/wp\/v2\/pages\/758\/revisions\/103049"}],"wp:attachment":[{"href":"https:\/\/www.meridioband.com\/it\/wp-json\/wp\/v2\/media?parent=758"}],"curies":[{"name":"wp","href":"https:\/\/api.w.org\/{rel}","templated":true}]}}