{"id":805,"date":"2015-12-16T00:20:20","date_gmt":"2015-12-15T23:20:20","guid":{"rendered":"http:\/\/www.meridioband.com\/?page_id=805"},"modified":"2022-12-27T15:32:01","modified_gmt":"2022-12-27T14:32:01","slug":"return","status":"publish","type":"page","link":"https:\/\/www.meridioband.com\/it\/return\/","title":{"rendered":"Restituzione"},"content":{"rendered":"<p><\/p>\n<p>[vc_row][vc_column][vc_column_text]<\/p>\n<ol>\n<li style=\"text-align: center;\">Come restituire il tuo\u00a0cinturino Meridio<\/li>\n<\/ol>\n<p style=\"text-align: justify;\">Avete diritto a restituire il cinturino o cover (da ora chiamato prodotto)\u00a0<strong>entro 30 giorni dalla data di consegna<\/strong>. Al momento della ricezione del prodotto vi consigliamo di verificare con attenzione la sua integrit\u00e0 e la compatibilit\u00e0 con quanto ordinato. La restituzione \u00e8 soggetta \u00a0particolari vincoli che leggerete nel seguito e, consta delle seguenti fasi:<\/p>\n<ol style=\"text-align: justify;\">\n<li>Compilate il modulo in pdf scaricabile in questa pagina\u00a0spiegando che avete intenzione di riconsegnare il prodotto e, se volete, perch\u00e9.<\/li>\n<li>Attendete la risposta del nostro centro clienti con le istruzioni per la riconsegna.<\/li>\n<li>Inviate il pacco imballato e nelle stesse condizioni in cui l\u2019avete ricevuto.<\/li>\n<li>Valutate un\u2019eventuale assicurazione sulla spedizione, in quanto sia i costi che i rischi connessi al trasporto sono a vostro carico.<\/li>\n<\/ol>\n<p style=\"text-align: justify;\">Il rimborso sar\u00e0 totale in presenza di difettosit\u00e0 del materiale documentata a mezzo foto e\/o video a inviare via email.<\/p>\n<p>Il rimborso sar\u00e0 parziale , ovvero verr\u00e0 trattenuto il costo originale della spedizione (10 euro) e la restituzione \u00e8 a carico del cliente quando il reclamo verte sulle dimensioni del cinturino non ritenute adatte al proprio polso ( i cinturini sono venduti in un unica dimensione riportata nella scheda prodotto).<\/p>\n<p>Non si accettano resi perch\u00e9 il colore degli adattatori \u00e8 leggermente diverso, in tonalit\u00e0 o brillantezza, rispetto alla cassa del watch.<\/p>\n<p>Ci\u00f2 per due ragioni, ovvero \u00a0anche Apple offre i suoi cinturini con finiture che non combaciano con la colorazione del materiale del quadrante e, ancora pi\u00f9 significativo, il fatto che la natura delle nostre finiture (acciaio 316 L) e&#8217; diversa da quella con cui si realizzano le casse di alcune tipologie di modelli ( alluminio). Sottoponiamo i nostri adattatori ad un processo di colorazione tramite \u00a0PVD ( processo di vaporizzazione) ma il risultato finale non risulta mai identico al colore di alcune casse di Apple watch.<\/p>\n<p>I cinturini sui quali \u00e8 applicata un\u2019incisione non posso essere resi in quanto gli stessi sarebbero inutilizzabili in quanto personalizzati in precedenza ma , accertata la responsabilit\u00e0 di Meridio nella sua fornitura, l\u2019azienda stessa si far\u00e0 carico di fornire al cliente un nuovo modello senza costi aggiuntivi.<\/p>\n<p>[\/vc_column_text]<aside class=\"gap cf\" style=\"height:50px;\"><\/aside>[vc_btn title=&#8221;Scarica Modulo Rimborsi&#8221; style=&#8221;flat&#8221; shape=&#8221;square&#8221; color=&#8221;black&#8221; align=&#8221;center&#8221; link=&#8221;url:https%3A%2F%2Fwww.meridioband.com%2Fwp-content%2Fuploads%2F2022%2F02%2FRETURN-FORM.docx.pdf||target:%20_blank|&#8221;][\/vc_column][\/vc_row]<\/p>\n<p><\/p>","protected":false},"excerpt":{"rendered":"<p>[vc_row][vc_column][vc_column_text] Come restituire il tuo\u00a0cinturino Meridio Avete diritto a restituire il cinturino o cover (da ora chiamato prodotto)\u00a0entro 30 giorni dalla data di consegna. Al momento della ricezione del prodotto vi consigliamo di verificare con attenzione la sua integrit\u00e0 e la compatibilit\u00e0 con quanto ordinato. La restituzione \u00e8 soggetta \u00a0particolari vincoli che leggerete nel seguito [&hellip;]<\/p>\n","protected":false},"author":1114,"featured_media":0,"parent":0,"menu_order":0,"comment_status":"closed","ping_status":"closed","template":"","meta":[],"yoast_head":"<!-- This site is optimized with the Yoast SEO plugin v15.4 - https:\/\/yoast.com\/wordpress\/plugins\/seo\/ -->\n<title>Restituzione del cinturino Apple Watch degli accessori | Meridio<\/title>\n<meta name=\"description\" content=\"[:en]You are provided with the right to return the Meridio products within the 30 days of the delivery date. Learn more on the eligibility of the return and other details. The shipping is offered based on the destination, management and time &amp; costs always providing the best of the experience related to the matter.[:it]Hai il diritto di restituire la merce entro 30 giorni dalla data di consegna. Segui la procedure per ottenere il rimborso.[:]\" \/>\n<meta name=\"robots\" content=\"index, follow, max-snippet:-1, max-image-preview:large, max-video-preview:-1\" \/>\n<link rel=\"canonical\" href=\"https:\/\/www.meridioband.com\/return\/\" \/>\n<meta property=\"og:locale\" content=\"it_IT\" \/>\n<meta property=\"og:type\" content=\"article\" \/>\n<meta property=\"og:title\" content=\"[:en]Meridio | Support | Return[:it]Restituzione del cinturino Apple Watch degli accessori | Meridio[:]\" \/>\n<meta property=\"og:description\" content=\"[:en]You are provided with the right to return the Meridio products within the 30 days of the delivery date. Learn more on the eligibility of the return and other details. The shipping is offered based on the destination, management and time &amp; costs always providing the best of the experience related to the matter.[:it]Hai il diritto di restituire la merce entro 30 giorni dalla data di consegna. Segui la procedure per ottenere il rimborso.[:]\" \/>\n<meta property=\"og:url\" content=\"https:\/\/www.meridioband.com\/return\/\" \/>\n<meta property=\"og:site_name\" content=\"Meridio\" \/>\n<meta property=\"article:modified_time\" content=\"2022-12-27T14:32:01+00:00\" \/>\n<meta property=\"og:image\" content=\"https:\/\/www.meridioband.com\/wp-content\/uploads\/2015\/09\/Banner_new.jpg\" \/>\n\t<meta property=\"og:image:width\" content=\"4032\" \/>\n\t<meta property=\"og:image:height\" content=\"2306\" \/>\n<meta property=\"fb:app_id\" content=\"936312143118740\" \/>\n<meta name=\"twitter:card\" content=\"summary\" \/>\n<meta name=\"twitter:creator\" content=\"@meridioband\" \/>\n<meta name=\"twitter:site\" content=\"@meridioband\" \/>\n<meta name=\"twitter:label1\" content=\"Scritto da\">\n\t<meta name=\"twitter:data1\" content=\"Luigi Celeste\">\n\t<meta name=\"twitter:label2\" content=\"Tempo di lettura stimato\">\n\t<meta name=\"twitter:data2\" content=\"4 minuti\">\n<script type=\"application\/ld+json\" class=\"yoast-schema-graph\">{\"@context\":\"https:\/\/schema.org\",\"@graph\":[{\"@type\":\"Organization\",\"@id\":\"https:\/\/www.meridioband.com\/#organization\",\"name\":\"Meridio\",\"url\":\"https:\/\/www.meridioband.com\/\",\"sameAs\":[\"https:\/\/instagram.com\/meridioband\",\"https:\/\/it.pinterest.com\/meridioband\/\",\"https:\/\/twitter.com\/meridioband\"],\"logo\":{\"@type\":\"ImageObject\",\"@id\":\"https:\/\/www.meridioband.com\/#logo\",\"inLanguage\":\"it-IT\",\"url\":\"https:\/\/www.meridioband.com\/wp-content\/uploads\/2015\/09\/Meridio-black.png\",\"width\":591,\"height\":231,\"caption\":\"Meridio\"},\"image\":{\"@id\":\"https:\/\/www.meridioband.com\/#logo\"}},{\"@type\":\"WebSite\",\"@id\":\"https:\/\/www.meridioband.com\/#website\",\"url\":\"https:\/\/www.meridioband.com\/\",\"name\":\"Meridio\",\"description\":\"L&#039;alchimia del Patrimonio italiano nelle mani di preziosi artigiani capace di realizzare esclusivi prodotti di pelle lavorati a mano per il tuo Apple watch ed il tuo tempo libero\",\"publisher\":{\"@id\":\"https:\/\/www.meridioband.com\/#organization\"},\"potentialAction\":[{\"@type\":\"SearchAction\",\"target\":\"https:\/\/www.meridioband.com\/?s={search_term_string}\",\"query-input\":\"required name=search_term_string\"}],\"inLanguage\":\"it-IT\"},{\"@type\":\"WebPage\",\"@id\":\"https:\/\/www.meridioband.com\/return\/#webpage\",\"url\":\"https:\/\/www.meridioband.com\/return\/\",\"name\":\"[:en]Meridio | Support | Return[:it]Restituzione del cinturino Apple Watch degli accessori | Meridio[:]\",\"isPartOf\":{\"@id\":\"https:\/\/www.meridioband.com\/#website\"},\"datePublished\":\"2015-12-15T23:20:20+00:00\",\"dateModified\":\"2022-12-27T14:32:01+00:00\",\"description\":\"[:en]You are provided with the right to return the Meridio products within the 30 days of the delivery date. Learn more on the eligibility of the return and other details. The shipping is offered based on the destination, management and time & costs always providing the best of the experience related to the matter.[:it]Hai il diritto di restituire la merce entro 30 giorni dalla data di consegna. Segui la procedure per ottenere il rimborso.[:]\",\"breadcrumb\":{\"@id\":\"https:\/\/www.meridioband.com\/return\/#breadcrumb\"},\"inLanguage\":\"it-IT\",\"potentialAction\":[{\"@type\":\"ReadAction\",\"target\":[\"https:\/\/www.meridioband.com\/return\/\"]}]},{\"@type\":\"BreadcrumbList\",\"@id\":\"https:\/\/www.meridioband.com\/return\/#breadcrumb\",\"itemListElement\":[{\"@type\":\"ListItem\",\"position\":1,\"item\":{\"@type\":\"WebPage\",\"@id\":\"https:\/\/www.meridioband.com\/\",\"url\":\"https:\/\/www.meridioband.com\/\",\"name\":\"Home\"}},{\"@type\":\"ListItem\",\"position\":2,\"item\":{\"@type\":\"WebPage\",\"@id\":\"https:\/\/www.meridioband.com\/return\/\",\"url\":\"https:\/\/www.meridioband.com\/return\/\",\"name\":\"Return\"}}]}]}<\/script>\n<!-- \/ Yoast SEO plugin. -->","_links":{"self":[{"href":"https:\/\/www.meridioband.com\/it\/wp-json\/wp\/v2\/pages\/805"}],"collection":[{"href":"https:\/\/www.meridioband.com\/it\/wp-json\/wp\/v2\/pages"}],"about":[{"href":"https:\/\/www.meridioband.com\/it\/wp-json\/wp\/v2\/types\/page"}],"author":[{"embeddable":true,"href":"https:\/\/www.meridioband.com\/it\/wp-json\/wp\/v2\/users\/1114"}],"replies":[{"embeddable":true,"href":"https:\/\/www.meridioband.com\/it\/wp-json\/wp\/v2\/comments?post=805"}],"version-history":[{"count":66,"href":"https:\/\/www.meridioband.com\/it\/wp-json\/wp\/v2\/pages\/805\/revisions"}],"predecessor-version":[{"id":106648,"href":"https:\/\/www.meridioband.com\/it\/wp-json\/wp\/v2\/pages\/805\/revisions\/106648"}],"wp:attachment":[{"href":"https:\/\/www.meridioband.com\/it\/wp-json\/wp\/v2\/media?parent=805"}],"curies":[{"name":"wp","href":"https:\/\/api.w.org\/{rel}","templated":true}]}}