{"id":100886,"date":"2020-12-04T15:59:02","date_gmt":"2020-12-04T14:59:02","guid":{"rendered":"https:\/\/www.meridioband.com\/?post_type=product&#038;p=100886"},"modified":"2024-09-08T00:44:17","modified_gmt":"2024-09-07T22:44:17","slug":"amazonian-wax-leather-care","status":"publish","type":"product","link":"https:\/\/www.meridioband.com\/it\/shop\/amazonian-wax-leather-care\/","title":{"rendered":"Amazonian Cera Pelle"},"content":{"rendered":"","protected":false},"excerpt":{"rendered":"<p>Per celebrare il nostro amore verso i nostri accessori in pelle abbiamo realizzato un prodotto che lo conservi meglio nel tempo. Questa cera \u00e8 stata sviluppata come un cosmetico ecologicamente sostenibile e naturale in grado di idratare la pelle o la gomma naturale, altro materiale utilizzato per creare i nostri cinturini. \u00c8 ideale anche per altri accessori. Il prodotto \u00e8 stato approvato dal WWF, \u00e8 ipo allergico, non realizzato attraverso l&#8217;uccisione di animali e non deriva dal petrolio. Contiene oli di vitamina E, copaiba e andiroba, sostanze prodotte dalle comunit\u00e0 locali nella foresta pluviale amazzonica e, hanno propriet\u00e0 antibatteriche naturali che aiutano a preservarlo. Il profumo di noce del Brasile offre un&#8217;esperienza davvero deliziosa. La durata del prodotto \u00e8 di 2 anni<\/p>\n","protected":false},"featured_media":100893,"template":"","meta":[],"yoast_head":"<!-- This site is optimized with the Yoast SEO plugin v15.4 - https:\/\/yoast.com\/wordpress\/plugins\/seo\/ -->\n<title><\/title>\n<meta name=\"description\" content=\"[:en]To celebrate Meridio\u2019s love for the good leather we provide our customers with the wax, necessary for the leather maintenance. The Amazonian Wax, made from bee honey wax, was developed as an environmentally sustainable and natural cosmetic able to moisturize leather or natural rubber, another material used to create our bands. It is ideal to be used as well for other accessories exposed too much to the skin. The product has been approved by WWF, it is hypoallergic, it is animal cruelty free and it does not derive from petrol. [:]\" \/>\n<meta name=\"robots\" content=\"index, follow, max-snippet:-1, max-image-preview:large, max-video-preview:-1\" \/>\n<link rel=\"canonical\" href=\"https:\/\/www.meridioband.com\/shop\/amazonian-wax-leather-care\/\" \/>\n<meta property=\"og:locale\" content=\"it_IT\" \/>\n<meta property=\"og:type\" content=\"article\" \/>\n<meta property=\"og:title\" content=\"[:en]MERIDIO | LEATHER CARE | AMAZONIAN WAX[:]\" \/>\n<meta property=\"og:description\" content=\"[:en]To celebrate Meridio\u2019s love for the good leather we provide our customers with the wax, necessary for the leather maintenance. The Amazonian Wax, made from bee honey wax, was developed as an environmentally sustainable and natural cosmetic able to moisturize leather or natural rubber, another material used to create our bands. It is ideal to be used as well for other accessories exposed too much to the skin. The product has been approved by WWF, it is hypoallergic, it is animal cruelty free and it does not derive from petrol. [:]\" \/>\n<meta property=\"og:url\" content=\"https:\/\/www.meridioband.com\/shop\/amazonian-wax-leather-care\/\" \/>\n<meta property=\"og:site_name\" content=\"Meridio\" \/>\n<meta property=\"article:modified_time\" content=\"2024-09-07T22:44:17+00:00\" \/>\n<meta property=\"og:image\" content=\"https:\/\/www.meridioband.com\/wp-content\/uploads\/2020\/12\/Amazonian_wax_leather_care_on_red_background.jpg\" \/>\n\t<meta property=\"og:image:width\" content=\"1400\" \/>\n\t<meta property=\"og:image:height\" content=\"1200\" \/>\n<meta property=\"fb:app_id\" content=\"936312143118740\" \/>\n<meta name=\"twitter:card\" content=\"summary\" \/>\n<meta name=\"twitter:creator\" content=\"@meridioband\" \/>\n<meta name=\"twitter:site\" content=\"@meridioband\" \/>\n<meta name=\"twitter:label1\" content=\"Scritto da\">\n\t<meta name=\"twitter:data1\" content=\"Luigi Celeste\">\n<script type=\"application\/ld+json\" class=\"yoast-schema-graph\">{\"@context\":\"https:\/\/schema.org\",\"@graph\":[{\"@type\":\"Organization\",\"@id\":\"https:\/\/www.meridioband.com\/#organization\",\"name\":\"Meridio\",\"url\":\"https:\/\/www.meridioband.com\/\",\"sameAs\":[\"https:\/\/instagram.com\/meridioband\",\"https:\/\/it.pinterest.com\/meridioband\/\",\"https:\/\/twitter.com\/meridioband\"],\"logo\":{\"@type\":\"ImageObject\",\"@id\":\"https:\/\/www.meridioband.com\/#logo\",\"inLanguage\":\"it-IT\",\"url\":\"https:\/\/www.meridioband.com\/wp-content\/uploads\/2015\/09\/Meridio-black.png\",\"width\":591,\"height\":231,\"caption\":\"Meridio\"},\"image\":{\"@id\":\"https:\/\/www.meridioband.com\/#logo\"}},{\"@type\":\"WebSite\",\"@id\":\"https:\/\/www.meridioband.com\/#website\",\"url\":\"https:\/\/www.meridioband.com\/\",\"name\":\"Meridio\",\"description\":\"L&#039;alchimia del Patrimonio italiano nelle mani di preziosi artigiani capace di realizzare esclusivi prodotti di pelle lavorati a mano per il tuo Apple watch ed il tuo tempo libero\",\"publisher\":{\"@id\":\"https:\/\/www.meridioband.com\/#organization\"},\"potentialAction\":[{\"@type\":\"SearchAction\",\"target\":\"https:\/\/www.meridioband.com\/?s={search_term_string}\",\"query-input\":\"required name=search_term_string\"}],\"inLanguage\":\"it-IT\"},{\"@type\":\"ImageObject\",\"@id\":\"https:\/\/www.meridioband.com\/shop\/amazonian-wax-leather-care\/#primaryimage\",\"inLanguage\":\"it-IT\",\"url\":\"https:\/\/www.meridioband.com\/wp-content\/uploads\/2020\/12\/Amazonian_wax_leather_care_on_red_background.jpg\",\"width\":1400,\"height\":1200,\"caption\":\"Amazonian_wax_leather_care_on_red_background\"},{\"@type\":\"WebPage\",\"@id\":\"https:\/\/www.meridioband.com\/shop\/amazonian-wax-leather-care\/#webpage\",\"url\":\"https:\/\/www.meridioband.com\/shop\/amazonian-wax-leather-care\/\",\"name\":\"[:en]MERIDIO | LEATHER CARE | AMAZONIAN WAX[:]\",\"isPartOf\":{\"@id\":\"https:\/\/www.meridioband.com\/#website\"},\"primaryImageOfPage\":{\"@id\":\"https:\/\/www.meridioband.com\/shop\/amazonian-wax-leather-care\/#primaryimage\"},\"datePublished\":\"2020-12-04T14:59:02+00:00\",\"dateModified\":\"2024-09-07T22:44:17+00:00\",\"description\":\"[:en]To celebrate Meridio\\u2019s love for the good leather we provide our customers with the wax, necessary for the leather maintenance. The Amazonian Wax, made from bee honey wax, was developed as an environmentally sustainable and natural cosmetic able to moisturize leather or natural rubber, another material used to create our bands. It is ideal to be used as well for other accessories exposed too much to the skin. The product has been approved by WWF, it is hypoallergic, it is animal cruelty free and it does not derive from petrol. [:]\",\"breadcrumb\":{\"@id\":\"https:\/\/www.meridioband.com\/shop\/amazonian-wax-leather-care\/#breadcrumb\"},\"inLanguage\":\"it-IT\",\"potentialAction\":[{\"@type\":\"ReadAction\",\"target\":[\"https:\/\/www.meridioband.com\/shop\/amazonian-wax-leather-care\/\"]}]},{\"@type\":\"BreadcrumbList\",\"@id\":\"https:\/\/www.meridioband.com\/shop\/amazonian-wax-leather-care\/#breadcrumb\",\"itemListElement\":[{\"@type\":\"ListItem\",\"position\":1,\"item\":{\"@type\":\"WebPage\",\"@id\":\"https:\/\/www.meridioband.com\/\",\"url\":\"https:\/\/www.meridioband.com\/\",\"name\":\"Home\"}},{\"@type\":\"ListItem\",\"position\":2,\"item\":{\"@type\":\"WebPage\",\"@id\":\"https:\/\/www.meridioband.com\/shop\/\",\"url\":\"https:\/\/www.meridioband.com\/shop\/\",\"name\":\"Shop\"}},{\"@type\":\"ListItem\",\"position\":3,\"item\":{\"@type\":\"WebPage\",\"@id\":\"https:\/\/www.meridioband.com\/leather\/accessories\/\",\"url\":\"https:\/\/www.meridioband.com\/leather\/accessories\/\",\"name\":\"[:en]Accessories[:it]Accessori[:]\"}},{\"@type\":\"ListItem\",\"position\":4,\"item\":{\"@type\":\"WebPage\",\"@id\":\"https:\/\/www.meridioband.com\/leather\/accessories\/leather-care\/\",\"url\":\"https:\/\/www.meridioband.com\/leather\/accessories\/leather-care\/\",\"name\":\"[:en]Leather Care[:it]Cera per la Pelle[:]\"}},{\"@type\":\"ListItem\",\"position\":5,\"item\":{\"@type\":\"WebPage\",\"@id\":\"https:\/\/www.meridioband.com\/shop\/amazonian-wax-leather-care\/\",\"url\":\"https:\/\/www.meridioband.com\/shop\/amazonian-wax-leather-care\/\",\"name\":\"Amazonian Wax\"}}]}]}<\/script>\n<!-- \/ Yoast SEO plugin. -->","_links":{"self":[{"href":"https:\/\/www.meridioband.com\/it\/wp-json\/wp\/v2\/product\/100886"}],"collection":[{"href":"https:\/\/www.meridioband.com\/it\/wp-json\/wp\/v2\/product"}],"about":[{"href":"https:\/\/www.meridioband.com\/it\/wp-json\/wp\/v2\/types\/product"}],"wp:featuredmedia":[{"embeddable":true,"href":"https:\/\/www.meridioband.com\/it\/wp-json\/wp\/v2\/media\/100893"}],"wp:attachment":[{"href":"https:\/\/www.meridioband.com\/it\/wp-json\/wp\/v2\/media?parent=100886"}],"curies":[{"name":"wp","href":"https:\/\/api.w.org\/{rel}","templated":true}]}}