{"id":101468,"date":"2021-01-13T07:53:31","date_gmt":"2021-01-13T06:53:31","guid":{"rendered":"https:\/\/www.meridioband.com\/?post_type=product&#038;p=101468"},"modified":"2025-11-12T12:59:27","modified_gmt":"2025-11-12T11:59:27","slug":"green-slate-apple-watch-grayish-green-vintage-leather-band","status":"publish","type":"product","link":"https:\/\/www.meridioband.com\/it\/shop\/green-slate-apple-watch-grayish-green-vintage-leather-band\/","title":{"rendered":"Green Slate"},"content":{"rendered":"","protected":false},"excerpt":{"rendered":"<p>Perch\u00e9 scegliere tra i colori grigio o verde quando puoi averli entrambi magnificamente miscelati nello stesso cinturino Apple Watch di Meridio. L&#8217;effetto vintage della collezione Ancient si abbina perfettamente a questo colore speciale che ti ricorder\u00e0 di stare seduto all&#8217;ombra di un bellissimo ulivo. Tuttavia, il dettaglio pi\u00f9 speciale di Green Slate \u00e8 la qualit\u00e0 della pelle di vitello italiana e il lavoro artigianale fatto a mano. Disponibile solo per Aw con cassa 42\/44\/45\/49 mm e compatibile con series 8,ULTRA &amp; SE e precedenti 7|6|5|4|3|2|1<\/p>\n","protected":false},"featured_media":101469,"template":"","meta":[],"yoast_head":"<!-- This site is optimized with the Yoast SEO plugin v15.4 - https:\/\/yoast.com\/wordpress\/plugins\/seo\/ -->\n<title><\/title>\n<meta name=\"description\" content=\"[:en]Greenish gray or grayish green... Are you wondering what name to know this color after?! To us at Meridio it is Green Slate, after which we named one of the most special Apple Watch Bands made from 100%Italian calf leather of the highest quality. The vintage look and feel of the leather used for the Ancient collection matches this color perfectly inviting you to a warm experience of style and comfort while reminding you of the harmony between the earth, plants and stones colors. The band is available for 38-40 | 42-44 mm and designed for Apple Watch Series 6 &amp; SE, as well as the previous ones 5, 4,3,2,1[:]\" \/>\n<meta name=\"robots\" content=\"index, follow, max-snippet:-1, max-image-preview:large, max-video-preview:-1\" \/>\n<link rel=\"canonical\" href=\"https:\/\/www.meridioband.com\/shop\/green-slate-apple-watch-grayish-green-vintage-leather-band\/\" \/>\n<meta property=\"og:locale\" content=\"it_IT\" \/>\n<meta property=\"og:type\" content=\"article\" \/>\n<meta property=\"og:title\" content=\"[:en]Green Slate Apple watch vintage leather band[:]\" \/>\n<meta property=\"og:description\" content=\"[:en]Greenish gray or grayish green... Are you wondering what name to know this color after?! To us at Meridio it is Green Slate, after which we named one of the most special Apple Watch Bands made from 100%Italian calf leather of the highest quality. The vintage look and feel of the leather used for the Ancient collection matches this color perfectly inviting you to a warm experience of style and comfort while reminding you of the harmony between the earth, plants and stones colors. The band is available for 38-40 | 42-44 mm and designed for Apple Watch Series 6 &amp; SE, as well as the previous ones 5, 4,3,2,1[:]\" \/>\n<meta property=\"og:url\" content=\"https:\/\/www.meridioband.com\/shop\/green-slate-apple-watch-grayish-green-vintage-leather-band\/\" \/>\n<meta property=\"og:site_name\" content=\"Meridio\" \/>\n<meta property=\"article:modified_time\" content=\"2025-11-12T11:59:27+00:00\" \/>\n<meta property=\"og:image\" content=\"https:\/\/www.meridioband.com\/wp-content\/uploads\/2021\/01\/NEW-AW-ancient-brown-leather-band-with-space-grey-adapters.jpg\" \/>\n\t<meta property=\"og:image:width\" content=\"705\" \/>\n\t<meta property=\"og:image:height\" content=\"489\" \/>\n<meta property=\"fb:app_id\" content=\"936312143118740\" \/>\n<meta name=\"twitter:card\" content=\"summary\" \/>\n<meta name=\"twitter:creator\" content=\"@meridioband\" \/>\n<meta name=\"twitter:site\" content=\"@meridioband\" \/>\n<meta name=\"twitter:label1\" content=\"Scritto da\">\n\t<meta name=\"twitter:data1\" content=\"Luigi Celeste\">\n<script type=\"application\/ld+json\" class=\"yoast-schema-graph\">{\"@context\":\"https:\/\/schema.org\",\"@graph\":[{\"@type\":\"Organization\",\"@id\":\"https:\/\/www.meridioband.com\/#organization\",\"name\":\"Meridio\",\"url\":\"https:\/\/www.meridioband.com\/\",\"sameAs\":[\"https:\/\/instagram.com\/meridioband\",\"https:\/\/it.pinterest.com\/meridioband\/\",\"https:\/\/twitter.com\/meridioband\"],\"logo\":{\"@type\":\"ImageObject\",\"@id\":\"https:\/\/www.meridioband.com\/#logo\",\"inLanguage\":\"it-IT\",\"url\":\"https:\/\/www.meridioband.com\/wp-content\/uploads\/2015\/09\/Meridio-black.png\",\"width\":591,\"height\":231,\"caption\":\"Meridio\"},\"image\":{\"@id\":\"https:\/\/www.meridioband.com\/#logo\"}},{\"@type\":\"WebSite\",\"@id\":\"https:\/\/www.meridioband.com\/#website\",\"url\":\"https:\/\/www.meridioband.com\/\",\"name\":\"Meridio\",\"description\":\"L&#039;alchimia del Patrimonio italiano nelle mani di preziosi artigiani capace di realizzare esclusivi prodotti di pelle lavorati a mano per il tuo Apple watch ed il tuo tempo libero\",\"publisher\":{\"@id\":\"https:\/\/www.meridioband.com\/#organization\"},\"potentialAction\":[{\"@type\":\"SearchAction\",\"target\":\"https:\/\/www.meridioband.com\/?s={search_term_string}\",\"query-input\":\"required name=search_term_string\"}],\"inLanguage\":\"it-IT\"},{\"@type\":\"ImageObject\",\"@id\":\"https:\/\/www.meridioband.com\/shop\/green-slate-apple-watch-grayish-green-vintage-leather-band\/#primaryimage\",\"inLanguage\":\"it-IT\",\"url\":\"https:\/\/www.meridioband.com\/wp-content\/uploads\/2021\/01\/NEW-AW-ancient-brown-leather-band-with-space-grey-adapters.jpg\",\"width\":705,\"height\":489,\"caption\":\"Ancient-green-leather-band-with-space-grey-adapters\"},{\"@type\":\"WebPage\",\"@id\":\"https:\/\/www.meridioband.com\/shop\/green-slate-apple-watch-grayish-green-vintage-leather-band\/#webpage\",\"url\":\"https:\/\/www.meridioband.com\/shop\/green-slate-apple-watch-grayish-green-vintage-leather-band\/\",\"name\":\"[:en]Green Slate Apple watch vintage leather band[:]\",\"isPartOf\":{\"@id\":\"https:\/\/www.meridioband.com\/#website\"},\"primaryImageOfPage\":{\"@id\":\"https:\/\/www.meridioband.com\/shop\/green-slate-apple-watch-grayish-green-vintage-leather-band\/#primaryimage\"},\"datePublished\":\"2021-01-13T06:53:31+00:00\",\"dateModified\":\"2025-11-12T11:59:27+00:00\",\"description\":\"[:en]Greenish gray or grayish green... Are you wondering what name to know this color after?! To us at Meridio it is Green Slate, after which we named one of the most special Apple Watch Bands made from 100%Italian calf leather of the highest quality. The vintage look and feel of the leather used for the Ancient collection matches this color perfectly inviting you to a warm experience of style and comfort while reminding you of the harmony between the earth, plants and stones colors. The band is available for 38-40 | 42-44 mm and designed for Apple Watch Series 6 &amp; SE, as well as the previous ones 5, 4,3,2,1[:]\",\"breadcrumb\":{\"@id\":\"https:\/\/www.meridioband.com\/shop\/green-slate-apple-watch-grayish-green-vintage-leather-band\/#breadcrumb\"},\"inLanguage\":\"it-IT\",\"potentialAction\":[{\"@type\":\"ReadAction\",\"target\":[\"https:\/\/www.meridioband.com\/shop\/green-slate-apple-watch-grayish-green-vintage-leather-band\/\"]}]},{\"@type\":\"BreadcrumbList\",\"@id\":\"https:\/\/www.meridioband.com\/shop\/green-slate-apple-watch-grayish-green-vintage-leather-band\/#breadcrumb\",\"itemListElement\":[{\"@type\":\"ListItem\",\"position\":1,\"item\":{\"@type\":\"WebPage\",\"@id\":\"https:\/\/www.meridioband.com\/\",\"url\":\"https:\/\/www.meridioband.com\/\",\"name\":\"Home\"}},{\"@type\":\"ListItem\",\"position\":2,\"item\":{\"@type\":\"WebPage\",\"@id\":\"https:\/\/www.meridioband.com\/shop\/\",\"url\":\"https:\/\/www.meridioband.com\/shop\/\",\"name\":\"Shop\"}},{\"@type\":\"ListItem\",\"position\":3,\"item\":{\"@type\":\"WebPage\",\"@id\":\"https:\/\/www.meridioband.com\/leather\/apple-watch-bands-42mm\/\",\"url\":\"https:\/\/www.meridioband.com\/leather\/apple-watch-bands-42mm\/\",\"name\":\"42 mm\"}},{\"@type\":\"ListItem\",\"position\":4,\"item\":{\"@type\":\"WebPage\",\"@id\":\"https:\/\/www.meridioband.com\/shop\/green-slate-apple-watch-grayish-green-vintage-leather-band\/\",\"url\":\"https:\/\/www.meridioband.com\/shop\/green-slate-apple-watch-grayish-green-vintage-leather-band\/\",\"name\":\"Green Slate\"}}]}]}<\/script>\n<!-- \/ Yoast SEO plugin. -->","_links":{"self":[{"href":"https:\/\/www.meridioband.com\/it\/wp-json\/wp\/v2\/product\/101468"}],"collection":[{"href":"https:\/\/www.meridioband.com\/it\/wp-json\/wp\/v2\/product"}],"about":[{"href":"https:\/\/www.meridioband.com\/it\/wp-json\/wp\/v2\/types\/product"}],"wp:featuredmedia":[{"embeddable":true,"href":"https:\/\/www.meridioband.com\/it\/wp-json\/wp\/v2\/media\/101469"}],"wp:attachment":[{"href":"https:\/\/www.meridioband.com\/it\/wp-json\/wp\/v2\/media?parent=101468"}],"curies":[{"name":"wp","href":"https:\/\/api.w.org\/{rel}","templated":true}]}}