{"id":102235,"date":"2021-05-06T13:15:41","date_gmt":"2021-05-06T11:15:41","guid":{"rendered":"https:\/\/www.meridioband.com\/?post_type=product&#038;p=102235"},"modified":"2024-12-17T10:45:01","modified_gmt":"2024-12-17T09:45:01","slug":"blue-cider-apple-watch-vegan-band","status":"publish","type":"product","link":"https:\/\/www.meridioband.com\/it\/shop\/blue-cider-apple-watch-vegan-band\/","title":{"rendered":"Blue Cider"},"content":{"rendered":"","protected":false},"excerpt":{"rendered":"<p>Benvenuti nell&#8217;angolo della moda vegana. Il colore blu non ha alcuna correlazione con la buccia di mela che \u00e8 stata utilizzata per creare la nostra ultima collezione di cinturini per Apple Watch, ma \u00e8 uno dei nostri colori preferiti.Si abbina perfettamente a vari stili, dai pi\u00f9 eleganti a quelli pi\u00f9 casual offrendo un comfort assoluto. Acquista il tuo cinturino e contribuisce all&#8217;eco sostenibilit\u00e0 del pianeta. Disponibile per 38\/40\/41 | 42\/44\/45\/49 mm e progettato per Apple Watch Series 8,ULTRA &amp; SE 7|6|5|4|3|2|1.<\/p>\n","protected":false},"featured_media":102561,"template":"","meta":[],"yoast_head":"<!-- This site is optimized with the Yoast SEO plugin v15.4 - https:\/\/yoast.com\/wordpress\/plugins\/seo\/ -->\n<title><\/title>\n<meta name=\"description\" content=\"[:en]Welcome to the Vegan fashion corner. The color blue doesn\u2019t really have any correlation with the apple skin which has been used to create our latest collection of Apple Watch Bands, but it is one of our favorite colors and also of our customers. If you love the blue color and the recycled apple skin, then you are welcome. Blue cider perfectly matches various styles from the most elegant to the most casual ones offering absolute comfort. Purchase your band and become part of the first step towards a 100% circular product future. This model is available for all case dimensions and designed for Apple Watch Series 8 &amp; SE, as well as the previous ones 7,6,5,4,3,2,1.[:]\" \/>\n<meta name=\"robots\" content=\"index, follow, max-snippet:-1, max-image-preview:large, max-video-preview:-1\" \/>\n<link rel=\"canonical\" href=\"https:\/\/www.meridioband.com\/shop\/blue-cider-apple-watch-vegan-band\/\" \/>\n<meta property=\"og:locale\" content=\"it_IT\" \/>\n<meta property=\"og:type\" content=\"article\" \/>\n<meta property=\"og:title\" content=\"[:en]Recycled Apple Skin Apple Watch Bands | Blue CIder[:]\" \/>\n<meta property=\"og:description\" content=\"[:en]Welcome to the Vegan fashion corner. The color blue doesn\u2019t really have any correlation with the apple skin which has been used to create our latest collection of Apple Watch Bands, but it is one of our favorite colors and also of our customers. If you love the blue color and the recycled apple skin, then you are welcome. Blue cider perfectly matches various styles from the most elegant to the most casual ones offering absolute comfort. Purchase your band and become part of the first step towards a 100% circular product future. This model is available for all case dimensions and designed for Apple Watch Series 8 &amp; SE, as well as the previous ones 7,6,5,4,3,2,1.[:]\" \/>\n<meta property=\"og:url\" content=\"https:\/\/www.meridioband.com\/shop\/blue-cider-apple-watch-vegan-band\/\" \/>\n<meta property=\"og:site_name\" content=\"Meridio\" \/>\n<meta property=\"article:modified_time\" content=\"2024-12-17T09:45:01+00:00\" \/>\n<meta property=\"og:image\" content=\"https:\/\/www.meridioband.com\/wp-content\/uploads\/2021\/05\/Blue_Cider-Apple-watch-vegan-leather-band-flying-view_Blue_Case-2.jpg\" \/>\n\t<meta property=\"og:image:width\" content=\"705\" \/>\n\t<meta property=\"og:image:height\" content=\"489\" \/>\n<meta property=\"fb:app_id\" content=\"936312143118740\" \/>\n<meta name=\"twitter:card\" content=\"summary\" \/>\n<meta name=\"twitter:creator\" content=\"@meridioband\" \/>\n<meta name=\"twitter:site\" content=\"@meridioband\" \/>\n<meta name=\"twitter:label1\" content=\"Scritto da\">\n\t<meta name=\"twitter:data1\" content=\"Luigi Celeste\">\n<script type=\"application\/ld+json\" class=\"yoast-schema-graph\">{\"@context\":\"https:\/\/schema.org\",\"@graph\":[{\"@type\":\"Organization\",\"@id\":\"https:\/\/www.meridioband.com\/#organization\",\"name\":\"Meridio\",\"url\":\"https:\/\/www.meridioband.com\/\",\"sameAs\":[\"https:\/\/instagram.com\/meridioband\",\"https:\/\/it.pinterest.com\/meridioband\/\",\"https:\/\/twitter.com\/meridioband\"],\"logo\":{\"@type\":\"ImageObject\",\"@id\":\"https:\/\/www.meridioband.com\/#logo\",\"inLanguage\":\"it-IT\",\"url\":\"https:\/\/www.meridioband.com\/wp-content\/uploads\/2015\/09\/Meridio-black.png\",\"width\":591,\"height\":231,\"caption\":\"Meridio\"},\"image\":{\"@id\":\"https:\/\/www.meridioband.com\/#logo\"}},{\"@type\":\"WebSite\",\"@id\":\"https:\/\/www.meridioband.com\/#website\",\"url\":\"https:\/\/www.meridioband.com\/\",\"name\":\"Meridio\",\"description\":\"L&#039;alchimia del Patrimonio italiano nelle mani di preziosi artigiani capace di realizzare esclusivi prodotti di pelle lavorati a mano per il tuo Apple watch ed il tuo tempo libero\",\"publisher\":{\"@id\":\"https:\/\/www.meridioband.com\/#organization\"},\"potentialAction\":[{\"@type\":\"SearchAction\",\"target\":\"https:\/\/www.meridioband.com\/?s={search_term_string}\",\"query-input\":\"required name=search_term_string\"}],\"inLanguage\":\"it-IT\"},{\"@type\":\"ImageObject\",\"@id\":\"https:\/\/www.meridioband.com\/shop\/blue-cider-apple-watch-vegan-band\/#primaryimage\",\"inLanguage\":\"it-IT\",\"url\":\"https:\/\/www.meridioband.com\/wp-content\/uploads\/2021\/05\/Blue_Cider-Apple-watch-vegan-leather-band-flying-view_Blue_Case-2.jpg\",\"width\":705,\"height\":489,\"caption\":\"Blue_Cider-Apple-watch-vegan-leather-band-flying-view_Blue_Case-recycled-green-logo\"},{\"@type\":\"WebPage\",\"@id\":\"https:\/\/www.meridioband.com\/shop\/blue-cider-apple-watch-vegan-band\/#webpage\",\"url\":\"https:\/\/www.meridioband.com\/shop\/blue-cider-apple-watch-vegan-band\/\",\"name\":\"[:en]Recycled Apple Skin Apple Watch Bands | Blue CIder[:]\",\"isPartOf\":{\"@id\":\"https:\/\/www.meridioband.com\/#website\"},\"primaryImageOfPage\":{\"@id\":\"https:\/\/www.meridioband.com\/shop\/blue-cider-apple-watch-vegan-band\/#primaryimage\"},\"datePublished\":\"2021-05-06T11:15:41+00:00\",\"dateModified\":\"2024-12-17T09:45:01+00:00\",\"description\":\"[:en]Welcome to the Vegan fashion corner. The color blue doesn\\u2019t really have any correlation with the apple skin which has been used to create our latest collection of Apple Watch Bands, but it is one of our favorite colors and also of our customers. If you love the blue color and the recycled apple skin, then you are welcome. Blue cider perfectly matches various styles from the most elegant to the most casual ones offering absolute comfort. Purchase your band and become part of the first step towards a 100% circular product future. This model is available for all case dimensions and designed for Apple Watch Series 8 &amp; SE, as well as the previous ones 7,6,5,4,3,2,1.[:]\",\"breadcrumb\":{\"@id\":\"https:\/\/www.meridioband.com\/shop\/blue-cider-apple-watch-vegan-band\/#breadcrumb\"},\"inLanguage\":\"it-IT\",\"potentialAction\":[{\"@type\":\"ReadAction\",\"target\":[\"https:\/\/www.meridioband.com\/shop\/blue-cider-apple-watch-vegan-band\/\"]}]},{\"@type\":\"BreadcrumbList\",\"@id\":\"https:\/\/www.meridioband.com\/shop\/blue-cider-apple-watch-vegan-band\/#breadcrumb\",\"itemListElement\":[{\"@type\":\"ListItem\",\"position\":1,\"item\":{\"@type\":\"WebPage\",\"@id\":\"https:\/\/www.meridioband.com\/\",\"url\":\"https:\/\/www.meridioband.com\/\",\"name\":\"Home\"}},{\"@type\":\"ListItem\",\"position\":2,\"item\":{\"@type\":\"WebPage\",\"@id\":\"https:\/\/www.meridioband.com\/shop\/\",\"url\":\"https:\/\/www.meridioband.com\/shop\/\",\"name\":\"Shop\"}},{\"@type\":\"ListItem\",\"position\":3,\"item\":{\"@type\":\"WebPage\",\"@id\":\"https:\/\/www.meridioband.com\/leather\/apple-watch-bands-38mm\/\",\"url\":\"https:\/\/www.meridioband.com\/leather\/apple-watch-bands-38mm\/\",\"name\":\"38 mm\"}},{\"@type\":\"ListItem\",\"position\":4,\"item\":{\"@type\":\"WebPage\",\"@id\":\"https:\/\/www.meridioband.com\/shop\/blue-cider-apple-watch-vegan-band\/\",\"url\":\"https:\/\/www.meridioband.com\/shop\/blue-cider-apple-watch-vegan-band\/\",\"name\":\"Blue Cider\"}}]}]}<\/script>\n<!-- \/ Yoast SEO plugin. -->","_links":{"self":[{"href":"https:\/\/www.meridioband.com\/it\/wp-json\/wp\/v2\/product\/102235"}],"collection":[{"href":"https:\/\/www.meridioband.com\/it\/wp-json\/wp\/v2\/product"}],"about":[{"href":"https:\/\/www.meridioband.com\/it\/wp-json\/wp\/v2\/types\/product"}],"wp:featuredmedia":[{"embeddable":true,"href":"https:\/\/www.meridioband.com\/it\/wp-json\/wp\/v2\/media\/102561"}],"wp:attachment":[{"href":"https:\/\/www.meridioband.com\/it\/wp-json\/wp\/v2\/media?parent=102235"}],"curies":[{"name":"wp","href":"https:\/\/api.w.org\/{rel}","templated":true}]}}