{"id":102301,"date":"2021-05-06T13:19:46","date_gmt":"2021-05-06T11:19:46","guid":{"rendered":"https:\/\/www.meridioband.com\/?post_type=product&#038;p=102301"},"modified":"2025-10-05T13:45:40","modified_gmt":"2025-10-05T11:45:40","slug":"anurka-apple-watch-light-brown-vegan-band","status":"publish","type":"product","link":"https:\/\/www.meridioband.com\/it\/shop\/anurka-apple-watch-light-brown-vegan-band\/","title":{"rendered":"Anurka"},"content":{"rendered":"","protected":false},"excerpt":{"rendered":"<p>Ci auguriamo che ti piacciano davvero le mele perch\u00e9 stiamo per introdurre il cinturino pi\u00f9 speciale per Apple Watch, chiamato Anurka, realizzato con buccia di mela riciclata e disponibile in un colore bruno-rossastro. Il colore della mela \u00e8 stato ispirato dallo sciroppo di mela ed \u00e8 uno dei pi\u00f9 speciali di questa collezione speciale. Morbida al tatto ma resistente allo stesso tempo. Questo modello \u00e8 disponibile per AW con cassa 38\/40\/41mm | 42\/44\/45\/49 mm e progettato per Apple Watch Series 8,ULTRA &amp; SE e versioni precedenti 7|6|5|4|3|2|1<\/p>\n","protected":false},"featured_media":102557,"template":"","meta":[],"yoast_head":"<!-- This site is optimized with the Yoast SEO plugin v15.4 - https:\/\/yoast.com\/wordpress\/plugins\/seo\/ -->\n<title><\/title>\n<meta name=\"description\" content=\"[:en]Welcome to the Vegan fashion corner. Have you ever heard about recycled apple skin and its uses?! At Meridio we use it to create Apple Watch bands. The Anurka model comes in a very special brownish gray color and the name of the model has been inspired by one of the most delicious desserts made with apples. These bands are just one of the many sustainable solutions that we are adapting to lower our environmental footprint and we are happy to invite you to join this initiative by owning this vegan solution for you Apple Watch Band. This model is available for 40-44 mm and designed for Apple Watch Series 8 &amp; SE, as well as the previous ones 7,6,5,4,3,2,1.[:]\" \/>\n<meta name=\"robots\" content=\"index, follow, max-snippet:-1, max-image-preview:large, max-video-preview:-1\" \/>\n<link rel=\"canonical\" href=\"https:\/\/www.meridioband.com\/shop\/anurka-apple-watch-light-brown-vegan-band\/\" \/>\n<meta property=\"og:locale\" content=\"it_IT\" \/>\n<meta property=\"og:type\" content=\"article\" \/>\n<meta property=\"og:title\" content=\"[:en]Recycled Apple Skin Apple Watch Bands | Anurka [:]\" \/>\n<meta property=\"og:description\" content=\"[:en]Welcome to the Vegan fashion corner. Have you ever heard about recycled apple skin and its uses?! At Meridio we use it to create Apple Watch bands. The Anurka model comes in a very special brownish gray color and the name of the model has been inspired by one of the most delicious desserts made with apples. These bands are just one of the many sustainable solutions that we are adapting to lower our environmental footprint and we are happy to invite you to join this initiative by owning this vegan solution for you Apple Watch Band. This model is available for 40-44 mm and designed for Apple Watch Series 8 &amp; SE, as well as the previous ones 7,6,5,4,3,2,1.[:]\" \/>\n<meta property=\"og:url\" content=\"https:\/\/www.meridioband.com\/shop\/anurka-apple-watch-light-brown-vegan-band\/\" \/>\n<meta property=\"og:site_name\" content=\"Meridio\" \/>\n<meta property=\"article:modified_time\" content=\"2025-10-05T11:45:40+00:00\" \/>\n<meta property=\"og:image\" content=\"https:\/\/www.meridioband.com\/wp-content\/uploads\/2021\/05\/Anurka-Apple-watch-vegan-leather-band-flying-view_alluminium_Gold_Case-1.jpg\" \/>\n\t<meta property=\"og:image:width\" content=\"705\" \/>\n\t<meta property=\"og:image:height\" content=\"489\" \/>\n<meta property=\"fb:app_id\" content=\"936312143118740\" \/>\n<meta name=\"twitter:card\" content=\"summary\" \/>\n<meta name=\"twitter:creator\" content=\"@meridioband\" \/>\n<meta name=\"twitter:site\" content=\"@meridioband\" \/>\n<meta name=\"twitter:label1\" content=\"Scritto da\">\n\t<meta name=\"twitter:data1\" content=\"Luigi Celeste\">\n<script type=\"application\/ld+json\" class=\"yoast-schema-graph\">{\"@context\":\"https:\/\/schema.org\",\"@graph\":[{\"@type\":\"Organization\",\"@id\":\"https:\/\/www.meridioband.com\/#organization\",\"name\":\"Meridio\",\"url\":\"https:\/\/www.meridioband.com\/\",\"sameAs\":[\"https:\/\/instagram.com\/meridioband\",\"https:\/\/it.pinterest.com\/meridioband\/\",\"https:\/\/twitter.com\/meridioband\"],\"logo\":{\"@type\":\"ImageObject\",\"@id\":\"https:\/\/www.meridioband.com\/#logo\",\"inLanguage\":\"it-IT\",\"url\":\"https:\/\/www.meridioband.com\/wp-content\/uploads\/2015\/09\/Meridio-black.png\",\"width\":591,\"height\":231,\"caption\":\"Meridio\"},\"image\":{\"@id\":\"https:\/\/www.meridioband.com\/#logo\"}},{\"@type\":\"WebSite\",\"@id\":\"https:\/\/www.meridioband.com\/#website\",\"url\":\"https:\/\/www.meridioband.com\/\",\"name\":\"Meridio\",\"description\":\"L&#039;alchimia del Patrimonio italiano nelle mani di preziosi artigiani capace di realizzare esclusivi prodotti di pelle lavorati a mano per il tuo Apple watch ed il tuo tempo libero\",\"publisher\":{\"@id\":\"https:\/\/www.meridioband.com\/#organization\"},\"potentialAction\":[{\"@type\":\"SearchAction\",\"target\":\"https:\/\/www.meridioband.com\/?s={search_term_string}\",\"query-input\":\"required name=search_term_string\"}],\"inLanguage\":\"it-IT\"},{\"@type\":\"ImageObject\",\"@id\":\"https:\/\/www.meridioband.com\/shop\/anurka-apple-watch-light-brown-vegan-band\/#primaryimage\",\"inLanguage\":\"it-IT\",\"url\":\"https:\/\/www.meridioband.com\/wp-content\/uploads\/2021\/05\/Anurka-Apple-watch-vegan-leather-band-flying-view_alluminium_Gold_Case-1.jpg\",\"width\":705,\"height\":489,\"caption\":\"Anurka-Apple-watch-vegan-leather-band-flying-view_alluminium_Gold_Case-recycled-green-logo\"},{\"@type\":\"WebPage\",\"@id\":\"https:\/\/www.meridioband.com\/shop\/anurka-apple-watch-light-brown-vegan-band\/#webpage\",\"url\":\"https:\/\/www.meridioband.com\/shop\/anurka-apple-watch-light-brown-vegan-band\/\",\"name\":\"[:en]Recycled Apple Skin Apple Watch Bands | Anurka [:]\",\"isPartOf\":{\"@id\":\"https:\/\/www.meridioband.com\/#website\"},\"primaryImageOfPage\":{\"@id\":\"https:\/\/www.meridioband.com\/shop\/anurka-apple-watch-light-brown-vegan-band\/#primaryimage\"},\"datePublished\":\"2021-05-06T11:19:46+00:00\",\"dateModified\":\"2025-10-05T11:45:40+00:00\",\"description\":\"[:en]Welcome to the Vegan fashion corner. Have you ever heard about recycled apple skin and its uses?! At Meridio we use it to create Apple Watch bands. The Anurka model comes in a very special brownish gray color and the name of the model has been inspired by one of the most delicious desserts made with apples. These bands are just one of the many sustainable solutions that we are adapting to lower our environmental footprint and we are happy to invite you to join this initiative by owning this vegan solution for you Apple Watch Band. This model is available for 40-44 mm and designed for Apple Watch Series 8 &amp; SE, as well as the previous ones 7,6,5,4,3,2,1.[:]\",\"breadcrumb\":{\"@id\":\"https:\/\/www.meridioband.com\/shop\/anurka-apple-watch-light-brown-vegan-band\/#breadcrumb\"},\"inLanguage\":\"it-IT\",\"potentialAction\":[{\"@type\":\"ReadAction\",\"target\":[\"https:\/\/www.meridioband.com\/shop\/anurka-apple-watch-light-brown-vegan-band\/\"]}]},{\"@type\":\"BreadcrumbList\",\"@id\":\"https:\/\/www.meridioband.com\/shop\/anurka-apple-watch-light-brown-vegan-band\/#breadcrumb\",\"itemListElement\":[{\"@type\":\"ListItem\",\"position\":1,\"item\":{\"@type\":\"WebPage\",\"@id\":\"https:\/\/www.meridioband.com\/\",\"url\":\"https:\/\/www.meridioband.com\/\",\"name\":\"Home\"}},{\"@type\":\"ListItem\",\"position\":2,\"item\":{\"@type\":\"WebPage\",\"@id\":\"https:\/\/www.meridioband.com\/shop\/\",\"url\":\"https:\/\/www.meridioband.com\/shop\/\",\"name\":\"Shop\"}},{\"@type\":\"ListItem\",\"position\":3,\"item\":{\"@type\":\"WebPage\",\"@id\":\"https:\/\/www.meridioband.com\/leather\/apple-watch-bands-38mm\/\",\"url\":\"https:\/\/www.meridioband.com\/leather\/apple-watch-bands-38mm\/\",\"name\":\"38 mm\"}},{\"@type\":\"ListItem\",\"position\":4,\"item\":{\"@type\":\"WebPage\",\"@id\":\"https:\/\/www.meridioband.com\/shop\/anurka-apple-watch-light-brown-vegan-band\/\",\"url\":\"https:\/\/www.meridioband.com\/shop\/anurka-apple-watch-light-brown-vegan-band\/\",\"name\":\"Anurka\"}}]}]}<\/script>\n<!-- \/ Yoast SEO plugin. -->","_links":{"self":[{"href":"https:\/\/www.meridioband.com\/it\/wp-json\/wp\/v2\/product\/102301"}],"collection":[{"href":"https:\/\/www.meridioband.com\/it\/wp-json\/wp\/v2\/product"}],"about":[{"href":"https:\/\/www.meridioband.com\/it\/wp-json\/wp\/v2\/types\/product"}],"wp:featuredmedia":[{"embeddable":true,"href":"https:\/\/www.meridioband.com\/it\/wp-json\/wp\/v2\/media\/102557"}],"wp:attachment":[{"href":"https:\/\/www.meridioband.com\/it\/wp-json\/wp\/v2\/media?parent=102301"}],"curies":[{"name":"wp","href":"https:\/\/api.w.org\/{rel}","templated":true}]}}