{"id":105331,"date":"2022-07-06T11:40:36","date_gmt":"2022-07-06T09:40:36","guid":{"rendered":"https:\/\/www.meridioband.com\/?post_type=product&#038;p=105331"},"modified":"2024-12-14T21:23:24","modified_gmt":"2024-12-14T20:23:24","slug":"starfish-apple-watch-recycled-plastic-ocean-band","status":"publish","type":"product","link":"https:\/\/www.meridioband.com\/it\/shop\/starfish-apple-watch-recycled-plastic-ocean-band\/","title":{"rendered":"Starfish"},"content":{"rendered":"","protected":false},"excerpt":{"rendered":"<p>Starfish,\u00a0realizzato con plastica riciclata raccolta dall\u2019oceano. In una tonalit\u00e0 di rosa super classy, \u00e8 il modello pi\u00f9 cool di tutta la collezione Tide. Non soltanto \u00e8 fashion, ma \u00e8 anche eco-friendly, waterproof e resistente. Per soddisfare le esigenze di tutti, inoltre, \u00e8 compatibile con Apple Watch serie 7 e SE|6|5|4|3|2|1, ma anche con le dimensioni di cassa 38\/40\/41mm<\/p>\n","protected":false},"featured_media":105332,"template":"","meta":[],"yoast_head":"<!-- This site is optimized with the Yoast SEO plugin v15.4 - https:\/\/yoast.com\/wordpress\/plugins\/seo\/ -->\n<title><\/title>\n<meta name=\"description\" content=\"[:en]a super classy shade of pink, it\u2019s the most fashionable model of all collection. Not only is stylish, but it\u2019s also eco-friendly, waterproof and resistant! To meet the need of all, it\u2019s also compatible with Apple watch new series 7 &amp; SE|6|5|4|3|2|1 and works only with 38\/40\/41mm as dimension case[:]\" \/>\n<meta name=\"robots\" content=\"index, follow, max-snippet:-1, max-image-preview:large, max-video-preview:-1\" \/>\n<link rel=\"canonical\" href=\"https:\/\/www.meridioband.com\/shop\/starfish-apple-watch-recycled-plastic-ocean-band\/\" \/>\n<meta property=\"og:locale\" content=\"it_IT\" \/>\n<meta property=\"og:type\" content=\"article\" \/>\n<meta property=\"og:title\" content=\"[:en]Apple watch pink recycled ocean plastic band[:]\" \/>\n<meta property=\"og:description\" content=\"[:en]a super classy shade of pink, it\u2019s the most fashionable model of all collection. Not only is stylish, but it\u2019s also eco-friendly, waterproof and resistant! To meet the need of all, it\u2019s also compatible with Apple watch new series 7 &amp; SE|6|5|4|3|2|1 and works only with 38\/40\/41mm as dimension case[:]\" \/>\n<meta property=\"og:url\" content=\"https:\/\/www.meridioband.com\/shop\/starfish-apple-watch-recycled-plastic-ocean-band\/\" \/>\n<meta property=\"og:site_name\" content=\"Meridio\" \/>\n<meta property=\"article:modified_time\" content=\"2024-12-14T20:23:24+00:00\" \/>\n<meta property=\"og:image\" content=\"https:\/\/www.meridioband.com\/wp-content\/uploads\/2022\/06\/AW_tide_Starfish_alluminium-gold_case_flying.jpg\" \/>\n\t<meta property=\"og:image:width\" content=\"705\" \/>\n\t<meta property=\"og:image:height\" content=\"489\" \/>\n<meta property=\"fb:app_id\" content=\"936312143118740\" \/>\n<meta name=\"twitter:card\" content=\"summary\" \/>\n<meta name=\"twitter:creator\" content=\"@meridioband\" \/>\n<meta name=\"twitter:site\" content=\"@meridioband\" \/>\n<meta name=\"twitter:label1\" content=\"Scritto da\">\n\t<meta name=\"twitter:data1\" content=\"Luigi Celeste\">\n<script type=\"application\/ld+json\" class=\"yoast-schema-graph\">{\"@context\":\"https:\/\/schema.org\",\"@graph\":[{\"@type\":\"Organization\",\"@id\":\"https:\/\/www.meridioband.com\/#organization\",\"name\":\"Meridio\",\"url\":\"https:\/\/www.meridioband.com\/\",\"sameAs\":[\"https:\/\/instagram.com\/meridioband\",\"https:\/\/it.pinterest.com\/meridioband\/\",\"https:\/\/twitter.com\/meridioband\"],\"logo\":{\"@type\":\"ImageObject\",\"@id\":\"https:\/\/www.meridioband.com\/#logo\",\"inLanguage\":\"it-IT\",\"url\":\"https:\/\/www.meridioband.com\/wp-content\/uploads\/2015\/09\/Meridio-black.png\",\"width\":591,\"height\":231,\"caption\":\"Meridio\"},\"image\":{\"@id\":\"https:\/\/www.meridioband.com\/#logo\"}},{\"@type\":\"WebSite\",\"@id\":\"https:\/\/www.meridioband.com\/#website\",\"url\":\"https:\/\/www.meridioband.com\/\",\"name\":\"Meridio\",\"description\":\"L&#039;alchimia del Patrimonio italiano nelle mani di preziosi artigiani capace di realizzare esclusivi prodotti di pelle lavorati a mano per il tuo Apple watch ed il tuo tempo libero\",\"publisher\":{\"@id\":\"https:\/\/www.meridioband.com\/#organization\"},\"potentialAction\":[{\"@type\":\"SearchAction\",\"target\":\"https:\/\/www.meridioband.com\/?s={search_term_string}\",\"query-input\":\"required name=search_term_string\"}],\"inLanguage\":\"it-IT\"},{\"@type\":\"ImageObject\",\"@id\":\"https:\/\/www.meridioband.com\/shop\/starfish-apple-watch-recycled-plastic-ocean-band\/#primaryimage\",\"inLanguage\":\"it-IT\",\"url\":\"https:\/\/www.meridioband.com\/wp-content\/uploads\/2022\/06\/AW_tide_Starfish_alluminium-gold_case_flying.jpg\",\"width\":705,\"height\":489,\"caption\":\"AW_tide_Starfish_alluminium-gold_case_flying\"},{\"@type\":\"WebPage\",\"@id\":\"https:\/\/www.meridioband.com\/shop\/starfish-apple-watch-recycled-plastic-ocean-band\/#webpage\",\"url\":\"https:\/\/www.meridioband.com\/shop\/starfish-apple-watch-recycled-plastic-ocean-band\/\",\"name\":\"[:en]Apple watch pink recycled ocean plastic band[:]\",\"isPartOf\":{\"@id\":\"https:\/\/www.meridioband.com\/#website\"},\"primaryImageOfPage\":{\"@id\":\"https:\/\/www.meridioband.com\/shop\/starfish-apple-watch-recycled-plastic-ocean-band\/#primaryimage\"},\"datePublished\":\"2022-07-06T09:40:36+00:00\",\"dateModified\":\"2024-12-14T20:23:24+00:00\",\"description\":\"[:en]a super classy shade of pink, it\\u2019s the most fashionable model of all collection. Not only is stylish, but it\\u2019s also eco-friendly, waterproof and resistant! To meet the need of all, it\\u2019s also compatible with Apple watch new series 7 &amp; SE|6|5|4|3|2|1 and works only with 38\/40\/41mm as dimension case[:]\",\"breadcrumb\":{\"@id\":\"https:\/\/www.meridioband.com\/shop\/starfish-apple-watch-recycled-plastic-ocean-band\/#breadcrumb\"},\"inLanguage\":\"it-IT\",\"potentialAction\":[{\"@type\":\"ReadAction\",\"target\":[\"https:\/\/www.meridioband.com\/shop\/starfish-apple-watch-recycled-plastic-ocean-band\/\"]}]},{\"@type\":\"BreadcrumbList\",\"@id\":\"https:\/\/www.meridioband.com\/shop\/starfish-apple-watch-recycled-plastic-ocean-band\/#breadcrumb\",\"itemListElement\":[{\"@type\":\"ListItem\",\"position\":1,\"item\":{\"@type\":\"WebPage\",\"@id\":\"https:\/\/www.meridioband.com\/\",\"url\":\"https:\/\/www.meridioband.com\/\",\"name\":\"Home\"}},{\"@type\":\"ListItem\",\"position\":2,\"item\":{\"@type\":\"WebPage\",\"@id\":\"https:\/\/www.meridioband.com\/shop\/\",\"url\":\"https:\/\/www.meridioband.com\/shop\/\",\"name\":\"Shop\"}},{\"@type\":\"ListItem\",\"position\":3,\"item\":{\"@type\":\"WebPage\",\"@id\":\"https:\/\/www.meridioband.com\/leather\/apple-watch-bands-38mm\/\",\"url\":\"https:\/\/www.meridioband.com\/leather\/apple-watch-bands-38mm\/\",\"name\":\"38 mm\"}},{\"@type\":\"ListItem\",\"position\":4,\"item\":{\"@type\":\"WebPage\",\"@id\":\"https:\/\/www.meridioband.com\/shop\/starfish-apple-watch-recycled-plastic-ocean-band\/\",\"url\":\"https:\/\/www.meridioband.com\/shop\/starfish-apple-watch-recycled-plastic-ocean-band\/\",\"name\":\"Starfish\"}}]}]}<\/script>\n<!-- \/ Yoast SEO plugin. -->","_links":{"self":[{"href":"https:\/\/www.meridioband.com\/it\/wp-json\/wp\/v2\/product\/105331"}],"collection":[{"href":"https:\/\/www.meridioband.com\/it\/wp-json\/wp\/v2\/product"}],"about":[{"href":"https:\/\/www.meridioband.com\/it\/wp-json\/wp\/v2\/types\/product"}],"wp:featuredmedia":[{"embeddable":true,"href":"https:\/\/www.meridioband.com\/it\/wp-json\/wp\/v2\/media\/105332"}],"wp:attachment":[{"href":"https:\/\/www.meridioband.com\/it\/wp-json\/wp\/v2\/media?parent=105331"}],"curies":[{"name":"wp","href":"https:\/\/api.w.org\/{rel}","templated":true}]}}