{"id":10718,"date":"2017-11-10T11:01:14","date_gmt":"2017-11-10T10:01:14","guid":{"rendered":"https:\/\/www.meridioband.com\/?post_type=product&#038;p=10718"},"modified":"2023-11-24T16:59:38","modified_gmt":"2023-11-24T15:59:38","slug":"pottery-nappa-leather-band","status":"publish","type":"product","link":"https:\/\/www.meridioband.com\/it\/shop\/pottery-nappa-leather-band\/","title":{"rendered":"Pottery"},"content":{"rendered":"","protected":false},"excerpt":{"rendered":"<p><span lang=\"it\">La combinazione unica di morbidezza, durata e eleganza: \u00a0Pottery \u00e8 una fascia di cinturini\u00a0in vera pelle di alta qualit\u00e0 accompagnata da un&#8217;elegante artigianalit\u00e0. Indossare la tecnologia con semplicit\u00e0\u00a0attraverso del morbido cuoio in un colore grigio sabbia dal\u00a0design elegante ma senza pretese. Compatibile con tutti gli Apple watch series 8,ULTRA &amp; SE|7|6|5|4|3|2|1 . Adatto a casse 42\/44\/45\/49 mm<\/span><\/p>\n","protected":false},"featured_media":28428,"template":"","meta":[],"yoast_head":"<!-- This site is optimized with the Yoast SEO plugin v15.4 - https:\/\/yoast.com\/wordpress\/plugins\/seo\/ -->\n<title><\/title>\n<meta name=\"description\" content=\"The unique combination of softness, durability and elegance: coming from our Nappa collection, Pottery is a superior quality genuine leather watch band complemented by stylish craftsmanship. Wear technology in simple elegance with this sandy gray strap that features supple leather and a neat yet unpretentious design. It fits 42\/44\/45\/49 mm for Apple watch new series 8,ULTRA &amp; SE|7|6|5|4|3|2|1La combinazione unica di morbidezza, durata e eleganza: \u00a0Pottery \u00e8 una fascia di cinturini\u00a0in vera pelle di alta qualit\u00e0 accompagnata da un&#039;elegante artigianalit\u00e0. Indossare la tecnologia con semplicit\u00e0\u00a0attraverso del morbido cuoio in un colore grigio sabbia dal\u00a0design elegante ma senza pretese. Compatibile con tutti gli Apple watch series 8,ULTRA &amp; SE|7|6|5|4|3|2|1 . Adatto a casse 42\/44\/45\/49 mm\" \/>\n<meta name=\"robots\" content=\"index, follow, max-snippet:-1, max-image-preview:large, max-video-preview:-1\" \/>\n<link rel=\"canonical\" href=\"https:\/\/www.meridioband.com\/shop\/pottery-nappa-leather-band\/\" \/>\n<meta property=\"og:locale\" content=\"it_IT\" \/>\n<meta property=\"og:type\" content=\"article\" \/>\n<meta property=\"og:title\" content=\"[:en]Pottery Apple watch nappa band handmade in Italy | Meridio[:]\" \/>\n<meta property=\"og:description\" content=\"The unique combination of softness, durability and elegance: coming from our Nappa collection, Pottery is a superior quality genuine leather watch band complemented by stylish craftsmanship. Wear technology in simple elegance with this sandy gray strap that features supple leather and a neat yet unpretentious design. It fits 42\/44\/45\/49 mm for Apple watch new series 8,ULTRA &amp; SE|7|6|5|4|3|2|1La combinazione unica di morbidezza, durata e eleganza: \u00a0Pottery \u00e8 una fascia di cinturini\u00a0in vera pelle di alta qualit\u00e0 accompagnata da un&#039;elegante artigianalit\u00e0. Indossare la tecnologia con semplicit\u00e0\u00a0attraverso del morbido cuoio in un colore grigio sabbia dal\u00a0design elegante ma senza pretese. Compatibile con tutti gli Apple watch series 8,ULTRA &amp; SE|7|6|5|4|3|2|1 . Adatto a casse 42\/44\/45\/49 mm\" \/>\n<meta property=\"og:url\" content=\"https:\/\/www.meridioband.com\/shop\/pottery-nappa-leather-band\/\" \/>\n<meta property=\"og:site_name\" content=\"Meridio\" \/>\n<meta property=\"article:modified_time\" content=\"2023-11-24T15:59:38+00:00\" \/>\n<meta property=\"og:image\" content=\"https:\/\/www.meridioband.com\/wp-content\/uploads\/2017\/11\/Pottery-AW-nappa-band-on-air-space-grey-adapters-1.jpg\" \/>\n\t<meta property=\"og:image:width\" content=\"705\" \/>\n\t<meta property=\"og:image:height\" content=\"489\" \/>\n<meta property=\"fb:app_id\" content=\"936312143118740\" \/>\n<meta name=\"twitter:card\" content=\"summary\" \/>\n<meta name=\"twitter:creator\" content=\"@meridioband\" \/>\n<meta name=\"twitter:site\" content=\"@meridioband\" \/>\n<meta name=\"twitter:label1\" content=\"Scritto da\">\n\t<meta name=\"twitter:data1\" content=\"Luigi Celeste\">\n<script type=\"application\/ld+json\" class=\"yoast-schema-graph\">{\"@context\":\"https:\/\/schema.org\",\"@graph\":[{\"@type\":\"Organization\",\"@id\":\"https:\/\/www.meridioband.com\/#organization\",\"name\":\"Meridio\",\"url\":\"https:\/\/www.meridioband.com\/\",\"sameAs\":[\"https:\/\/instagram.com\/meridioband\",\"https:\/\/it.pinterest.com\/meridioband\/\",\"https:\/\/twitter.com\/meridioband\"],\"logo\":{\"@type\":\"ImageObject\",\"@id\":\"https:\/\/www.meridioband.com\/#logo\",\"inLanguage\":\"it-IT\",\"url\":\"https:\/\/www.meridioband.com\/wp-content\/uploads\/2015\/09\/Meridio-black.png\",\"width\":591,\"height\":231,\"caption\":\"Meridio\"},\"image\":{\"@id\":\"https:\/\/www.meridioband.com\/#logo\"}},{\"@type\":\"WebSite\",\"@id\":\"https:\/\/www.meridioband.com\/#website\",\"url\":\"https:\/\/www.meridioband.com\/\",\"name\":\"Meridio\",\"description\":\"L&#039;alchimia del Patrimonio italiano nelle mani di preziosi artigiani capace di realizzare esclusivi prodotti di pelle lavorati a mano per il tuo Apple watch ed il tuo tempo libero\",\"publisher\":{\"@id\":\"https:\/\/www.meridioband.com\/#organization\"},\"potentialAction\":[{\"@type\":\"SearchAction\",\"target\":\"https:\/\/www.meridioband.com\/?s={search_term_string}\",\"query-input\":\"required name=search_term_string\"}],\"inLanguage\":\"it-IT\"},{\"@type\":\"ImageObject\",\"@id\":\"https:\/\/www.meridioband.com\/shop\/pottery-nappa-leather-band\/#primaryimage\",\"inLanguage\":\"it-IT\",\"url\":\"https:\/\/www.meridioband.com\/wp-content\/uploads\/2017\/11\/Pottery-AW-nappa-band-on-air-space-grey-adapters-1.jpg\",\"width\":705,\"height\":489,\"caption\":\"Pottery-AW-nappa-band-on-air-space-grey-adapters\"},{\"@type\":\"WebPage\",\"@id\":\"https:\/\/www.meridioband.com\/shop\/pottery-nappa-leather-band\/#webpage\",\"url\":\"https:\/\/www.meridioband.com\/shop\/pottery-nappa-leather-band\/\",\"name\":\"[:en]Pottery Apple watch nappa band handmade in Italy | Meridio[:]\",\"isPartOf\":{\"@id\":\"https:\/\/www.meridioband.com\/#website\"},\"primaryImageOfPage\":{\"@id\":\"https:\/\/www.meridioband.com\/shop\/pottery-nappa-leather-band\/#primaryimage\"},\"datePublished\":\"2017-11-10T10:01:14+00:00\",\"dateModified\":\"2023-11-24T15:59:38+00:00\",\"description\":\"The unique combination of softness, durability and elegance: coming from our Nappa collection, Pottery is a superior quality genuine leather watch band complemented by stylish craftsmanship. Wear technology in simple elegance with this sandy gray strap that features supple leather and a neat yet unpretentious design. It fits 42\/44\/45\/49 mm for Apple watch new series 8,ULTRA &amp; SE|7|6|5|4|3|2|1La combinazione unica di morbidezza, durata e eleganza: \\u00a0Pottery \\u00e8 una fascia di cinturini\\u00a0in vera pelle di alta qualit\\u00e0 accompagnata da un'elegante artigianalit\\u00e0. Indossare la tecnologia con semplicit\\u00e0\\u00a0attraverso del morbido cuoio in un colore grigio sabbia dal\\u00a0design elegante ma senza pretese. Compatibile con tutti gli Apple watch series 8,ULTRA &amp; SE|7|6|5|4|3|2|1 . Adatto a casse 42\/44\/45\/49 mm\",\"breadcrumb\":{\"@id\":\"https:\/\/www.meridioband.com\/shop\/pottery-nappa-leather-band\/#breadcrumb\"},\"inLanguage\":\"it-IT\",\"potentialAction\":[{\"@type\":\"ReadAction\",\"target\":[\"https:\/\/www.meridioband.com\/shop\/pottery-nappa-leather-band\/\"]}]},{\"@type\":\"BreadcrumbList\",\"@id\":\"https:\/\/www.meridioband.com\/shop\/pottery-nappa-leather-band\/#breadcrumb\",\"itemListElement\":[{\"@type\":\"ListItem\",\"position\":1,\"item\":{\"@type\":\"WebPage\",\"@id\":\"https:\/\/www.meridioband.com\/\",\"url\":\"https:\/\/www.meridioband.com\/\",\"name\":\"Home\"}},{\"@type\":\"ListItem\",\"position\":2,\"item\":{\"@type\":\"WebPage\",\"@id\":\"https:\/\/www.meridioband.com\/shop\/\",\"url\":\"https:\/\/www.meridioband.com\/shop\/\",\"name\":\"Shop\"}},{\"@type\":\"ListItem\",\"position\":3,\"item\":{\"@type\":\"WebPage\",\"@id\":\"https:\/\/www.meridioband.com\/leather\/nappa-watch-straps\/\",\"url\":\"https:\/\/www.meridioband.com\/leather\/nappa-watch-straps\/\",\"name\":\"Nappa\"}},{\"@type\":\"ListItem\",\"position\":4,\"item\":{\"@type\":\"WebPage\",\"@id\":\"https:\/\/www.meridioband.com\/shop\/pottery-nappa-leather-band\/\",\"url\":\"https:\/\/www.meridioband.com\/shop\/pottery-nappa-leather-band\/\",\"name\":\"Pottery\"}}]}]}<\/script>\n<!-- \/ Yoast SEO plugin. -->","_links":{"self":[{"href":"https:\/\/www.meridioband.com\/it\/wp-json\/wp\/v2\/product\/10718"}],"collection":[{"href":"https:\/\/www.meridioband.com\/it\/wp-json\/wp\/v2\/product"}],"about":[{"href":"https:\/\/www.meridioband.com\/it\/wp-json\/wp\/v2\/types\/product"}],"wp:featuredmedia":[{"embeddable":true,"href":"https:\/\/www.meridioband.com\/it\/wp-json\/wp\/v2\/media\/28428"}],"wp:attachment":[{"href":"https:\/\/www.meridioband.com\/it\/wp-json\/wp\/v2\/media?parent=10718"}],"curies":[{"name":"wp","href":"https:\/\/api.w.org\/{rel}","templated":true}]}}