{"id":13849,"date":"2018-05-15T11:15:35","date_gmt":"2018-05-15T09:15:35","guid":{"rendered":"https:\/\/www.meridioband.com\/?post_type=product&#038;p=13849"},"modified":"2022-12-12T12:29:42","modified_gmt":"2022-12-12T11:29:42","slug":"deep-leaf-full-grain-leather-band","status":"publish","type":"product","link":"https:\/\/www.meridioband.com\/it\/shop\/deep-leaf-full-grain-leather-band\/","title":{"rendered":"Deep Leaf"},"content":{"rendered":"","protected":false},"excerpt":{"rendered":"<p>Un verde unico e naturale prende sul cuoio una forza glamour, richiamando le mille sfumature di foglie sugli alberi. Questo cinturino \u00e8 molto particolare a causa dell&#8217;intensit\u00e0 delle pigmentazioni nella pelle. Ideale per chi ama le tonalit\u00e0 naturali. Sembra fantastico da indossare con qualsiasi altro colore sia per un outfit da giorno casual che per le occasioni pi\u00f9 speciali. Disponibile per tutti gli Apple watch serie 8,7 &amp; SE e 6|5|4|3 |2|1. Disponibile solo per casse 38\/40\/41mm\u00a0<\/p>\n","protected":false},"featured_media":27488,"template":"","meta":[],"yoast_head":"<!-- This site is optimized with the Yoast SEO plugin v15.4 - https:\/\/yoast.com\/wordpress\/plugins\/seo\/ -->\n<title>Deep Leaf Apple watch green genuine leather band made in Italy | Meridio<\/title>\n<meta name=\"description\" content=\"[:en]Apple watch band strong green - Clay collection.This strap is very peculiar because of the intensity of the pigmentations in the leather.[:]\" \/>\n<meta name=\"robots\" content=\"index, follow, max-snippet:-1, max-image-preview:large, max-video-preview:-1\" \/>\n<link rel=\"canonical\" href=\"https:\/\/www.meridioband.com\/shop\/deep-leaf-full-grain-leather-band\/\" \/>\n<meta property=\"og:locale\" content=\"it_IT\" \/>\n<meta property=\"og:type\" content=\"article\" \/>\n<meta property=\"og:title\" content=\"Deep Leaf Apple watch green genuine leather band made in Italy | Meridio\" \/>\n<meta property=\"og:description\" content=\"[:en]Apple watch band strong green - Clay collection.This strap is very peculiar because of the intensity of the pigmentations in the leather.[:]\" \/>\n<meta property=\"og:url\" content=\"https:\/\/www.meridioband.com\/shop\/deep-leaf-full-grain-leather-band\/\" \/>\n<meta property=\"og:site_name\" content=\"Meridio\" \/>\n<meta property=\"article:modified_time\" content=\"2022-12-12T11:29:42+00:00\" \/>\n<meta property=\"og:image\" content=\"https:\/\/www.meridioband.com\/wp-content\/uploads\/2018\/05\/Deep-Leaf-Apple-watch-green-genuine-leather-band-on-air-space-grey-adapters.jpg\" \/>\n\t<meta property=\"og:image:width\" content=\"705\" \/>\n\t<meta property=\"og:image:height\" content=\"489\" \/>\n<meta property=\"fb:app_id\" content=\"936312143118740\" \/>\n<meta name=\"twitter:card\" content=\"summary\" \/>\n<meta name=\"twitter:creator\" content=\"@meridioband\" \/>\n<meta name=\"twitter:site\" content=\"@meridioband\" \/>\n<meta name=\"twitter:label1\" content=\"Scritto da\">\n\t<meta name=\"twitter:data1\" content=\"Luigi Celeste\">\n<script type=\"application\/ld+json\" class=\"yoast-schema-graph\">{\"@context\":\"https:\/\/schema.org\",\"@graph\":[{\"@type\":\"Organization\",\"@id\":\"https:\/\/www.meridioband.com\/#organization\",\"name\":\"Meridio\",\"url\":\"https:\/\/www.meridioband.com\/\",\"sameAs\":[\"https:\/\/instagram.com\/meridioband\",\"https:\/\/it.pinterest.com\/meridioband\/\",\"https:\/\/twitter.com\/meridioband\"],\"logo\":{\"@type\":\"ImageObject\",\"@id\":\"https:\/\/www.meridioband.com\/#logo\",\"inLanguage\":\"it-IT\",\"url\":\"https:\/\/www.meridioband.com\/wp-content\/uploads\/2015\/09\/Meridio-black.png\",\"width\":591,\"height\":231,\"caption\":\"Meridio\"},\"image\":{\"@id\":\"https:\/\/www.meridioband.com\/#logo\"}},{\"@type\":\"WebSite\",\"@id\":\"https:\/\/www.meridioband.com\/#website\",\"url\":\"https:\/\/www.meridioband.com\/\",\"name\":\"Meridio\",\"description\":\"L&#039;alchimia del Patrimonio italiano nelle mani di preziosi artigiani capace di realizzare esclusivi prodotti di pelle lavorati a mano per il tuo Apple watch ed il tuo tempo libero\",\"publisher\":{\"@id\":\"https:\/\/www.meridioband.com\/#organization\"},\"potentialAction\":[{\"@type\":\"SearchAction\",\"target\":\"https:\/\/www.meridioband.com\/?s={search_term_string}\",\"query-input\":\"required name=search_term_string\"}],\"inLanguage\":\"it-IT\"},{\"@type\":\"ImageObject\",\"@id\":\"https:\/\/www.meridioband.com\/shop\/deep-leaf-full-grain-leather-band\/#primaryimage\",\"inLanguage\":\"it-IT\",\"url\":\"https:\/\/www.meridioband.com\/wp-content\/uploads\/2018\/05\/Deep-Leaf-Apple-watch-green-genuine-leather-band-on-air-space-grey-adapters.jpg\",\"width\":705,\"height\":489,\"caption\":\"Deep-Leaf-Apple-watch-green-genuine-leather-band-on-air-space-grey-adapters\"},{\"@type\":\"WebPage\",\"@id\":\"https:\/\/www.meridioband.com\/shop\/deep-leaf-full-grain-leather-band\/#webpage\",\"url\":\"https:\/\/www.meridioband.com\/shop\/deep-leaf-full-grain-leather-band\/\",\"name\":\"Deep Leaf Apple watch green genuine leather band made in Italy | Meridio\",\"isPartOf\":{\"@id\":\"https:\/\/www.meridioband.com\/#website\"},\"primaryImageOfPage\":{\"@id\":\"https:\/\/www.meridioband.com\/shop\/deep-leaf-full-grain-leather-band\/#primaryimage\"},\"datePublished\":\"2018-05-15T09:15:35+00:00\",\"dateModified\":\"2022-12-12T11:29:42+00:00\",\"description\":\"[:en]Apple watch band strong green - Clay collection.This strap is very peculiar because of the intensity of the pigmentations in the leather.[:]\",\"breadcrumb\":{\"@id\":\"https:\/\/www.meridioband.com\/shop\/deep-leaf-full-grain-leather-band\/#breadcrumb\"},\"inLanguage\":\"it-IT\",\"potentialAction\":[{\"@type\":\"ReadAction\",\"target\":[\"https:\/\/www.meridioband.com\/shop\/deep-leaf-full-grain-leather-band\/\"]}]},{\"@type\":\"BreadcrumbList\",\"@id\":\"https:\/\/www.meridioband.com\/shop\/deep-leaf-full-grain-leather-band\/#breadcrumb\",\"itemListElement\":[{\"@type\":\"ListItem\",\"position\":1,\"item\":{\"@type\":\"WebPage\",\"@id\":\"https:\/\/www.meridioband.com\/\",\"url\":\"https:\/\/www.meridioband.com\/\",\"name\":\"Home\"}},{\"@type\":\"ListItem\",\"position\":2,\"item\":{\"@type\":\"WebPage\",\"@id\":\"https:\/\/www.meridioband.com\/shop\/\",\"url\":\"https:\/\/www.meridioband.com\/shop\/\",\"name\":\"Shop\"}},{\"@type\":\"ListItem\",\"position\":3,\"item\":{\"@type\":\"WebPage\",\"@id\":\"https:\/\/www.meridioband.com\/leather\/apple-watch-bands-38mm\/\",\"url\":\"https:\/\/www.meridioband.com\/leather\/apple-watch-bands-38mm\/\",\"name\":\"38 mm\"}},{\"@type\":\"ListItem\",\"position\":4,\"item\":{\"@type\":\"WebPage\",\"@id\":\"https:\/\/www.meridioband.com\/shop\/deep-leaf-full-grain-leather-band\/\",\"url\":\"https:\/\/www.meridioband.com\/shop\/deep-leaf-full-grain-leather-band\/\",\"name\":\"Deep Leaf\"}}]}]}<\/script>\n<!-- \/ Yoast SEO plugin. -->","_links":{"self":[{"href":"https:\/\/www.meridioband.com\/it\/wp-json\/wp\/v2\/product\/13849"}],"collection":[{"href":"https:\/\/www.meridioband.com\/it\/wp-json\/wp\/v2\/product"}],"about":[{"href":"https:\/\/www.meridioband.com\/it\/wp-json\/wp\/v2\/types\/product"}],"wp:featuredmedia":[{"embeddable":true,"href":"https:\/\/www.meridioband.com\/it\/wp-json\/wp\/v2\/media\/27488"}],"wp:attachment":[{"href":"https:\/\/www.meridioband.com\/it\/wp-json\/wp\/v2\/media?parent=13849"}],"curies":[{"name":"wp","href":"https:\/\/api.w.org\/{rel}","templated":true}]}}