{"id":14166,"date":"2018-05-30T00:59:16","date_gmt":"2018-05-29T22:59:16","guid":{"rendered":"https:\/\/www.meridioband.com\/?post_type=product&#038;p=14166"},"modified":"2026-03-17T17:45:22","modified_gmt":"2026-03-17T16:45:22","slug":"turquoise-nappa-leather-band","status":"publish","type":"product","link":"https:\/\/www.meridioband.com\/it\/shop\/turquoise-nappa-leather-band\/","title":{"rendered":"Turquoise"},"content":{"rendered":"","protected":false},"excerpt":{"rendered":"<p>Questo cinturino in turchese \u00e8 la scelta giusta per un look al passo con le passerelle della moda. Combinato con un abito della stessa nuance Sar\u00e0 il tocco in pi\u00f9 che non ti far\u00e0 passare inosservato. Adatto per tutti i nuovi Apple watch series 7 &amp; SE e 6|5|4|3|2|1 solo per 38\/40\/41 mm<\/p>\n","protected":false},"featured_media":101134,"template":"","meta":[],"yoast_head":"<!-- This site is optimized with the Yoast SEO plugin v15.4 - https:\/\/yoast.com\/wordpress\/plugins\/seo\/ -->\n<title><\/title>\n<meta name=\"description\" content=\"[:en]Spring\/summer color,turquoise apple watch band in leather made in Italy. Combined with a dress in the same nuance and a fishnet-bag..[:]\" \/>\n<meta name=\"robots\" content=\"index, follow, max-snippet:-1, max-image-preview:large, max-video-preview:-1\" \/>\n<link rel=\"canonical\" href=\"https:\/\/www.meridioband.com\/shop\/turquoise-nappa-leather-band\/\" \/>\n<meta property=\"og:locale\" content=\"it_IT\" \/>\n<meta property=\"og:type\" content=\"article\" \/>\n<meta property=\"og:title\" content=\"[:en]Turquoise Apple watch nappa leather band handmade in Italy | Meridio[:]\" \/>\n<meta property=\"og:description\" content=\"[:en]Spring\/summer color,turquoise apple watch band in leather made in Italy. Combined with a dress in the same nuance and a fishnet-bag..[:]\" \/>\n<meta property=\"og:url\" content=\"https:\/\/www.meridioband.com\/shop\/turquoise-nappa-leather-band\/\" \/>\n<meta property=\"og:site_name\" content=\"Meridio\" \/>\n<meta property=\"article:modified_time\" content=\"2026-03-17T16:45:22+00:00\" \/>\n<meta property=\"og:image\" content=\"https:\/\/www.meridioband.com\/wp-content\/uploads\/2019\/04\/Turquoise_Nappa_leather-band_aluminium_gold_case_flying.jpg\" \/>\n\t<meta property=\"og:image:width\" content=\"705\" \/>\n\t<meta property=\"og:image:height\" content=\"489\" \/>\n<meta property=\"fb:app_id\" content=\"936312143118740\" \/>\n<meta name=\"twitter:card\" content=\"summary\" \/>\n<meta name=\"twitter:creator\" content=\"@meridioband\" \/>\n<meta name=\"twitter:site\" content=\"@meridioband\" \/>\n<meta name=\"twitter:label1\" content=\"Scritto da\">\n\t<meta name=\"twitter:data1\" content=\"Luigi Celeste\">\n<script type=\"application\/ld+json\" class=\"yoast-schema-graph\">{\"@context\":\"https:\/\/schema.org\",\"@graph\":[{\"@type\":\"Organization\",\"@id\":\"https:\/\/www.meridioband.com\/#organization\",\"name\":\"Meridio\",\"url\":\"https:\/\/www.meridioband.com\/\",\"sameAs\":[\"https:\/\/instagram.com\/meridioband\",\"https:\/\/it.pinterest.com\/meridioband\/\",\"https:\/\/twitter.com\/meridioband\"],\"logo\":{\"@type\":\"ImageObject\",\"@id\":\"https:\/\/www.meridioband.com\/#logo\",\"inLanguage\":\"it-IT\",\"url\":\"https:\/\/www.meridioband.com\/wp-content\/uploads\/2015\/09\/Meridio-black.png\",\"width\":591,\"height\":231,\"caption\":\"Meridio\"},\"image\":{\"@id\":\"https:\/\/www.meridioband.com\/#logo\"}},{\"@type\":\"WebSite\",\"@id\":\"https:\/\/www.meridioband.com\/#website\",\"url\":\"https:\/\/www.meridioband.com\/\",\"name\":\"Meridio\",\"description\":\"L&#039;alchimia del Patrimonio italiano nelle mani di preziosi artigiani capace di realizzare esclusivi prodotti di pelle lavorati a mano per il tuo Apple watch ed il tuo tempo libero\",\"publisher\":{\"@id\":\"https:\/\/www.meridioband.com\/#organization\"},\"potentialAction\":[{\"@type\":\"SearchAction\",\"target\":\"https:\/\/www.meridioband.com\/?s={search_term_string}\",\"query-input\":\"required name=search_term_string\"}],\"inLanguage\":\"it-IT\"},{\"@type\":\"ImageObject\",\"@id\":\"https:\/\/www.meridioband.com\/shop\/turquoise-nappa-leather-band\/#primaryimage\",\"inLanguage\":\"it-IT\",\"url\":\"https:\/\/www.meridioband.com\/wp-content\/uploads\/2019\/04\/Turquoise_Nappa_leather-band_aluminium_gold_case_flying.jpg\",\"width\":705,\"height\":489,\"caption\":\"Turquoise_Nappa_leather-band_aluminium_gold_case_flying\"},{\"@type\":\"WebPage\",\"@id\":\"https:\/\/www.meridioband.com\/shop\/turquoise-nappa-leather-band\/#webpage\",\"url\":\"https:\/\/www.meridioband.com\/shop\/turquoise-nappa-leather-band\/\",\"name\":\"[:en]Turquoise Apple watch nappa leather band handmade in Italy | Meridio[:]\",\"isPartOf\":{\"@id\":\"https:\/\/www.meridioband.com\/#website\"},\"primaryImageOfPage\":{\"@id\":\"https:\/\/www.meridioband.com\/shop\/turquoise-nappa-leather-band\/#primaryimage\"},\"datePublished\":\"2018-05-29T22:59:16+00:00\",\"dateModified\":\"2026-03-17T16:45:22+00:00\",\"description\":\"[:en]Spring\/summer color,turquoise apple watch band in leather made in Italy. Combined with a dress in the same nuance and a fishnet-bag..[:]\",\"breadcrumb\":{\"@id\":\"https:\/\/www.meridioband.com\/shop\/turquoise-nappa-leather-band\/#breadcrumb\"},\"inLanguage\":\"it-IT\",\"potentialAction\":[{\"@type\":\"ReadAction\",\"target\":[\"https:\/\/www.meridioband.com\/shop\/turquoise-nappa-leather-band\/\"]}]},{\"@type\":\"BreadcrumbList\",\"@id\":\"https:\/\/www.meridioband.com\/shop\/turquoise-nappa-leather-band\/#breadcrumb\",\"itemListElement\":[{\"@type\":\"ListItem\",\"position\":1,\"item\":{\"@type\":\"WebPage\",\"@id\":\"https:\/\/www.meridioband.com\/\",\"url\":\"https:\/\/www.meridioband.com\/\",\"name\":\"Home\"}},{\"@type\":\"ListItem\",\"position\":2,\"item\":{\"@type\":\"WebPage\",\"@id\":\"https:\/\/www.meridioband.com\/shop\/\",\"url\":\"https:\/\/www.meridioband.com\/shop\/\",\"name\":\"Shop\"}},{\"@type\":\"ListItem\",\"position\":3,\"item\":{\"@type\":\"WebPage\",\"@id\":\"https:\/\/www.meridioband.com\/leather\/apple-watch-bands-38mm\/\",\"url\":\"https:\/\/www.meridioband.com\/leather\/apple-watch-bands-38mm\/\",\"name\":\"38 mm\"}},{\"@type\":\"ListItem\",\"position\":4,\"item\":{\"@type\":\"WebPage\",\"@id\":\"https:\/\/www.meridioband.com\/shop\/turquoise-nappa-leather-band\/\",\"url\":\"https:\/\/www.meridioband.com\/shop\/turquoise-nappa-leather-band\/\",\"name\":\"Turquoise\"}}]}]}<\/script>\n<!-- \/ Yoast SEO plugin. -->","_links":{"self":[{"href":"https:\/\/www.meridioband.com\/it\/wp-json\/wp\/v2\/product\/14166"}],"collection":[{"href":"https:\/\/www.meridioband.com\/it\/wp-json\/wp\/v2\/product"}],"about":[{"href":"https:\/\/www.meridioband.com\/it\/wp-json\/wp\/v2\/types\/product"}],"wp:featuredmedia":[{"embeddable":true,"href":"https:\/\/www.meridioband.com\/it\/wp-json\/wp\/v2\/media\/101134"}],"wp:attachment":[{"href":"https:\/\/www.meridioband.com\/it\/wp-json\/wp\/v2\/media?parent=14166"}],"curies":[{"name":"wp","href":"https:\/\/api.w.org\/{rel}","templated":true}]}}