{"id":14842,"date":"2018-07-24T19:48:25","date_gmt":"2018-07-24T17:48:25","guid":{"rendered":"https:\/\/www.meridioband.com\/?post_type=product&#038;p=14842"},"modified":"2025-10-14T09:40:17","modified_gmt":"2025-10-14T07:40:17","slug":"submarine-natural-rubber-band","status":"publish","type":"product","link":"https:\/\/www.meridioband.com\/it\/shop\/submarine-natural-rubber-band\/","title":{"rendered":"Submarine"},"content":{"rendered":"","protected":false},"excerpt":{"rendered":"<p>Chi l\u2019ha detto che non si pu\u00f2 essere di tendenza anche mentre si fa sport? Questo cinturino per apple watch band \u00e8 il punto di convergenza fra il gusto classico e i materiali tecnici sportivi: il caucci\u00f9\u00a0ed il poliestere sono materiali resistenti all\u2019acqua e dalla perfetta vestibilit\u00e0 impreziositi da una lavorazione a mano fatto da artigiani in Italia.\u00a0Il disegno al suo interno \u00e8 realizzato esclusivamente per Meridio. Disponibile per la nuova serie 8,Ultra &amp; 7|SE e precedenti 6|5|4|3|2|1 \u00a0per cassa \u00a038\/40\/41mm\u00a0<\/p>\n","protected":false},"featured_media":29561,"template":"","meta":[],"yoast_head":"<!-- This site is optimized with the Yoast SEO plugin v15.4 - https:\/\/yoast.com\/wordpress\/plugins\/seo\/ -->\n<title><\/title>\n<meta name=\"description\" content=\"[:en]The point of convergence between the classy taste and technical materials: natural rubber and polyester, water-resistant with stitching handmade in Italy[:]\" \/>\n<meta name=\"robots\" content=\"index, follow, max-snippet:-1, max-image-preview:large, max-video-preview:-1\" \/>\n<link rel=\"canonical\" href=\"https:\/\/www.meridioband.com\/shop\/submarine-natural-rubber-band\/\" \/>\n<meta property=\"og:locale\" content=\"it_IT\" \/>\n<meta property=\"og:type\" content=\"article\" \/>\n<meta property=\"og:title\" content=\"[:en]Submarine Apple watch yellow natural rubber band | Meridio[:]\" \/>\n<meta property=\"og:description\" content=\"[:en]The point of convergence between the classy taste and technical materials: natural rubber and polyester, water-resistant with stitching handmade in Italy[:]\" \/>\n<meta property=\"og:url\" content=\"https:\/\/www.meridioband.com\/shop\/submarine-natural-rubber-band\/\" \/>\n<meta property=\"og:site_name\" content=\"Meridio\" \/>\n<meta property=\"article:modified_time\" content=\"2025-10-14T07:40:17+00:00\" \/>\n<meta property=\"og:image\" content=\"https:\/\/www.meridioband.com\/wp-content\/uploads\/2018\/07\/output-apple-3.jpg\" \/>\n\t<meta property=\"og:image:width\" content=\"705\" \/>\n\t<meta property=\"og:image:height\" content=\"488\" \/>\n<meta property=\"fb:app_id\" content=\"936312143118740\" \/>\n<meta name=\"twitter:card\" content=\"summary\" \/>\n<meta name=\"twitter:creator\" content=\"@meridioband\" \/>\n<meta name=\"twitter:site\" content=\"@meridioband\" \/>\n<meta name=\"twitter:label1\" content=\"Scritto da\">\n\t<meta name=\"twitter:data1\" content=\"Luigi Celeste\">\n<script type=\"application\/ld+json\" class=\"yoast-schema-graph\">{\"@context\":\"https:\/\/schema.org\",\"@graph\":[{\"@type\":\"Organization\",\"@id\":\"https:\/\/www.meridioband.com\/#organization\",\"name\":\"Meridio\",\"url\":\"https:\/\/www.meridioband.com\/\",\"sameAs\":[\"https:\/\/instagram.com\/meridioband\",\"https:\/\/it.pinterest.com\/meridioband\/\",\"https:\/\/twitter.com\/meridioband\"],\"logo\":{\"@type\":\"ImageObject\",\"@id\":\"https:\/\/www.meridioband.com\/#logo\",\"inLanguage\":\"it-IT\",\"url\":\"https:\/\/www.meridioband.com\/wp-content\/uploads\/2015\/09\/Meridio-black.png\",\"width\":591,\"height\":231,\"caption\":\"Meridio\"},\"image\":{\"@id\":\"https:\/\/www.meridioband.com\/#logo\"}},{\"@type\":\"WebSite\",\"@id\":\"https:\/\/www.meridioband.com\/#website\",\"url\":\"https:\/\/www.meridioband.com\/\",\"name\":\"Meridio\",\"description\":\"L&#039;alchimia del Patrimonio italiano nelle mani di preziosi artigiani capace di realizzare esclusivi prodotti di pelle lavorati a mano per il tuo Apple watch ed il tuo tempo libero\",\"publisher\":{\"@id\":\"https:\/\/www.meridioband.com\/#organization\"},\"potentialAction\":[{\"@type\":\"SearchAction\",\"target\":\"https:\/\/www.meridioband.com\/?s={search_term_string}\",\"query-input\":\"required name=search_term_string\"}],\"inLanguage\":\"it-IT\"},{\"@type\":\"ImageObject\",\"@id\":\"https:\/\/www.meridioband.com\/shop\/submarine-natural-rubber-band\/#primaryimage\",\"inLanguage\":\"it-IT\",\"url\":\"https:\/\/www.meridioband.com\/wp-content\/uploads\/2018\/07\/output-apple-3.jpg\",\"width\":705,\"height\":488},{\"@type\":\"WebPage\",\"@id\":\"https:\/\/www.meridioband.com\/shop\/submarine-natural-rubber-band\/#webpage\",\"url\":\"https:\/\/www.meridioband.com\/shop\/submarine-natural-rubber-band\/\",\"name\":\"[:en]Submarine Apple watch yellow natural rubber band | Meridio[:]\",\"isPartOf\":{\"@id\":\"https:\/\/www.meridioband.com\/#website\"},\"primaryImageOfPage\":{\"@id\":\"https:\/\/www.meridioband.com\/shop\/submarine-natural-rubber-band\/#primaryimage\"},\"datePublished\":\"2018-07-24T17:48:25+00:00\",\"dateModified\":\"2025-10-14T07:40:17+00:00\",\"description\":\"[:en]The point of convergence between the classy taste and technical materials: natural rubber and polyester, water-resistant with stitching handmade in Italy[:]\",\"breadcrumb\":{\"@id\":\"https:\/\/www.meridioband.com\/shop\/submarine-natural-rubber-band\/#breadcrumb\"},\"inLanguage\":\"it-IT\",\"potentialAction\":[{\"@type\":\"ReadAction\",\"target\":[\"https:\/\/www.meridioband.com\/shop\/submarine-natural-rubber-band\/\"]}]},{\"@type\":\"BreadcrumbList\",\"@id\":\"https:\/\/www.meridioband.com\/shop\/submarine-natural-rubber-band\/#breadcrumb\",\"itemListElement\":[{\"@type\":\"ListItem\",\"position\":1,\"item\":{\"@type\":\"WebPage\",\"@id\":\"https:\/\/www.meridioband.com\/\",\"url\":\"https:\/\/www.meridioband.com\/\",\"name\":\"Home\"}},{\"@type\":\"ListItem\",\"position\":2,\"item\":{\"@type\":\"WebPage\",\"@id\":\"https:\/\/www.meridioband.com\/shop\/\",\"url\":\"https:\/\/www.meridioband.com\/shop\/\",\"name\":\"Shop\"}},{\"@type\":\"ListItem\",\"position\":3,\"item\":{\"@type\":\"WebPage\",\"@id\":\"https:\/\/www.meridioband.com\/leather\/caoutchouc\/\",\"url\":\"https:\/\/www.meridioband.com\/leather\/caoutchouc\/\",\"name\":\"Caoutchouc\"}},{\"@type\":\"ListItem\",\"position\":4,\"item\":{\"@type\":\"WebPage\",\"@id\":\"https:\/\/www.meridioband.com\/shop\/submarine-natural-rubber-band\/\",\"url\":\"https:\/\/www.meridioband.com\/shop\/submarine-natural-rubber-band\/\",\"name\":\"Submarine\"}}]}]}<\/script>\n<!-- \/ Yoast SEO plugin. -->","_links":{"self":[{"href":"https:\/\/www.meridioband.com\/it\/wp-json\/wp\/v2\/product\/14842"}],"collection":[{"href":"https:\/\/www.meridioband.com\/it\/wp-json\/wp\/v2\/product"}],"about":[{"href":"https:\/\/www.meridioband.com\/it\/wp-json\/wp\/v2\/types\/product"}],"wp:featuredmedia":[{"embeddable":true,"href":"https:\/\/www.meridioband.com\/it\/wp-json\/wp\/v2\/media\/29561"}],"wp:attachment":[{"href":"https:\/\/www.meridioband.com\/it\/wp-json\/wp\/v2\/media?parent=14842"}],"curies":[{"name":"wp","href":"https:\/\/api.w.org\/{rel}","templated":true}]}}