{"id":14886,"date":"2018-07-24T19:48:44","date_gmt":"2018-07-24T17:48:44","guid":{"rendered":"https:\/\/www.meridioband.com\/?post_type=product&#038;p=14886"},"modified":"2025-10-14T09:40:17","modified_gmt":"2025-10-14T07:40:17","slug":"deep-ocean-natural-rubber-band","status":"publish","type":"product","link":"https:\/\/www.meridioband.com\/it\/shop\/deep-ocean-natural-rubber-band\/","title":{"rendered":"Deep Ocean"},"content":{"rendered":"","protected":false},"excerpt":{"rendered":"<p>Un blu profondo, elegante e sofisticato che richiama inevitabilmente il colore\u00a0delle profondit\u00e0 marine e degli abissi inesplorati. Non \u00e8 un caso, quindi, che questo cinturino in caucci\u00f9, curato nei minimi dettagli e completamente rifinito a mano in\u00a0cotone nella conceria in Italia, sia resistente all\u2019acqua ed adatto all\u2019attivit\u00e0 fisica anche subacquea. Disponibile per ogni Apple watch series 8,Ultra &amp; SE|7|6|5 |4|3|2|1; interno grigio per le casse 38\/40\/41mm mentre della stessa tonalit\u00e0 di blue per la versione in 42\/44\/45\/49 mm<\/p>\n","protected":false},"featured_media":99850,"template":"","meta":[],"yoast_head":"<!-- This site is optimized with the Yoast SEO plugin v15.4 - https:\/\/yoast.com\/wordpress\/plugins\/seo\/ -->\n<title><\/title>\n<meta name=\"description\" content=\"[:en]An apple watch band in an elegant and sophisticated natural rubber blue that inevitably calls the unexplored sea depths. Back pattern designed in Italy[:]\" \/>\n<meta name=\"robots\" content=\"index, follow, max-snippet:-1, max-image-preview:large, max-video-preview:-1\" \/>\n<link rel=\"canonical\" href=\"https:\/\/www.meridioband.com\/shop\/deep-ocean-natural-rubber-band\/\" \/>\n<meta property=\"og:locale\" content=\"it_IT\" \/>\n<meta property=\"og:type\" content=\"article\" \/>\n<meta property=\"og:title\" content=\"[:en]Deep Ocean Apple watch blue natural rubber band | Meridio[:]\" \/>\n<meta property=\"og:description\" content=\"[:en]An apple watch band in an elegant and sophisticated natural rubber blue that inevitably calls the unexplored sea depths. Back pattern designed in Italy[:]\" \/>\n<meta property=\"og:url\" content=\"https:\/\/www.meridioband.com\/shop\/deep-ocean-natural-rubber-band\/\" \/>\n<meta property=\"og:site_name\" content=\"Meridio\" \/>\n<meta property=\"article:modified_time\" content=\"2025-10-14T07:40:17+00:00\" \/>\n<meta property=\"og:image\" content=\"https:\/\/www.meridioband.com\/wp-content\/uploads\/2018\/07\/Deep-Ocean-AW-caoutchouc-leather-band-on-air-space-blue-adapters.jpg\" \/>\n\t<meta property=\"og:image:width\" content=\"705\" \/>\n\t<meta property=\"og:image:height\" content=\"488\" \/>\n<meta property=\"fb:app_id\" content=\"936312143118740\" \/>\n<meta name=\"twitter:card\" content=\"summary\" \/>\n<meta name=\"twitter:creator\" content=\"@meridioband\" \/>\n<meta name=\"twitter:site\" content=\"@meridioband\" \/>\n<meta name=\"twitter:label1\" content=\"Scritto da\">\n\t<meta name=\"twitter:data1\" content=\"Luigi Celeste\">\n<script type=\"application\/ld+json\" class=\"yoast-schema-graph\">{\"@context\":\"https:\/\/schema.org\",\"@graph\":[{\"@type\":\"Organization\",\"@id\":\"https:\/\/www.meridioband.com\/#organization\",\"name\":\"Meridio\",\"url\":\"https:\/\/www.meridioband.com\/\",\"sameAs\":[\"https:\/\/instagram.com\/meridioband\",\"https:\/\/it.pinterest.com\/meridioband\/\",\"https:\/\/twitter.com\/meridioband\"],\"logo\":{\"@type\":\"ImageObject\",\"@id\":\"https:\/\/www.meridioband.com\/#logo\",\"inLanguage\":\"it-IT\",\"url\":\"https:\/\/www.meridioband.com\/wp-content\/uploads\/2015\/09\/Meridio-black.png\",\"width\":591,\"height\":231,\"caption\":\"Meridio\"},\"image\":{\"@id\":\"https:\/\/www.meridioband.com\/#logo\"}},{\"@type\":\"WebSite\",\"@id\":\"https:\/\/www.meridioband.com\/#website\",\"url\":\"https:\/\/www.meridioband.com\/\",\"name\":\"Meridio\",\"description\":\"L&#039;alchimia del Patrimonio italiano nelle mani di preziosi artigiani capace di realizzare esclusivi prodotti di pelle lavorati a mano per il tuo Apple watch ed il tuo tempo libero\",\"publisher\":{\"@id\":\"https:\/\/www.meridioband.com\/#organization\"},\"potentialAction\":[{\"@type\":\"SearchAction\",\"target\":\"https:\/\/www.meridioband.com\/?s={search_term_string}\",\"query-input\":\"required name=search_term_string\"}],\"inLanguage\":\"it-IT\"},{\"@type\":\"ImageObject\",\"@id\":\"https:\/\/www.meridioband.com\/shop\/deep-ocean-natural-rubber-band\/#primaryimage\",\"inLanguage\":\"it-IT\",\"url\":\"https:\/\/www.meridioband.com\/wp-content\/uploads\/2018\/07\/Deep-Ocean-AW-caoutchouc-leather-band-on-air-space-blue-adapters.jpg\",\"width\":705,\"height\":488,\"caption\":\"Deep-Ocean-AW-caoutchouc-leather-band-on-air-space-blue-adapters\"},{\"@type\":\"WebPage\",\"@id\":\"https:\/\/www.meridioband.com\/shop\/deep-ocean-natural-rubber-band\/#webpage\",\"url\":\"https:\/\/www.meridioband.com\/shop\/deep-ocean-natural-rubber-band\/\",\"name\":\"[:en]Deep Ocean Apple watch blue natural rubber band | Meridio[:]\",\"isPartOf\":{\"@id\":\"https:\/\/www.meridioband.com\/#website\"},\"primaryImageOfPage\":{\"@id\":\"https:\/\/www.meridioband.com\/shop\/deep-ocean-natural-rubber-band\/#primaryimage\"},\"datePublished\":\"2018-07-24T17:48:44+00:00\",\"dateModified\":\"2025-10-14T07:40:17+00:00\",\"description\":\"[:en]An apple watch band in an elegant and sophisticated natural rubber blue that inevitably calls the unexplored sea depths. Back pattern designed in Italy[:]\",\"breadcrumb\":{\"@id\":\"https:\/\/www.meridioband.com\/shop\/deep-ocean-natural-rubber-band\/#breadcrumb\"},\"inLanguage\":\"it-IT\",\"potentialAction\":[{\"@type\":\"ReadAction\",\"target\":[\"https:\/\/www.meridioband.com\/shop\/deep-ocean-natural-rubber-band\/\"]}]},{\"@type\":\"BreadcrumbList\",\"@id\":\"https:\/\/www.meridioband.com\/shop\/deep-ocean-natural-rubber-band\/#breadcrumb\",\"itemListElement\":[{\"@type\":\"ListItem\",\"position\":1,\"item\":{\"@type\":\"WebPage\",\"@id\":\"https:\/\/www.meridioband.com\/\",\"url\":\"https:\/\/www.meridioband.com\/\",\"name\":\"Home\"}},{\"@type\":\"ListItem\",\"position\":2,\"item\":{\"@type\":\"WebPage\",\"@id\":\"https:\/\/www.meridioband.com\/shop\/\",\"url\":\"https:\/\/www.meridioband.com\/shop\/\",\"name\":\"Shop\"}},{\"@type\":\"ListItem\",\"position\":3,\"item\":{\"@type\":\"WebPage\",\"@id\":\"https:\/\/www.meridioband.com\/leather\/apple-watch-bands-38mm\/\",\"url\":\"https:\/\/www.meridioband.com\/leather\/apple-watch-bands-38mm\/\",\"name\":\"38 mm\"}},{\"@type\":\"ListItem\",\"position\":4,\"item\":{\"@type\":\"WebPage\",\"@id\":\"https:\/\/www.meridioband.com\/shop\/deep-ocean-natural-rubber-band\/\",\"url\":\"https:\/\/www.meridioband.com\/shop\/deep-ocean-natural-rubber-band\/\",\"name\":\"Deep Ocean\"}}]}]}<\/script>\n<!-- \/ Yoast SEO plugin. -->","_links":{"self":[{"href":"https:\/\/www.meridioband.com\/it\/wp-json\/wp\/v2\/product\/14886"}],"collection":[{"href":"https:\/\/www.meridioband.com\/it\/wp-json\/wp\/v2\/product"}],"about":[{"href":"https:\/\/www.meridioband.com\/it\/wp-json\/wp\/v2\/types\/product"}],"wp:featuredmedia":[{"embeddable":true,"href":"https:\/\/www.meridioband.com\/it\/wp-json\/wp\/v2\/media\/99850"}],"wp:attachment":[{"href":"https:\/\/www.meridioband.com\/it\/wp-json\/wp\/v2\/media?parent=14886"}],"curies":[{"name":"wp","href":"https:\/\/api.w.org\/{rel}","templated":true}]}}