{"id":1571,"date":"2016-01-31T23:30:50","date_gmt":"2016-01-31T22:30:50","guid":{"rendered":"http:\/\/www.meridioband.com\/?post_type=product&#038;p=1571"},"modified":"2023-04-09T17:32:59","modified_gmt":"2023-04-09T15:32:59","slug":"nappa-headphone-holder","status":"publish","type":"product","link":"https:\/\/www.meridioband.com\/it\/shop\/nappa-headphone-holder\/","title":{"rendered":"Nappa Headphone Holder"},"content":{"rendered":"","protected":false},"excerpt":{"rendered":"<p>Porta cuffiette Nappa \u00e8 un accessorio Meridio in pura pelle Made in Italy. Dal carattere sportivo, riesce a combinare la sobriet\u00e0 alla praticit\u00e0 dello stile grazie alle varianti colori con cui \u00e8\u00a0rivestito<\/p>\n","protected":false},"featured_media":3365,"template":"","meta":[],"yoast_head":"<!-- This site is optimized with the Yoast SEO plugin v15.4 - https:\/\/yoast.com\/wordpress\/plugins\/seo\/ -->\n<title>Headphone holder nappa leather made in Italy | Meridio<\/title>\n<meta name=\"description\" content=\"Headphone holder made in high quality nappa leather: an exclusive Meridio accessory Made in Italy for you by great artisans.\" \/>\n<meta name=\"robots\" content=\"index, follow, max-snippet:-1, max-image-preview:large, max-video-preview:-1\" \/>\n<link rel=\"canonical\" href=\"https:\/\/www.meridioband.com\/it\/shop\/nappa-headphone-holder\/\" \/>\n<meta property=\"og:locale\" content=\"it_IT\" \/>\n<meta property=\"og:type\" content=\"article\" \/>\n<meta property=\"og:title\" content=\"Headphone holder nappa leather made in Italy | Meridio\" \/>\n<meta property=\"og:description\" content=\"Headphone holder made in high quality nappa leather: an exclusive Meridio accessory Made in Italy for you by great artisans.\" \/>\n<meta property=\"og:url\" content=\"https:\/\/www.meridioband.com\/it\/shop\/nappa-headphone-holder\/\" \/>\n<meta property=\"og:site_name\" content=\"Meridio\" \/>\n<meta property=\"article:modified_time\" content=\"2023-04-09T15:32:59+00:00\" \/>\n<meta property=\"og:image\" content=\"https:\/\/www.meridioband.com\/wp-content\/uploads\/2016\/03\/Headphone-Light-Brown-Down.png\" \/>\n\t<meta property=\"og:image:width\" content=\"1125\" \/>\n\t<meta property=\"og:image:height\" content=\"750\" \/>\n<meta property=\"fb:app_id\" content=\"936312143118740\" \/>\n<meta name=\"twitter:card\" content=\"summary\" \/>\n<meta name=\"twitter:creator\" content=\"@meridioband\" \/>\n<meta name=\"twitter:site\" content=\"@meridioband\" \/>\n<meta name=\"twitter:label1\" content=\"Scritto da\">\n\t<meta name=\"twitter:data1\" content=\"Luigi Celeste\">\n<script type=\"application\/ld+json\" class=\"yoast-schema-graph\">{\"@context\":\"https:\/\/schema.org\",\"@graph\":[{\"@type\":\"Organization\",\"@id\":\"https:\/\/www.meridioband.com\/#organization\",\"name\":\"Meridio\",\"url\":\"https:\/\/www.meridioband.com\/\",\"sameAs\":[\"https:\/\/instagram.com\/meridioband\",\"https:\/\/it.pinterest.com\/meridioband\/\",\"https:\/\/twitter.com\/meridioband\"],\"logo\":{\"@type\":\"ImageObject\",\"@id\":\"https:\/\/www.meridioband.com\/#logo\",\"inLanguage\":\"it-IT\",\"url\":\"https:\/\/www.meridioband.com\/wp-content\/uploads\/2015\/09\/Meridio-black.png\",\"width\":591,\"height\":231,\"caption\":\"Meridio\"},\"image\":{\"@id\":\"https:\/\/www.meridioband.com\/#logo\"}},{\"@type\":\"WebSite\",\"@id\":\"https:\/\/www.meridioband.com\/#website\",\"url\":\"https:\/\/www.meridioband.com\/\",\"name\":\"Meridio\",\"description\":\"L&#039;alchimia del Patrimonio italiano nelle mani di preziosi artigiani capace di realizzare esclusivi prodotti di pelle lavorati a mano per il tuo Apple watch ed il tuo tempo libero\",\"publisher\":{\"@id\":\"https:\/\/www.meridioband.com\/#organization\"},\"potentialAction\":[{\"@type\":\"SearchAction\",\"target\":\"https:\/\/www.meridioband.com\/?s={search_term_string}\",\"query-input\":\"required name=search_term_string\"}],\"inLanguage\":\"it-IT\"},{\"@type\":\"ImageObject\",\"@id\":\"https:\/\/www.meridioband.com\/it\/shop\/nappa-headphone-holder\/#primaryimage\",\"inLanguage\":\"it-IT\",\"url\":\"https:\/\/www.meridioband.com\/wp-content\/uploads\/2016\/03\/Headphone-Light-Brown-Down.png\",\"width\":1125,\"height\":750,\"caption\":\"Headphone holder Light-Brown nappa leather made in Italy\"},{\"@type\":\"WebPage\",\"@id\":\"https:\/\/www.meridioband.com\/it\/shop\/nappa-headphone-holder\/#webpage\",\"url\":\"https:\/\/www.meridioband.com\/it\/shop\/nappa-headphone-holder\/\",\"name\":\"Headphone holder nappa leather made in Italy | Meridio\",\"isPartOf\":{\"@id\":\"https:\/\/www.meridioband.com\/#website\"},\"primaryImageOfPage\":{\"@id\":\"https:\/\/www.meridioband.com\/it\/shop\/nappa-headphone-holder\/#primaryimage\"},\"datePublished\":\"2016-01-31T22:30:50+00:00\",\"dateModified\":\"2023-04-09T15:32:59+00:00\",\"description\":\"Headphone holder made in high quality nappa leather: an exclusive Meridio accessory Made in Italy for you by great artisans.\",\"breadcrumb\":{\"@id\":\"https:\/\/www.meridioband.com\/it\/shop\/nappa-headphone-holder\/#breadcrumb\"},\"inLanguage\":\"it-IT\",\"potentialAction\":[{\"@type\":\"ReadAction\",\"target\":[\"https:\/\/www.meridioband.com\/it\/shop\/nappa-headphone-holder\/\"]}]},{\"@type\":\"BreadcrumbList\",\"@id\":\"https:\/\/www.meridioband.com\/it\/shop\/nappa-headphone-holder\/#breadcrumb\",\"itemListElement\":[{\"@type\":\"ListItem\",\"position\":1,\"item\":{\"@type\":\"WebPage\",\"@id\":\"https:\/\/www.meridioband.com\/\",\"url\":\"https:\/\/www.meridioband.com\/\",\"name\":\"Home\"}},{\"@type\":\"ListItem\",\"position\":2,\"item\":{\"@type\":\"WebPage\",\"@id\":\"https:\/\/www.meridioband.com\/shop\/\",\"url\":\"https:\/\/www.meridioband.com\/shop\/\",\"name\":\"Shop\"}},{\"@type\":\"ListItem\",\"position\":3,\"item\":{\"@type\":\"WebPage\",\"@id\":\"https:\/\/www.meridioband.com\/leather\/accessories\/\",\"url\":\"https:\/\/www.meridioband.com\/leather\/accessories\/\",\"name\":\"[:en]Accessories[:it]Accessori[:]\"}},{\"@type\":\"ListItem\",\"position\":4,\"item\":{\"@type\":\"WebPage\",\"@id\":\"https:\/\/www.meridioband.com\/leather\/accessories\/headphone-holder\/\",\"url\":\"https:\/\/www.meridioband.com\/leather\/accessories\/headphone-holder\/\",\"name\":\"HeadPhone Holder\"}},{\"@type\":\"ListItem\",\"position\":5,\"item\":{\"@type\":\"WebPage\",\"@id\":\"https:\/\/www.meridioband.com\/it\/shop\/nappa-headphone-holder\/\",\"url\":\"https:\/\/www.meridioband.com\/it\/shop\/nappa-headphone-holder\/\",\"name\":\"Nappa Headphone Holder\"}}]}]}<\/script>\n<!-- \/ Yoast SEO plugin. -->","_links":{"self":[{"href":"https:\/\/www.meridioband.com\/it\/wp-json\/wp\/v2\/product\/1571"}],"collection":[{"href":"https:\/\/www.meridioband.com\/it\/wp-json\/wp\/v2\/product"}],"about":[{"href":"https:\/\/www.meridioband.com\/it\/wp-json\/wp\/v2\/types\/product"}],"wp:featuredmedia":[{"embeddable":true,"href":"https:\/\/www.meridioband.com\/it\/wp-json\/wp\/v2\/media\/3365"}],"wp:attachment":[{"href":"https:\/\/www.meridioband.com\/it\/wp-json\/wp\/v2\/media?parent=1571"}],"curies":[{"name":"wp","href":"https:\/\/api.w.org\/{rel}","templated":true}]}}