{"id":16074,"date":"2018-10-22T18:15:19","date_gmt":"2018-10-22T16:15:19","guid":{"rendered":"https:\/\/www.meridioband.com\/?post_type=product&#038;p=16074"},"modified":"2025-10-07T15:41:11","modified_gmt":"2025-10-07T13:41:11","slug":"barrel-iphone-light-brown-leather-case","status":"publish","type":"product","link":"https:\/\/www.meridioband.com\/it\/shop\/barrel-iphone-light-brown-leather-case\/","title":{"rendered":"Barrel"},"content":{"rendered":"","protected":false},"excerpt":{"rendered":"<p id=\"tw-target-text\" class=\"tw-data-text tw-ta tw-text-small\" dir=\"ltr\" data-placeholder=\"Traduzione\"><span lang=\"it\">Avvolgi il tuo iPhone in una pelle morbida dal colore caldo ed elegante, un marrone chiaro con una tasca pi\u00f9 scura che ricorda la fragranza del legno della campagna italiana. La tasca \u00e8 perfetta per ospitare le tue carte pi\u00f9 importanti, un accessorio nell&#8217;accessorio che d\u00e0 valore e unicit\u00e0 al prodotto. \u00a0Le cover per iPhone in pelle di alta qualit\u00e0 sono progettate per adattarsi alle tecnologie di ricarica wireless e ti consentono quindi di non toglierla quando devi caricare il tuo iPhone. Sono disegnate per proteggere il telefono dalle cadute pi\u00f9 violente. Barrel \u00e8 disponibile per iPhone 12 Pro Max | 12 Pro | 12 Mini | 11 Pro Max|11 Pro| 11 |Xs Max | Xr<\/span><\/p>\n","protected":false},"featured_media":101348,"template":"","meta":[],"yoast_head":"<!-- This site is optimized with the Yoast SEO plugin v15.4 - https:\/\/yoast.com\/wordpress\/plugins\/seo\/ -->\n<title><\/title>\n<meta name=\"description\" content=\"[:en]A soft leather glove with a warm elegant color, with a darker pocket that recalls the Italian countryside. Discover Barrel, the premium leather iPhone case.[:]\" \/>\n<meta name=\"robots\" content=\"index, follow, max-snippet:-1, max-image-preview:large, max-video-preview:-1\" \/>\n<link rel=\"canonical\" href=\"https:\/\/www.meridioband.com\/shop\/barrel-iphone-light-brown-leather-case\/\" \/>\n<meta property=\"og:locale\" content=\"it_IT\" \/>\n<meta property=\"og:type\" content=\"article\" \/>\n<meta property=\"og:title\" content=\"[:en]Barrel: premium leather iPhone case | Meridio Band[:]\" \/>\n<meta property=\"og:description\" content=\"[:en]A soft leather glove with a warm elegant color, with a darker pocket that recalls the Italian countryside. Discover Barrel, the premium leather iPhone case.[:]\" \/>\n<meta property=\"og:url\" content=\"https:\/\/www.meridioband.com\/shop\/barrel-iphone-light-brown-leather-case\/\" \/>\n<meta property=\"og:site_name\" content=\"Meridio\" \/>\n<meta property=\"article:modified_time\" content=\"2025-10-07T13:41:11+00:00\" \/>\n<meta property=\"og:image\" content=\"https:\/\/www.meridioband.com\/wp-content\/uploads\/2018\/10\/Barrel-iPhone-12-pro-max-light-brown-leather-case-kepping-out-from-own-pocket.jpg\" \/>\n\t<meta property=\"og:image:width\" content=\"1400\" \/>\n\t<meta property=\"og:image:height\" content=\"1200\" \/>\n<meta property=\"fb:app_id\" content=\"936312143118740\" \/>\n<meta name=\"twitter:card\" content=\"summary\" \/>\n<meta name=\"twitter:creator\" content=\"@meridioband\" \/>\n<meta name=\"twitter:site\" content=\"@meridioband\" \/>\n<meta name=\"twitter:label1\" content=\"Scritto da\">\n\t<meta name=\"twitter:data1\" content=\"Luigi Celeste\">\n<script type=\"application\/ld+json\" class=\"yoast-schema-graph\">{\"@context\":\"https:\/\/schema.org\",\"@graph\":[{\"@type\":\"Organization\",\"@id\":\"https:\/\/www.meridioband.com\/#organization\",\"name\":\"Meridio\",\"url\":\"https:\/\/www.meridioband.com\/\",\"sameAs\":[\"https:\/\/instagram.com\/meridioband\",\"https:\/\/it.pinterest.com\/meridioband\/\",\"https:\/\/twitter.com\/meridioband\"],\"logo\":{\"@type\":\"ImageObject\",\"@id\":\"https:\/\/www.meridioband.com\/#logo\",\"inLanguage\":\"it-IT\",\"url\":\"https:\/\/www.meridioband.com\/wp-content\/uploads\/2015\/09\/Meridio-black.png\",\"width\":591,\"height\":231,\"caption\":\"Meridio\"},\"image\":{\"@id\":\"https:\/\/www.meridioband.com\/#logo\"}},{\"@type\":\"WebSite\",\"@id\":\"https:\/\/www.meridioband.com\/#website\",\"url\":\"https:\/\/www.meridioband.com\/\",\"name\":\"Meridio\",\"description\":\"L&#039;alchimia del Patrimonio italiano nelle mani di preziosi artigiani capace di realizzare esclusivi prodotti di pelle lavorati a mano per il tuo Apple watch ed il tuo tempo libero\",\"publisher\":{\"@id\":\"https:\/\/www.meridioband.com\/#organization\"},\"potentialAction\":[{\"@type\":\"SearchAction\",\"target\":\"https:\/\/www.meridioband.com\/?s={search_term_string}\",\"query-input\":\"required name=search_term_string\"}],\"inLanguage\":\"it-IT\"},{\"@type\":\"ImageObject\",\"@id\":\"https:\/\/www.meridioband.com\/shop\/barrel-iphone-light-brown-leather-case\/#primaryimage\",\"inLanguage\":\"it-IT\",\"url\":\"https:\/\/www.meridioband.com\/wp-content\/uploads\/2018\/10\/Barrel-iPhone-12-pro-max-light-brown-leather-case-kepping-out-from-own-pocket.jpg\",\"width\":1400,\"height\":1200,\"caption\":\"Barrel-iPhone-12-pro-max-light-brown-leather-case-kepping-out-from-own-pocket\"},{\"@type\":\"WebPage\",\"@id\":\"https:\/\/www.meridioband.com\/shop\/barrel-iphone-light-brown-leather-case\/#webpage\",\"url\":\"https:\/\/www.meridioband.com\/shop\/barrel-iphone-light-brown-leather-case\/\",\"name\":\"[:en]Barrel: premium leather iPhone case | Meridio Band[:]\",\"isPartOf\":{\"@id\":\"https:\/\/www.meridioband.com\/#website\"},\"primaryImageOfPage\":{\"@id\":\"https:\/\/www.meridioband.com\/shop\/barrel-iphone-light-brown-leather-case\/#primaryimage\"},\"datePublished\":\"2018-10-22T16:15:19+00:00\",\"dateModified\":\"2025-10-07T13:41:11+00:00\",\"description\":\"[:en]A soft leather glove with a warm elegant color, with a darker pocket that recalls the Italian countryside. Discover Barrel, the premium leather iPhone case.[:]\",\"breadcrumb\":{\"@id\":\"https:\/\/www.meridioband.com\/shop\/barrel-iphone-light-brown-leather-case\/#breadcrumb\"},\"inLanguage\":\"it-IT\",\"potentialAction\":[{\"@type\":\"ReadAction\",\"target\":[\"https:\/\/www.meridioband.com\/shop\/barrel-iphone-light-brown-leather-case\/\"]}]},{\"@type\":\"BreadcrumbList\",\"@id\":\"https:\/\/www.meridioband.com\/shop\/barrel-iphone-light-brown-leather-case\/#breadcrumb\",\"itemListElement\":[{\"@type\":\"ListItem\",\"position\":1,\"item\":{\"@type\":\"WebPage\",\"@id\":\"https:\/\/www.meridioband.com\/\",\"url\":\"https:\/\/www.meridioband.com\/\",\"name\":\"Home\"}},{\"@type\":\"ListItem\",\"position\":2,\"item\":{\"@type\":\"WebPage\",\"@id\":\"https:\/\/www.meridioband.com\/shop\/\",\"url\":\"https:\/\/www.meridioband.com\/shop\/\",\"name\":\"Shop\"}},{\"@type\":\"ListItem\",\"position\":3,\"item\":{\"@type\":\"WebPage\",\"@id\":\"https:\/\/www.meridioband.com\/leather\/iphone-leather-cases\/\",\"url\":\"https:\/\/www.meridioband.com\/leather\/iphone-leather-cases\/\",\"name\":\"[:en]iPhone leather cases[:it]Iphone leather cases[:]\"}},{\"@type\":\"ListItem\",\"position\":4,\"item\":{\"@type\":\"WebPage\",\"@id\":\"https:\/\/www.meridioband.com\/shop\/barrel-iphone-light-brown-leather-case\/\",\"url\":\"https:\/\/www.meridioband.com\/shop\/barrel-iphone-light-brown-leather-case\/\",\"name\":\"Barrel\"}}]}]}<\/script>\n<!-- \/ Yoast SEO plugin. -->","_links":{"self":[{"href":"https:\/\/www.meridioband.com\/it\/wp-json\/wp\/v2\/product\/16074"}],"collection":[{"href":"https:\/\/www.meridioband.com\/it\/wp-json\/wp\/v2\/product"}],"about":[{"href":"https:\/\/www.meridioband.com\/it\/wp-json\/wp\/v2\/types\/product"}],"wp:featuredmedia":[{"embeddable":true,"href":"https:\/\/www.meridioband.com\/it\/wp-json\/wp\/v2\/media\/101348"}],"wp:attachment":[{"href":"https:\/\/www.meridioband.com\/it\/wp-json\/wp\/v2\/media?parent=16074"}],"curies":[{"name":"wp","href":"https:\/\/api.w.org\/{rel}","templated":true}]}}