{"id":16168,"date":"2018-10-23T16:05:04","date_gmt":"2018-10-23T14:05:04","guid":{"rendered":"https:\/\/www.meridioband.com\/?post_type=product&#038;p=16168"},"modified":"2024-08-17T15:10:05","modified_gmt":"2024-08-17T13:10:05","slug":"grapewine-iphone-bordeaux-leather-case","status":"publish","type":"product","link":"https:\/\/www.meridioband.com\/it\/shop\/grapewine-iphone-bordeaux-leather-case\/","title":{"rendered":"Grapewine"},"content":{"rendered":"","protected":false},"excerpt":{"rendered":"<p>Una cover dal carattere forte. Un colore intenso e molto particolare. Bordeaux, come il colore del vino, il rosso delle colline italiane. Meridio, brand italiano non rinuncia mai allo stile e all\u2019eleganza e sceglie per il suo modello Grapewine una pelle di qualit\u00e0 premium, morbida e resistente, con una tasca in una tonalit\u00e0 pi\u00f9 scura a risaltarne la personalit\u00e0. Compatibili con i modelli di iPhone Xs max | Xs | Xr | X | 8 | 7 | 8 plus | 7 plus<\/p>\n","protected":false},"featured_media":16182,"template":"","meta":[],"yoast_head":"<!-- This site is optimized with the Yoast SEO plugin v15.4 - https:\/\/yoast.com\/wordpress\/plugins\/seo\/ -->\n<title>Grapewine: premium leather iPhone case | Meridio Band<\/title>\n<meta name=\"description\" content=\"A cover in a strong and intense Bordeaux like the color of the italian hills wine. Discover Grapewine, the premium leather iPhone case by Meridio.\" \/>\n<meta name=\"robots\" content=\"index, follow, max-snippet:-1, max-image-preview:large, max-video-preview:-1\" \/>\n<link rel=\"canonical\" href=\"https:\/\/www.meridioband.com\/shop\/grapewine-iphone-bordeaux-leather-case\/\" \/>\n<meta property=\"og:locale\" content=\"it_IT\" \/>\n<meta property=\"og:type\" content=\"article\" \/>\n<meta property=\"og:title\" content=\"Grapewine: premium leather iPhone case | Meridio Band\" \/>\n<meta property=\"og:description\" content=\"A cover in a strong and intense Bordeaux like the color of the italian hills wine. Discover Grapewine, the premium leather iPhone case by Meridio.\" \/>\n<meta property=\"og:url\" content=\"https:\/\/www.meridioband.com\/shop\/grapewine-iphone-bordeaux-leather-case\/\" \/>\n<meta property=\"og:site_name\" content=\"Meridio\" \/>\n<meta property=\"article:modified_time\" content=\"2024-08-17T13:10:05+00:00\" \/>\n<meta property=\"og:image\" content=\"https:\/\/www.meridioband.com\/wp-content\/uploads\/2018\/10\/Leather-case-pos3-bordeaux-IphoneX.jpg\" \/>\n\t<meta property=\"og:image:width\" content=\"705\" \/>\n\t<meta property=\"og:image:height\" content=\"489\" \/>\n<meta property=\"fb:app_id\" content=\"936312143118740\" \/>\n<meta name=\"twitter:card\" content=\"summary\" \/>\n<meta name=\"twitter:creator\" content=\"@meridioband\" \/>\n<meta name=\"twitter:site\" content=\"@meridioband\" \/>\n<meta name=\"twitter:label1\" content=\"Scritto da\">\n\t<meta name=\"twitter:data1\" content=\"Luigi Celeste\">\n<script type=\"application\/ld+json\" class=\"yoast-schema-graph\">{\"@context\":\"https:\/\/schema.org\",\"@graph\":[{\"@type\":\"Organization\",\"@id\":\"https:\/\/www.meridioband.com\/#organization\",\"name\":\"Meridio\",\"url\":\"https:\/\/www.meridioband.com\/\",\"sameAs\":[\"https:\/\/instagram.com\/meridioband\",\"https:\/\/it.pinterest.com\/meridioband\/\",\"https:\/\/twitter.com\/meridioband\"],\"logo\":{\"@type\":\"ImageObject\",\"@id\":\"https:\/\/www.meridioband.com\/#logo\",\"inLanguage\":\"it-IT\",\"url\":\"https:\/\/www.meridioband.com\/wp-content\/uploads\/2015\/09\/Meridio-black.png\",\"width\":591,\"height\":231,\"caption\":\"Meridio\"},\"image\":{\"@id\":\"https:\/\/www.meridioband.com\/#logo\"}},{\"@type\":\"WebSite\",\"@id\":\"https:\/\/www.meridioband.com\/#website\",\"url\":\"https:\/\/www.meridioband.com\/\",\"name\":\"Meridio\",\"description\":\"L&#039;alchimia del Patrimonio italiano nelle mani di preziosi artigiani capace di realizzare esclusivi prodotti di pelle lavorati a mano per il tuo Apple watch ed il tuo tempo libero\",\"publisher\":{\"@id\":\"https:\/\/www.meridioband.com\/#organization\"},\"potentialAction\":[{\"@type\":\"SearchAction\",\"target\":\"https:\/\/www.meridioband.com\/?s={search_term_string}\",\"query-input\":\"required name=search_term_string\"}],\"inLanguage\":\"it-IT\"},{\"@type\":\"ImageObject\",\"@id\":\"https:\/\/www.meridioband.com\/shop\/grapewine-iphone-bordeaux-leather-case\/#primaryimage\",\"inLanguage\":\"it-IT\",\"url\":\"https:\/\/www.meridioband.com\/wp-content\/uploads\/2018\/10\/Leather-case-pos3-bordeaux-IphoneX.jpg\",\"width\":705,\"height\":489,\"caption\":\"iPhone-X-bordeaux-Leather-case-on-side\"},{\"@type\":\"WebPage\",\"@id\":\"https:\/\/www.meridioband.com\/shop\/grapewine-iphone-bordeaux-leather-case\/#webpage\",\"url\":\"https:\/\/www.meridioband.com\/shop\/grapewine-iphone-bordeaux-leather-case\/\",\"name\":\"Grapewine: premium leather iPhone case | Meridio Band\",\"isPartOf\":{\"@id\":\"https:\/\/www.meridioband.com\/#website\"},\"primaryImageOfPage\":{\"@id\":\"https:\/\/www.meridioband.com\/shop\/grapewine-iphone-bordeaux-leather-case\/#primaryimage\"},\"datePublished\":\"2018-10-23T14:05:04+00:00\",\"dateModified\":\"2024-08-17T13:10:05+00:00\",\"description\":\"A cover in a strong and intense Bordeaux like the color of the italian hills wine. Discover Grapewine, the premium leather iPhone case by Meridio.\",\"breadcrumb\":{\"@id\":\"https:\/\/www.meridioband.com\/shop\/grapewine-iphone-bordeaux-leather-case\/#breadcrumb\"},\"inLanguage\":\"it-IT\",\"potentialAction\":[{\"@type\":\"ReadAction\",\"target\":[\"https:\/\/www.meridioband.com\/shop\/grapewine-iphone-bordeaux-leather-case\/\"]}]},{\"@type\":\"BreadcrumbList\",\"@id\":\"https:\/\/www.meridioband.com\/shop\/grapewine-iphone-bordeaux-leather-case\/#breadcrumb\",\"itemListElement\":[{\"@type\":\"ListItem\",\"position\":1,\"item\":{\"@type\":\"WebPage\",\"@id\":\"https:\/\/www.meridioband.com\/\",\"url\":\"https:\/\/www.meridioband.com\/\",\"name\":\"Home\"}},{\"@type\":\"ListItem\",\"position\":2,\"item\":{\"@type\":\"WebPage\",\"@id\":\"https:\/\/www.meridioband.com\/shop\/\",\"url\":\"https:\/\/www.meridioband.com\/shop\/\",\"name\":\"Shop\"}},{\"@type\":\"ListItem\",\"position\":3,\"item\":{\"@type\":\"WebPage\",\"@id\":\"https:\/\/www.meridioband.com\/leather\/iphone-leather-cases\/\",\"url\":\"https:\/\/www.meridioband.com\/leather\/iphone-leather-cases\/\",\"name\":\"[:en]iPhone leather cases[:it]Iphone leather cases[:]\"}},{\"@type\":\"ListItem\",\"position\":4,\"item\":{\"@type\":\"WebPage\",\"@id\":\"https:\/\/www.meridioband.com\/it\/leather\/iphone-leather-cases\/iphone-7\/\",\"url\":\"https:\/\/www.meridioband.com\/it\/leather\/iphone-leather-cases\/iphone-7\/\",\"name\":\"iPhone 7\"}},{\"@type\":\"ListItem\",\"position\":5,\"item\":{\"@type\":\"WebPage\",\"@id\":\"https:\/\/www.meridioband.com\/shop\/grapewine-iphone-bordeaux-leather-case\/\",\"url\":\"https:\/\/www.meridioband.com\/shop\/grapewine-iphone-bordeaux-leather-case\/\",\"name\":\"Grapewine\"}}]}]}<\/script>\n<!-- \/ Yoast SEO plugin. -->","_links":{"self":[{"href":"https:\/\/www.meridioband.com\/it\/wp-json\/wp\/v2\/product\/16168"}],"collection":[{"href":"https:\/\/www.meridioband.com\/it\/wp-json\/wp\/v2\/product"}],"about":[{"href":"https:\/\/www.meridioband.com\/it\/wp-json\/wp\/v2\/types\/product"}],"wp:featuredmedia":[{"embeddable":true,"href":"https:\/\/www.meridioband.com\/it\/wp-json\/wp\/v2\/media\/16182"}],"wp:attachment":[{"href":"https:\/\/www.meridioband.com\/it\/wp-json\/wp\/v2\/media?parent=16168"}],"curies":[{"name":"wp","href":"https:\/\/api.w.org\/{rel}","templated":true}]}}