{"id":18154,"date":"2018-12-02T12:13:03","date_gmt":"2018-12-02T11:13:03","guid":{"rendered":"https:\/\/www.meridioband.com\/?post_type=product&#038;p=18154"},"modified":"2022-01-14T14:49:25","modified_gmt":"2022-01-14T13:49:25","slug":"cottage-chocolate-coffeoclock-combo-apple-accessories","status":"publish","type":"product","link":"https:\/\/www.meridioband.com\/it\/shop\/cottage-chocolate-coffeoclock-combo-apple-accessories\/","title":{"rendered":"Cottage Chocolate + Coffe o\u2019 Clock"},"content":{"rendered":"","protected":false},"excerpt":{"rendered":"<p>Cottage come il cioccolato pi\u00f9 gustoso e il chicco di caff\u00e8 pi\u00f9 profumato; questa combinazione in pelle \u00e8 il regalo ideale per un uomo che ama le tradizioni e la calda intimit\u00e0 di un luogo pieno di persone che ama. Cinturino marrone per Apple Watch Series 5 e 4|3|2|1, con un intenso colore che lo rende adatto a qualsiasi tipo di abbigliamento. Disponibile solo 42-44 mm ed il porta tazza dal bellissimo e sportivo color cacao in tinta.<\/p>\n","protected":false},"featured_media":18171,"template":"","meta":[],"yoast_head":"<!-- This site is optimized with the Yoast SEO plugin v15.4 - https:\/\/yoast.com\/wordpress\/plugins\/seo\/ -->\n<title>Cottage Chocolate + Coffe o\u2019 Clock | Meridio Band<\/title>\n<meta name=\"description\" content=\"Dark as the tastiest chocolate and the most fragrant coffee bean, this leather combo is the ideal Christmas present for a man who loves the traditions and warm intimacy\" \/>\n<meta name=\"robots\" content=\"index, follow, max-snippet:-1, max-image-preview:large, max-video-preview:-1\" \/>\n<link rel=\"canonical\" href=\"https:\/\/www.meridioband.com\/shop\/cottage-chocolate-coffeoclock-combo-apple-accessories\/\" \/>\n<meta property=\"og:locale\" content=\"it_IT\" \/>\n<meta property=\"og:type\" content=\"article\" \/>\n<meta property=\"og:title\" content=\"Cottage Chocolate + Coffe o\u2019 Clock | Meridio Band\" \/>\n<meta property=\"og:description\" content=\"Dark as the tastiest chocolate and the most fragrant coffee bean, this leather combo is the ideal Christmas present for a man who loves the traditions and warm intimacy\" \/>\n<meta property=\"og:url\" content=\"https:\/\/www.meridioband.com\/shop\/cottage-chocolate-coffeoclock-combo-apple-accessories\/\" \/>\n<meta property=\"og:site_name\" content=\"Meridio\" \/>\n<meta property=\"article:modified_time\" content=\"2022-01-14T13:49:25+00:00\" \/>\n<meta property=\"og:image\" content=\"https:\/\/www.meridioband.com\/wp-content\/uploads\/2018\/12\/Cottage-ChocolateCoffeoClock-Dark-brown-combo-Apple-leather-accessories-for-him-with-green-jacket.jpg\" \/>\n\t<meta property=\"og:image:width\" content=\"1400\" \/>\n\t<meta property=\"og:image:height\" content=\"1200\" \/>\n<meta property=\"fb:app_id\" content=\"936312143118740\" \/>\n<meta name=\"twitter:card\" content=\"summary\" \/>\n<meta name=\"twitter:creator\" content=\"@meridioband\" \/>\n<meta name=\"twitter:site\" content=\"@meridioband\" \/>\n<meta name=\"twitter:label1\" content=\"Scritto da\">\n\t<meta name=\"twitter:data1\" content=\"Luigi Celeste\">\n<script type=\"application\/ld+json\" class=\"yoast-schema-graph\">{\"@context\":\"https:\/\/schema.org\",\"@graph\":[{\"@type\":\"Organization\",\"@id\":\"https:\/\/www.meridioband.com\/#organization\",\"name\":\"Meridio\",\"url\":\"https:\/\/www.meridioband.com\/\",\"sameAs\":[\"https:\/\/instagram.com\/meridioband\",\"https:\/\/it.pinterest.com\/meridioband\/\",\"https:\/\/twitter.com\/meridioband\"],\"logo\":{\"@type\":\"ImageObject\",\"@id\":\"https:\/\/www.meridioband.com\/#logo\",\"inLanguage\":\"it-IT\",\"url\":\"https:\/\/www.meridioband.com\/wp-content\/uploads\/2015\/09\/Meridio-black.png\",\"width\":591,\"height\":231,\"caption\":\"Meridio\"},\"image\":{\"@id\":\"https:\/\/www.meridioband.com\/#logo\"}},{\"@type\":\"WebSite\",\"@id\":\"https:\/\/www.meridioband.com\/#website\",\"url\":\"https:\/\/www.meridioband.com\/\",\"name\":\"Meridio\",\"description\":\"L&#039;alchimia del Patrimonio italiano nelle mani di preziosi artigiani capace di realizzare esclusivi prodotti di pelle lavorati a mano per il tuo Apple watch ed il tuo tempo libero\",\"publisher\":{\"@id\":\"https:\/\/www.meridioband.com\/#organization\"},\"potentialAction\":[{\"@type\":\"SearchAction\",\"target\":\"https:\/\/www.meridioband.com\/?s={search_term_string}\",\"query-input\":\"required name=search_term_string\"}],\"inLanguage\":\"it-IT\"},{\"@type\":\"ImageObject\",\"@id\":\"https:\/\/www.meridioband.com\/shop\/cottage-chocolate-coffeoclock-combo-apple-accessories\/#primaryimage\",\"inLanguage\":\"it-IT\",\"url\":\"https:\/\/www.meridioband.com\/wp-content\/uploads\/2018\/12\/Cottage-ChocolateCoffeoClock-Dark-brown-combo-Apple-leather-accessories-for-him-with-green-jacket.jpg\",\"width\":1400,\"height\":1200,\"caption\":\"Cottage Chocolate+CoffeoClock-Dark-brown-combo-Apple-leather-accessories-for-him-with-green-jacket\"},{\"@type\":\"WebPage\",\"@id\":\"https:\/\/www.meridioband.com\/shop\/cottage-chocolate-coffeoclock-combo-apple-accessories\/#webpage\",\"url\":\"https:\/\/www.meridioband.com\/shop\/cottage-chocolate-coffeoclock-combo-apple-accessories\/\",\"name\":\"Cottage Chocolate + Coffe o\\u2019 Clock | Meridio Band\",\"isPartOf\":{\"@id\":\"https:\/\/www.meridioband.com\/#website\"},\"primaryImageOfPage\":{\"@id\":\"https:\/\/www.meridioband.com\/shop\/cottage-chocolate-coffeoclock-combo-apple-accessories\/#primaryimage\"},\"datePublished\":\"2018-12-02T11:13:03+00:00\",\"dateModified\":\"2022-01-14T13:49:25+00:00\",\"description\":\"Dark as the tastiest chocolate and the most fragrant coffee bean, this leather combo is the ideal Christmas present for a man who loves the traditions and warm intimacy\",\"breadcrumb\":{\"@id\":\"https:\/\/www.meridioband.com\/shop\/cottage-chocolate-coffeoclock-combo-apple-accessories\/#breadcrumb\"},\"inLanguage\":\"it-IT\",\"potentialAction\":[{\"@type\":\"ReadAction\",\"target\":[\"https:\/\/www.meridioband.com\/shop\/cottage-chocolate-coffeoclock-combo-apple-accessories\/\"]}]},{\"@type\":\"BreadcrumbList\",\"@id\":\"https:\/\/www.meridioband.com\/shop\/cottage-chocolate-coffeoclock-combo-apple-accessories\/#breadcrumb\",\"itemListElement\":[{\"@type\":\"ListItem\",\"position\":1,\"item\":{\"@type\":\"WebPage\",\"@id\":\"https:\/\/www.meridioband.com\/\",\"url\":\"https:\/\/www.meridioband.com\/\",\"name\":\"Home\"}},{\"@type\":\"ListItem\",\"position\":2,\"item\":{\"@type\":\"WebPage\",\"@id\":\"https:\/\/www.meridioband.com\/shop\/\",\"url\":\"https:\/\/www.meridioband.com\/shop\/\",\"name\":\"Shop\"}},{\"@type\":\"ListItem\",\"position\":3,\"item\":{\"@type\":\"WebPage\",\"@id\":\"https:\/\/www.meridioband.com\/leather\/combo-bands-dark-brown\/\",\"url\":\"https:\/\/www.meridioband.com\/leather\/combo-bands-dark-brown\/\",\"name\":\"[:en]Combo | Dark Brown[:it]Combo | Marrone Scuro[:]\"}},{\"@type\":\"ListItem\",\"position\":4,\"item\":{\"@type\":\"WebPage\",\"@id\":\"https:\/\/www.meridioband.com\/shop\/cottage-chocolate-coffeoclock-combo-apple-accessories\/\",\"url\":\"https:\/\/www.meridioband.com\/shop\/cottage-chocolate-coffeoclock-combo-apple-accessories\/\",\"name\":\"Cottage Chocolate + Coffe o\\u2019 Clock\"}}]}]}<\/script>\n<!-- \/ Yoast SEO plugin. -->","_links":{"self":[{"href":"https:\/\/www.meridioband.com\/it\/wp-json\/wp\/v2\/product\/18154"}],"collection":[{"href":"https:\/\/www.meridioband.com\/it\/wp-json\/wp\/v2\/product"}],"about":[{"href":"https:\/\/www.meridioband.com\/it\/wp-json\/wp\/v2\/types\/product"}],"wp:featuredmedia":[{"embeddable":true,"href":"https:\/\/www.meridioband.com\/it\/wp-json\/wp\/v2\/media\/18171"}],"wp:attachment":[{"href":"https:\/\/www.meridioband.com\/it\/wp-json\/wp\/v2\/media?parent=18154"}],"curies":[{"name":"wp","href":"https:\/\/api.w.org\/{rel}","templated":true}]}}