{"id":29514,"date":"2019-12-10T15:39:29","date_gmt":"2019-12-10T14:39:29","guid":{"rendered":"https:\/\/www.meridioband.com\/?post_type=product&#038;p=29514"},"modified":"2023-12-07T18:55:27","modified_gmt":"2023-12-07T17:55:27","slug":"deep-leaf-galaxy-watch-active-green-full-grain-leather-band","status":"publish","type":"product","link":"https:\/\/www.meridioband.com\/it\/shop\/deep-leaf-galaxy-watch-active-green-full-grain-leather-band\/","title":{"rendered":"Deep Leaf"},"content":{"rendered":"","protected":false},"excerpt":{"rendered":"<p>Un verde unico e naturale prende sul cuoio una forza glamour, richiamando le mille sfumature di foglie sugli alberi. Questo cinturino \u00e8 molto particolare a causa dell&#8217;intensit\u00e0 delle pigmentazioni nella pelle. Ideale per chi ama le tonalit\u00e0 naturali. Sembra fantastico da indossare con qualsiasi altro colore sia per un outfit da giorno casual che per le occasioni pi\u00f9 speciali. Disponibile per tutti i Galaxy Watch Active series 2|1<\/p>\n","protected":false},"featured_media":29515,"template":"","meta":[],"yoast_head":"<!-- This site is optimized with the Yoast SEO plugin v15.4 - https:\/\/yoast.com\/wordpress\/plugins\/seo\/ -->\n<title>Deep Leaf Galaxy watch Active green leather band handmade in Italy | Meridio<\/title>\n<meta name=\"description\" content=\"This strap is very peculiar because of the intensity of the pigmentations in the leather. Ideal for those who love natural shades\" \/>\n<meta name=\"robots\" content=\"index, follow, max-snippet:-1, max-image-preview:large, max-video-preview:-1\" \/>\n<link rel=\"canonical\" href=\"https:\/\/www.meridioband.com\/shop\/deep-leaf-galaxy-watch-active-green-full-grain-leather-band\/\" \/>\n<meta property=\"og:locale\" content=\"it_IT\" \/>\n<meta property=\"og:type\" content=\"article\" \/>\n<meta property=\"og:title\" content=\"Deep Leaf Galaxy watch Active green leather band handmade in Italy | Meridio\" \/>\n<meta property=\"og:description\" content=\"This strap is very peculiar because of the intensity of the pigmentations in the leather. Ideal for those who love natural shades\" \/>\n<meta property=\"og:url\" content=\"https:\/\/www.meridioband.com\/shop\/deep-leaf-galaxy-watch-active-green-full-grain-leather-band\/\" \/>\n<meta property=\"og:site_name\" content=\"Meridio\" \/>\n<meta property=\"article:modified_time\" content=\"2023-12-07T17:55:27+00:00\" \/>\n<meta property=\"og:image\" content=\"https:\/\/www.meridioband.com\/wp-content\/uploads\/2019\/12\/Deep-Leaf-Galaxy-nappa-band-with-right-case.jpg\" \/>\n\t<meta property=\"og:image:width\" content=\"705\" \/>\n\t<meta property=\"og:image:height\" content=\"488\" \/>\n<meta property=\"fb:app_id\" content=\"936312143118740\" \/>\n<meta name=\"twitter:card\" content=\"summary\" \/>\n<meta name=\"twitter:creator\" content=\"@meridioband\" \/>\n<meta name=\"twitter:site\" content=\"@meridioband\" \/>\n<meta name=\"twitter:label1\" content=\"Scritto da\">\n\t<meta name=\"twitter:data1\" content=\"Luigi Celeste\">\n<script type=\"application\/ld+json\" class=\"yoast-schema-graph\">{\"@context\":\"https:\/\/schema.org\",\"@graph\":[{\"@type\":\"Organization\",\"@id\":\"https:\/\/www.meridioband.com\/#organization\",\"name\":\"Meridio\",\"url\":\"https:\/\/www.meridioband.com\/\",\"sameAs\":[\"https:\/\/instagram.com\/meridioband\",\"https:\/\/it.pinterest.com\/meridioband\/\",\"https:\/\/twitter.com\/meridioband\"],\"logo\":{\"@type\":\"ImageObject\",\"@id\":\"https:\/\/www.meridioband.com\/#logo\",\"inLanguage\":\"it-IT\",\"url\":\"https:\/\/www.meridioband.com\/wp-content\/uploads\/2015\/09\/Meridio-black.png\",\"width\":591,\"height\":231,\"caption\":\"Meridio\"},\"image\":{\"@id\":\"https:\/\/www.meridioband.com\/#logo\"}},{\"@type\":\"WebSite\",\"@id\":\"https:\/\/www.meridioband.com\/#website\",\"url\":\"https:\/\/www.meridioband.com\/\",\"name\":\"Meridio\",\"description\":\"L&#039;alchimia del Patrimonio italiano nelle mani di preziosi artigiani capace di realizzare esclusivi prodotti di pelle lavorati a mano per il tuo Apple watch ed il tuo tempo libero\",\"publisher\":{\"@id\":\"https:\/\/www.meridioband.com\/#organization\"},\"potentialAction\":[{\"@type\":\"SearchAction\",\"target\":\"https:\/\/www.meridioband.com\/?s={search_term_string}\",\"query-input\":\"required name=search_term_string\"}],\"inLanguage\":\"it-IT\"},{\"@type\":\"ImageObject\",\"@id\":\"https:\/\/www.meridioband.com\/shop\/deep-leaf-galaxy-watch-active-green-full-grain-leather-band\/#primaryimage\",\"inLanguage\":\"it-IT\",\"url\":\"https:\/\/www.meridioband.com\/wp-content\/uploads\/2019\/12\/Deep-Leaf-Galaxy-nappa-band-with-right-case.jpg\",\"width\":705,\"height\":488,\"caption\":\"Deep-Leaf-Galaxy-watch-active-green-full-grain-leather-band-with-right-case\"},{\"@type\":\"WebPage\",\"@id\":\"https:\/\/www.meridioband.com\/shop\/deep-leaf-galaxy-watch-active-green-full-grain-leather-band\/#webpage\",\"url\":\"https:\/\/www.meridioband.com\/shop\/deep-leaf-galaxy-watch-active-green-full-grain-leather-band\/\",\"name\":\"Deep Leaf Galaxy watch Active green leather band handmade in Italy | Meridio\",\"isPartOf\":{\"@id\":\"https:\/\/www.meridioband.com\/#website\"},\"primaryImageOfPage\":{\"@id\":\"https:\/\/www.meridioband.com\/shop\/deep-leaf-galaxy-watch-active-green-full-grain-leather-band\/#primaryimage\"},\"datePublished\":\"2019-12-10T14:39:29+00:00\",\"dateModified\":\"2023-12-07T17:55:27+00:00\",\"description\":\"This strap is very peculiar because of the intensity of the pigmentations in the leather. Ideal for those who love natural shades\",\"breadcrumb\":{\"@id\":\"https:\/\/www.meridioband.com\/shop\/deep-leaf-galaxy-watch-active-green-full-grain-leather-band\/#breadcrumb\"},\"inLanguage\":\"it-IT\",\"potentialAction\":[{\"@type\":\"ReadAction\",\"target\":[\"https:\/\/www.meridioband.com\/shop\/deep-leaf-galaxy-watch-active-green-full-grain-leather-band\/\"]}]},{\"@type\":\"BreadcrumbList\",\"@id\":\"https:\/\/www.meridioband.com\/shop\/deep-leaf-galaxy-watch-active-green-full-grain-leather-band\/#breadcrumb\",\"itemListElement\":[{\"@type\":\"ListItem\",\"position\":1,\"item\":{\"@type\":\"WebPage\",\"@id\":\"https:\/\/www.meridioband.com\/\",\"url\":\"https:\/\/www.meridioband.com\/\",\"name\":\"Home\"}},{\"@type\":\"ListItem\",\"position\":2,\"item\":{\"@type\":\"WebPage\",\"@id\":\"https:\/\/www.meridioband.com\/shop\/\",\"url\":\"https:\/\/www.meridioband.com\/shop\/\",\"name\":\"Shop\"}},{\"@type\":\"ListItem\",\"position\":3,\"item\":{\"@type\":\"WebPage\",\"@id\":\"https:\/\/www.meridioband.com\/leather\/galaxy-watch-leather-bands\/\",\"url\":\"https:\/\/www.meridioband.com\/leather\/galaxy-watch-leather-bands\/\",\"name\":\"Galaxy Watch Bands\"}},{\"@type\":\"ListItem\",\"position\":4,\"item\":{\"@type\":\"WebPage\",\"@id\":\"https:\/\/www.meridioband.com\/leather\/galaxy-watch-leather-bands\/for-him\/\",\"url\":\"https:\/\/www.meridioband.com\/leather\/galaxy-watch-leather-bands\/for-him\/\",\"name\":\"For him\"}},{\"@type\":\"ListItem\",\"position\":5,\"item\":{\"@type\":\"WebPage\",\"@id\":\"https:\/\/www.meridioband.com\/shop\/deep-leaf-galaxy-watch-active-green-full-grain-leather-band\/\",\"url\":\"https:\/\/www.meridioband.com\/shop\/deep-leaf-galaxy-watch-active-green-full-grain-leather-band\/\",\"name\":\"Deep Leaf\"}}]}]}<\/script>\n<!-- \/ Yoast SEO plugin. -->","_links":{"self":[{"href":"https:\/\/www.meridioband.com\/it\/wp-json\/wp\/v2\/product\/29514"}],"collection":[{"href":"https:\/\/www.meridioband.com\/it\/wp-json\/wp\/v2\/product"}],"about":[{"href":"https:\/\/www.meridioband.com\/it\/wp-json\/wp\/v2\/types\/product"}],"wp:featuredmedia":[{"embeddable":true,"href":"https:\/\/www.meridioband.com\/it\/wp-json\/wp\/v2\/media\/29515"}],"wp:attachment":[{"href":"https:\/\/www.meridioband.com\/it\/wp-json\/wp\/v2\/media?parent=29514"}],"curies":[{"name":"wp","href":"https:\/\/api.w.org\/{rel}","templated":true}]}}