{"id":29736,"date":"2019-12-10T15:42:39","date_gmt":"2019-12-10T14:42:39","guid":{"rendered":"https:\/\/www.meridioband.com\/?post_type=product&#038;p=29736"},"modified":"2022-06-15T11:09:48","modified_gmt":"2022-06-15T09:09:48","slug":"turquoise-galaxy-watch-active-leather-band","status":"publish","type":"product","link":"https:\/\/www.meridioband.com\/it\/shop\/turquoise-galaxy-watch-active-leather-band\/","title":{"rendered":"Turquoise"},"content":{"rendered":"","protected":false},"excerpt":{"rendered":"<p>Questo cinturino in turchese \u00e8 la scelta giusta per un look al passo con le passerelle della moda. Combinato con un abito della stessa nuance Sar\u00e0 il tocco in pi\u00f9 che non ti far\u00e0 passare inosservato con al polso il tuo Galaxy Watch Active 2|1<\/p>\n","protected":false},"featured_media":29972,"template":"","meta":[],"yoast_head":"<!-- This site is optimized with the Yoast SEO plugin v15.4 - https:\/\/yoast.com\/wordpress\/plugins\/seo\/ -->\n<title>Turquoise Galaxy watch active nappa leather band handmade in Italy | Meridio<\/title>\n<meta name=\"description\" content=\"this turquoise Galaxy watch band is the right choice for a look keeping up with fashion runways\" \/>\n<meta name=\"robots\" content=\"index, follow, max-snippet:-1, max-image-preview:large, max-video-preview:-1\" \/>\n<link rel=\"canonical\" href=\"https:\/\/www.meridioband.com\/shop\/turquoise-galaxy-watch-active-leather-band\/\" \/>\n<meta property=\"og:locale\" content=\"it_IT\" \/>\n<meta property=\"og:type\" content=\"article\" \/>\n<meta property=\"og:title\" content=\"Turquoise Galaxy watch active nappa leather band handmade in Italy | Meridio\" \/>\n<meta property=\"og:description\" content=\"this turquoise Galaxy watch band is the right choice for a look keeping up with fashion runways\" \/>\n<meta property=\"og:url\" content=\"https:\/\/www.meridioband.com\/shop\/turquoise-galaxy-watch-active-leather-band\/\" \/>\n<meta property=\"og:site_name\" content=\"Meridio\" \/>\n<meta property=\"article:modified_time\" content=\"2022-06-15T09:09:48+00:00\" \/>\n<meta property=\"og:image\" content=\"https:\/\/www.meridioband.com\/wp-content\/uploads\/2019\/12\/Turquoise-Galaxy-nappa-band-with-right-case..jpg\" \/>\n\t<meta property=\"og:image:width\" content=\"705\" \/>\n\t<meta property=\"og:image:height\" content=\"488\" \/>\n<meta property=\"fb:app_id\" content=\"936312143118740\" \/>\n<meta name=\"twitter:card\" content=\"summary\" \/>\n<meta name=\"twitter:creator\" content=\"@meridioband\" \/>\n<meta name=\"twitter:site\" content=\"@meridioband\" \/>\n<meta name=\"twitter:label1\" content=\"Scritto da\">\n\t<meta name=\"twitter:data1\" content=\"Luigi Celeste\">\n<script type=\"application\/ld+json\" class=\"yoast-schema-graph\">{\"@context\":\"https:\/\/schema.org\",\"@graph\":[{\"@type\":\"Organization\",\"@id\":\"https:\/\/www.meridioband.com\/#organization\",\"name\":\"Meridio\",\"url\":\"https:\/\/www.meridioband.com\/\",\"sameAs\":[\"https:\/\/instagram.com\/meridioband\",\"https:\/\/it.pinterest.com\/meridioband\/\",\"https:\/\/twitter.com\/meridioband\"],\"logo\":{\"@type\":\"ImageObject\",\"@id\":\"https:\/\/www.meridioband.com\/#logo\",\"inLanguage\":\"it-IT\",\"url\":\"https:\/\/www.meridioband.com\/wp-content\/uploads\/2015\/09\/Meridio-black.png\",\"width\":591,\"height\":231,\"caption\":\"Meridio\"},\"image\":{\"@id\":\"https:\/\/www.meridioband.com\/#logo\"}},{\"@type\":\"WebSite\",\"@id\":\"https:\/\/www.meridioband.com\/#website\",\"url\":\"https:\/\/www.meridioband.com\/\",\"name\":\"Meridio\",\"description\":\"L&#039;alchimia del Patrimonio italiano nelle mani di preziosi artigiani capace di realizzare esclusivi prodotti di pelle lavorati a mano per il tuo Apple watch ed il tuo tempo libero\",\"publisher\":{\"@id\":\"https:\/\/www.meridioband.com\/#organization\"},\"potentialAction\":[{\"@type\":\"SearchAction\",\"target\":\"https:\/\/www.meridioband.com\/?s={search_term_string}\",\"query-input\":\"required name=search_term_string\"}],\"inLanguage\":\"it-IT\"},{\"@type\":\"ImageObject\",\"@id\":\"https:\/\/www.meridioband.com\/shop\/turquoise-galaxy-watch-active-leather-band\/#primaryimage\",\"inLanguage\":\"it-IT\",\"url\":\"https:\/\/www.meridioband.com\/wp-content\/uploads\/2019\/12\/Turquoise-Galaxy-nappa-band-with-right-case..jpg\",\"width\":705,\"height\":488,\"caption\":\"Turquoise-Galaxy-watch-active-nappa-band-with-right-case\"},{\"@type\":\"WebPage\",\"@id\":\"https:\/\/www.meridioband.com\/shop\/turquoise-galaxy-watch-active-leather-band\/#webpage\",\"url\":\"https:\/\/www.meridioband.com\/shop\/turquoise-galaxy-watch-active-leather-band\/\",\"name\":\"Turquoise Galaxy watch active nappa leather band handmade in Italy | Meridio\",\"isPartOf\":{\"@id\":\"https:\/\/www.meridioband.com\/#website\"},\"primaryImageOfPage\":{\"@id\":\"https:\/\/www.meridioband.com\/shop\/turquoise-galaxy-watch-active-leather-band\/#primaryimage\"},\"datePublished\":\"2019-12-10T14:42:39+00:00\",\"dateModified\":\"2022-06-15T09:09:48+00:00\",\"description\":\"this turquoise Galaxy watch band is the right choice for a look keeping up with fashion runways\",\"breadcrumb\":{\"@id\":\"https:\/\/www.meridioband.com\/shop\/turquoise-galaxy-watch-active-leather-band\/#breadcrumb\"},\"inLanguage\":\"it-IT\",\"potentialAction\":[{\"@type\":\"ReadAction\",\"target\":[\"https:\/\/www.meridioband.com\/shop\/turquoise-galaxy-watch-active-leather-band\/\"]}]},{\"@type\":\"BreadcrumbList\",\"@id\":\"https:\/\/www.meridioband.com\/shop\/turquoise-galaxy-watch-active-leather-band\/#breadcrumb\",\"itemListElement\":[{\"@type\":\"ListItem\",\"position\":1,\"item\":{\"@type\":\"WebPage\",\"@id\":\"https:\/\/www.meridioband.com\/\",\"url\":\"https:\/\/www.meridioband.com\/\",\"name\":\"Home\"}},{\"@type\":\"ListItem\",\"position\":2,\"item\":{\"@type\":\"WebPage\",\"@id\":\"https:\/\/www.meridioband.com\/shop\/\",\"url\":\"https:\/\/www.meridioband.com\/shop\/\",\"name\":\"Shop\"}},{\"@type\":\"ListItem\",\"position\":3,\"item\":{\"@type\":\"WebPage\",\"@id\":\"https:\/\/www.meridioband.com\/leather\/galaxy-watch-leather-bands\/\",\"url\":\"https:\/\/www.meridioband.com\/leather\/galaxy-watch-leather-bands\/\",\"name\":\"Galaxy Watch Bands\"}},{\"@type\":\"ListItem\",\"position\":4,\"item\":{\"@type\":\"WebPage\",\"@id\":\"https:\/\/www.meridioband.com\/leather\/galaxy-watch-leather-bands\/blue\/\",\"url\":\"https:\/\/www.meridioband.com\/leather\/galaxy-watch-leather-bands\/blue\/\",\"name\":\"Blu\"}},{\"@type\":\"ListItem\",\"position\":5,\"item\":{\"@type\":\"WebPage\",\"@id\":\"https:\/\/www.meridioband.com\/shop\/turquoise-galaxy-watch-active-leather-band\/\",\"url\":\"https:\/\/www.meridioband.com\/shop\/turquoise-galaxy-watch-active-leather-band\/\",\"name\":\"Turquoise\"}}]}]}<\/script>\n<!-- \/ Yoast SEO plugin. -->","_links":{"self":[{"href":"https:\/\/www.meridioband.com\/it\/wp-json\/wp\/v2\/product\/29736"}],"collection":[{"href":"https:\/\/www.meridioband.com\/it\/wp-json\/wp\/v2\/product"}],"about":[{"href":"https:\/\/www.meridioband.com\/it\/wp-json\/wp\/v2\/types\/product"}],"wp:featuredmedia":[{"embeddable":true,"href":"https:\/\/www.meridioband.com\/it\/wp-json\/wp\/v2\/media\/29972"}],"wp:attachment":[{"href":"https:\/\/www.meridioband.com\/it\/wp-json\/wp\/v2\/media?parent=29736"}],"curies":[{"name":"wp","href":"https:\/\/api.w.org\/{rel}","templated":true}]}}