{"id":29814,"date":"2019-12-10T15:45:19","date_gmt":"2019-12-10T14:45:19","guid":{"rendered":"https:\/\/www.meridioband.com\/?post_type=product&#038;p=29814"},"modified":"2022-05-03T09:55:42","modified_gmt":"2022-05-03T07:55:42","slug":"coral-galaxy-watch-active-leather-band","status":"publish","type":"product","link":"https:\/\/www.meridioband.com\/it\/shop\/coral-galaxy-watch-active-leather-band\/","title":{"rendered":"Coral"},"content":{"rendered":"","protected":false},"excerpt":{"rendered":"<p>Il colore ideale per un accessorio versatile: perfetto con jeans casual e t-shirt, \u00e8 quel tocco in pi\u00f9 al tuo Galaxy Watch Active 2|1 in un total look dai toni scuri. Non aver paura di abbinarlo con altre tonalit\u00e0 di rosso, arancione o rosa elettrico, puoi creare un look trendy ed originale<\/p>\n","protected":false},"featured_media":29990,"template":"","meta":[],"yoast_head":"<!-- This site is optimized with the Yoast SEO plugin v15.4 - https:\/\/yoast.com\/wordpress\/plugins\/seo\/ -->\n<title>Coral Galaxy watch active red nappa leather band handmade in Italy | Meridio<\/title>\n<meta name=\"description\" content=\"The ideal color for a versatile accessory: perfect with casual jeans and a t-shirt, it&#039;s that extra touch in a total look in dark tones\" \/>\n<meta name=\"robots\" content=\"index, follow, max-snippet:-1, max-image-preview:large, max-video-preview:-1\" \/>\n<link rel=\"canonical\" href=\"https:\/\/www.meridioband.com\/shop\/coral-galaxy-watch-active-leather-band\/\" \/>\n<meta property=\"og:locale\" content=\"it_IT\" \/>\n<meta property=\"og:type\" content=\"article\" \/>\n<meta property=\"og:title\" content=\"Coral Galaxy watch active red nappa leather band handmade in Italy | Meridio\" \/>\n<meta property=\"og:description\" content=\"The ideal color for a versatile accessory: perfect with casual jeans and a t-shirt, it&#039;s that extra touch in a total look in dark tones\" \/>\n<meta property=\"og:url\" content=\"https:\/\/www.meridioband.com\/shop\/coral-galaxy-watch-active-leather-band\/\" \/>\n<meta property=\"og:site_name\" content=\"Meridio\" \/>\n<meta property=\"article:modified_time\" content=\"2022-05-03T07:55:42+00:00\" \/>\n<meta property=\"og:image\" content=\"https:\/\/www.meridioband.com\/wp-content\/uploads\/2019\/12\/Coral-Galaxy-nappa-band-with-right-case.jpg.jpg\" \/>\n\t<meta property=\"og:image:width\" content=\"705\" \/>\n\t<meta property=\"og:image:height\" content=\"488\" \/>\n<meta property=\"fb:app_id\" content=\"936312143118740\" \/>\n<meta name=\"twitter:card\" content=\"summary\" \/>\n<meta name=\"twitter:creator\" content=\"@meridioband\" \/>\n<meta name=\"twitter:site\" content=\"@meridioband\" \/>\n<meta name=\"twitter:label1\" content=\"Scritto da\">\n\t<meta name=\"twitter:data1\" content=\"Luigi Celeste\">\n<script type=\"application\/ld+json\" class=\"yoast-schema-graph\">{\"@context\":\"https:\/\/schema.org\",\"@graph\":[{\"@type\":\"Organization\",\"@id\":\"https:\/\/www.meridioband.com\/#organization\",\"name\":\"Meridio\",\"url\":\"https:\/\/www.meridioband.com\/\",\"sameAs\":[\"https:\/\/instagram.com\/meridioband\",\"https:\/\/it.pinterest.com\/meridioband\/\",\"https:\/\/twitter.com\/meridioband\"],\"logo\":{\"@type\":\"ImageObject\",\"@id\":\"https:\/\/www.meridioband.com\/#logo\",\"inLanguage\":\"it-IT\",\"url\":\"https:\/\/www.meridioband.com\/wp-content\/uploads\/2015\/09\/Meridio-black.png\",\"width\":591,\"height\":231,\"caption\":\"Meridio\"},\"image\":{\"@id\":\"https:\/\/www.meridioband.com\/#logo\"}},{\"@type\":\"WebSite\",\"@id\":\"https:\/\/www.meridioband.com\/#website\",\"url\":\"https:\/\/www.meridioband.com\/\",\"name\":\"Meridio\",\"description\":\"L&#039;alchimia del Patrimonio italiano nelle mani di preziosi artigiani capace di realizzare esclusivi prodotti di pelle lavorati a mano per il tuo Apple watch ed il tuo tempo libero\",\"publisher\":{\"@id\":\"https:\/\/www.meridioband.com\/#organization\"},\"potentialAction\":[{\"@type\":\"SearchAction\",\"target\":\"https:\/\/www.meridioband.com\/?s={search_term_string}\",\"query-input\":\"required name=search_term_string\"}],\"inLanguage\":\"it-IT\"},{\"@type\":\"ImageObject\",\"@id\":\"https:\/\/www.meridioband.com\/shop\/coral-galaxy-watch-active-leather-band\/#primaryimage\",\"inLanguage\":\"it-IT\",\"url\":\"https:\/\/www.meridioband.com\/wp-content\/uploads\/2019\/12\/Coral-Galaxy-nappa-band-with-right-case.jpg.jpg\",\"width\":705,\"height\":488,\"caption\":\"Coral-Galaxy-watch-active-nappa-band-with-right-case.jpg\"},{\"@type\":\"WebPage\",\"@id\":\"https:\/\/www.meridioband.com\/shop\/coral-galaxy-watch-active-leather-band\/#webpage\",\"url\":\"https:\/\/www.meridioband.com\/shop\/coral-galaxy-watch-active-leather-band\/\",\"name\":\"Coral Galaxy watch active red nappa leather band handmade in Italy | Meridio\",\"isPartOf\":{\"@id\":\"https:\/\/www.meridioband.com\/#website\"},\"primaryImageOfPage\":{\"@id\":\"https:\/\/www.meridioband.com\/shop\/coral-galaxy-watch-active-leather-band\/#primaryimage\"},\"datePublished\":\"2019-12-10T14:45:19+00:00\",\"dateModified\":\"2022-05-03T07:55:42+00:00\",\"description\":\"The ideal color for a versatile accessory: perfect with casual jeans and a t-shirt, it's that extra touch in a total look in dark tones\",\"breadcrumb\":{\"@id\":\"https:\/\/www.meridioband.com\/shop\/coral-galaxy-watch-active-leather-band\/#breadcrumb\"},\"inLanguage\":\"it-IT\",\"potentialAction\":[{\"@type\":\"ReadAction\",\"target\":[\"https:\/\/www.meridioband.com\/shop\/coral-galaxy-watch-active-leather-band\/\"]}]},{\"@type\":\"BreadcrumbList\",\"@id\":\"https:\/\/www.meridioband.com\/shop\/coral-galaxy-watch-active-leather-band\/#breadcrumb\",\"itemListElement\":[{\"@type\":\"ListItem\",\"position\":1,\"item\":{\"@type\":\"WebPage\",\"@id\":\"https:\/\/www.meridioband.com\/\",\"url\":\"https:\/\/www.meridioband.com\/\",\"name\":\"Home\"}},{\"@type\":\"ListItem\",\"position\":2,\"item\":{\"@type\":\"WebPage\",\"@id\":\"https:\/\/www.meridioband.com\/shop\/\",\"url\":\"https:\/\/www.meridioband.com\/shop\/\",\"name\":\"Shop\"}},{\"@type\":\"ListItem\",\"position\":3,\"item\":{\"@type\":\"WebPage\",\"@id\":\"https:\/\/www.meridioband.com\/leather\/galaxy-watch-leather-bands\/\",\"url\":\"https:\/\/www.meridioband.com\/leather\/galaxy-watch-leather-bands\/\",\"name\":\"Galaxy Watch Bands\"}},{\"@type\":\"ListItem\",\"position\":4,\"item\":{\"@type\":\"WebPage\",\"@id\":\"https:\/\/www.meridioband.com\/leather\/galaxy-watch-leather-bands\/for-her\/\",\"url\":\"https:\/\/www.meridioband.com\/leather\/galaxy-watch-leather-bands\/for-her\/\",\"name\":\"For her\"}},{\"@type\":\"ListItem\",\"position\":5,\"item\":{\"@type\":\"WebPage\",\"@id\":\"https:\/\/www.meridioband.com\/shop\/coral-galaxy-watch-active-leather-band\/\",\"url\":\"https:\/\/www.meridioband.com\/shop\/coral-galaxy-watch-active-leather-band\/\",\"name\":\"Coral\"}}]}]}<\/script>\n<!-- \/ Yoast SEO plugin. -->","_links":{"self":[{"href":"https:\/\/www.meridioband.com\/it\/wp-json\/wp\/v2\/product\/29814"}],"collection":[{"href":"https:\/\/www.meridioband.com\/it\/wp-json\/wp\/v2\/product"}],"about":[{"href":"https:\/\/www.meridioband.com\/it\/wp-json\/wp\/v2\/types\/product"}],"wp:featuredmedia":[{"embeddable":true,"href":"https:\/\/www.meridioband.com\/it\/wp-json\/wp\/v2\/media\/29990"}],"wp:attachment":[{"href":"https:\/\/www.meridioband.com\/it\/wp-json\/wp\/v2\/media?parent=29814"}],"curies":[{"name":"wp","href":"https:\/\/api.w.org\/{rel}","templated":true}]}}