{"id":33890,"date":"2020-02-10T18:13:08","date_gmt":"2020-02-10T17:13:08","guid":{"rendered":"https:\/\/www.meridioband.com\/?post_type=product&#038;p=33890"},"modified":"2021-11-19T13:57:55","modified_gmt":"2021-11-19T12:57:55","slug":"turquoise-amazfit-nappa-leather-band","status":"publish","type":"product","link":"https:\/\/www.meridioband.com\/it\/shop\/turquoise-amazfit-nappa-leather-band\/","title":{"rendered":"Turquoise"},"content":{"rendered":"","protected":false},"excerpt":{"rendered":"<p>Questo cinturino in turchese \u00e8 la scelta giusta per un look al passo con le passerelle della moda. Combinato con un abito della stessa nuance Sar\u00e0 il tocco in pi\u00f9 che non ti far\u00e0 passare inosservato con al polso il tuo Amazfit<\/p>\n","protected":false},"featured_media":33894,"template":"","meta":[],"yoast_head":"<!-- This site is optimized with the Yoast SEO plugin v15.4 - https:\/\/yoast.com\/wordpress\/plugins\/seo\/ -->\n<title>Turquoise Amazfit nappa leather band handmade in Italy | Meridio<\/title>\n<meta name=\"description\" content=\"this turquoise Amazfit band is the right choice for a look keeping up with fashion runways\" \/>\n<meta name=\"robots\" content=\"index, follow, max-snippet:-1, max-image-preview:large, max-video-preview:-1\" \/>\n<link rel=\"canonical\" href=\"https:\/\/www.meridioband.com\/shop\/turquoise-amazfit-nappa-leather-band\/\" \/>\n<meta property=\"og:locale\" content=\"it_IT\" \/>\n<meta property=\"og:type\" content=\"article\" \/>\n<meta property=\"og:title\" content=\"Turquoise Amazfit nappa leather band handmade in Italy | Meridio\" \/>\n<meta property=\"og:description\" content=\"this turquoise Amazfit band is the right choice for a look keeping up with fashion runways\" \/>\n<meta property=\"og:url\" content=\"https:\/\/www.meridioband.com\/shop\/turquoise-amazfit-nappa-leather-band\/\" \/>\n<meta property=\"og:site_name\" content=\"Meridio\" \/>\n<meta property=\"article:modified_time\" content=\"2021-11-19T12:57:55+00:00\" \/>\n<meta property=\"og:image\" content=\"https:\/\/www.meridioband.com\/wp-content\/uploads\/2020\/02\/Amazfit-GTR-turquoise-nappa-leather-band-with-displey-on-right.jpg\" \/>\n\t<meta property=\"og:image:width\" content=\"705\" \/>\n\t<meta property=\"og:image:height\" content=\"489\" \/>\n<meta property=\"fb:app_id\" content=\"936312143118740\" \/>\n<meta name=\"twitter:card\" content=\"summary\" \/>\n<meta name=\"twitter:creator\" content=\"@meridioband\" \/>\n<meta name=\"twitter:site\" content=\"@meridioband\" \/>\n<meta name=\"twitter:label1\" content=\"Scritto da\">\n\t<meta name=\"twitter:data1\" content=\"Luigi Celeste\">\n<script type=\"application\/ld+json\" class=\"yoast-schema-graph\">{\"@context\":\"https:\/\/schema.org\",\"@graph\":[{\"@type\":\"Organization\",\"@id\":\"https:\/\/www.meridioband.com\/#organization\",\"name\":\"Meridio\",\"url\":\"https:\/\/www.meridioband.com\/\",\"sameAs\":[\"https:\/\/instagram.com\/meridioband\",\"https:\/\/it.pinterest.com\/meridioband\/\",\"https:\/\/twitter.com\/meridioband\"],\"logo\":{\"@type\":\"ImageObject\",\"@id\":\"https:\/\/www.meridioband.com\/#logo\",\"inLanguage\":\"it-IT\",\"url\":\"https:\/\/www.meridioband.com\/wp-content\/uploads\/2015\/09\/Meridio-black.png\",\"width\":591,\"height\":231,\"caption\":\"Meridio\"},\"image\":{\"@id\":\"https:\/\/www.meridioband.com\/#logo\"}},{\"@type\":\"WebSite\",\"@id\":\"https:\/\/www.meridioband.com\/#website\",\"url\":\"https:\/\/www.meridioband.com\/\",\"name\":\"Meridio\",\"description\":\"L&#039;alchimia del Patrimonio italiano nelle mani di preziosi artigiani capace di realizzare esclusivi prodotti di pelle lavorati a mano per il tuo Apple watch ed il tuo tempo libero\",\"publisher\":{\"@id\":\"https:\/\/www.meridioband.com\/#organization\"},\"potentialAction\":[{\"@type\":\"SearchAction\",\"target\":\"https:\/\/www.meridioband.com\/?s={search_term_string}\",\"query-input\":\"required name=search_term_string\"}],\"inLanguage\":\"it-IT\"},{\"@type\":\"ImageObject\",\"@id\":\"https:\/\/www.meridioband.com\/shop\/turquoise-amazfit-nappa-leather-band\/#primaryimage\",\"inLanguage\":\"it-IT\",\"url\":\"https:\/\/www.meridioband.com\/wp-content\/uploads\/2020\/02\/Amazfit-GTR-turquoise-nappa-leather-band-with-displey-on-right.jpg\",\"width\":705,\"height\":489,\"caption\":\"Amazfit-GTR-turquoise-nappa-leather-band-with-display-on-right\"},{\"@type\":\"WebPage\",\"@id\":\"https:\/\/www.meridioband.com\/shop\/turquoise-amazfit-nappa-leather-band\/#webpage\",\"url\":\"https:\/\/www.meridioband.com\/shop\/turquoise-amazfit-nappa-leather-band\/\",\"name\":\"Turquoise Amazfit nappa leather band handmade in Italy | Meridio\",\"isPartOf\":{\"@id\":\"https:\/\/www.meridioband.com\/#website\"},\"primaryImageOfPage\":{\"@id\":\"https:\/\/www.meridioband.com\/shop\/turquoise-amazfit-nappa-leather-band\/#primaryimage\"},\"datePublished\":\"2020-02-10T17:13:08+00:00\",\"dateModified\":\"2021-11-19T12:57:55+00:00\",\"description\":\"this turquoise Amazfit band is the right choice for a look keeping up with fashion runways\",\"breadcrumb\":{\"@id\":\"https:\/\/www.meridioband.com\/shop\/turquoise-amazfit-nappa-leather-band\/#breadcrumb\"},\"inLanguage\":\"it-IT\",\"potentialAction\":[{\"@type\":\"ReadAction\",\"target\":[\"https:\/\/www.meridioband.com\/shop\/turquoise-amazfit-nappa-leather-band\/\"]}]},{\"@type\":\"BreadcrumbList\",\"@id\":\"https:\/\/www.meridioband.com\/shop\/turquoise-amazfit-nappa-leather-band\/#breadcrumb\",\"itemListElement\":[{\"@type\":\"ListItem\",\"position\":1,\"item\":{\"@type\":\"WebPage\",\"@id\":\"https:\/\/www.meridioband.com\/\",\"url\":\"https:\/\/www.meridioband.com\/\",\"name\":\"Home\"}},{\"@type\":\"ListItem\",\"position\":2,\"item\":{\"@type\":\"WebPage\",\"@id\":\"https:\/\/www.meridioband.com\/shop\/\",\"url\":\"https:\/\/www.meridioband.com\/shop\/\",\"name\":\"Shop\"}},{\"@type\":\"ListItem\",\"position\":3,\"item\":{\"@type\":\"WebPage\",\"@id\":\"https:\/\/www.meridioband.com\/leather\/amazfit-watch-leather-bands\/\",\"url\":\"https:\/\/www.meridioband.com\/leather\/amazfit-watch-leather-bands\/\",\"name\":\"Amazfit Watch Bands\"}},{\"@type\":\"ListItem\",\"position\":4,\"item\":{\"@type\":\"WebPage\",\"@id\":\"https:\/\/www.meridioband.com\/it\/leather\/amazfit-watch-leather-bands\/blue-amazfit-watch-leather-bands\/\",\"url\":\"https:\/\/www.meridioband.com\/it\/leather\/amazfit-watch-leather-bands\/blue-amazfit-watch-leather-bands\/\",\"name\":\"Blu\"}},{\"@type\":\"ListItem\",\"position\":5,\"item\":{\"@type\":\"WebPage\",\"@id\":\"https:\/\/www.meridioband.com\/shop\/turquoise-amazfit-nappa-leather-band\/\",\"url\":\"https:\/\/www.meridioband.com\/shop\/turquoise-amazfit-nappa-leather-band\/\",\"name\":\"Turquoise\"}}]}]}<\/script>\n<!-- \/ Yoast SEO plugin. -->","_links":{"self":[{"href":"https:\/\/www.meridioband.com\/it\/wp-json\/wp\/v2\/product\/33890"}],"collection":[{"href":"https:\/\/www.meridioband.com\/it\/wp-json\/wp\/v2\/product"}],"about":[{"href":"https:\/\/www.meridioband.com\/it\/wp-json\/wp\/v2\/types\/product"}],"wp:featuredmedia":[{"embeddable":true,"href":"https:\/\/www.meridioband.com\/it\/wp-json\/wp\/v2\/media\/33894"}],"wp:attachment":[{"href":"https:\/\/www.meridioband.com\/it\/wp-json\/wp\/v2\/media?parent=33890"}],"curies":[{"name":"wp","href":"https:\/\/api.w.org\/{rel}","templated":true}]}}