{"id":71242,"date":"2020-09-01T12:21:00","date_gmt":"2020-09-01T10:21:00","guid":{"rendered":"https:\/\/www.meridioband.com\/?post_type=product&#038;p=71242"},"modified":"2024-08-18T15:51:40","modified_gmt":"2024-08-18T13:51:40","slug":"whale-tail-apple-watch-black-recycled-plastic-ocean-band","status":"publish","type":"product","link":"https:\/\/www.meridioband.com\/it\/shop\/whale-tail-apple-watch-black-recycled-plastic-ocean-band\/","title":{"rendered":"Whale Tail"},"content":{"rendered":"","protected":false},"excerpt":{"rendered":"<p>Questa cinturino in tessuto, ha un colore dal tono neutro ed \u00e8 facile da abbinare; non preoccuparti, \u00e8 anche impermeabile! E&#8217;pratico ed ha un ottima vestibilit\u00e0 grazie al doppio passante in pelle. \u00c8 compatibile con Apple Watch serie 8,Ultra &amp; SE e precedenti versioni ma, solo per 42\/44\/45\/49 mm come dimensioni della cassa<\/p>\n","protected":false},"featured_media":70603,"template":"","meta":[],"yoast_head":"<!-- This site is optimized with the Yoast SEO plugin v15.4 - https:\/\/yoast.com\/wordpress\/plugins\/seo\/ -->\n<title><\/title>\n<meta name=\"description\" content=\"[:en]The whale tail apple watch band is one of seven bands part of the tide collection realized with recycled ocean plastic.\u00a0This neutral tone woven strap is easy to match and not to worry, it\u2019s waterproof too! The high-quality wristband is comfortable while being worn yet durable and has stunning leather loops. It&#039;s compatible with Apple watch new series 8 and all previous ones but only for 42-44-45mm as case size[:]\" \/>\n<meta name=\"robots\" content=\"index, follow, max-snippet:-1, max-image-preview:large, max-video-preview:-1\" \/>\n<link rel=\"canonical\" href=\"https:\/\/www.meridioband.com\/shop\/whale-tail-apple-watch-black-recycled-plastic-ocean-band\/\" \/>\n<meta property=\"og:locale\" content=\"it_IT\" \/>\n<meta property=\"og:type\" content=\"article\" \/>\n<meta property=\"og:title\" content=\"[:en]Apple watch black recycled ocean plastic band[:]\" \/>\n<meta property=\"og:description\" content=\"[:en]The whale tail apple watch band is one of seven bands part of the tide collection realized with recycled ocean plastic.\u00a0This neutral tone woven strap is easy to match and not to worry, it\u2019s waterproof too! The high-quality wristband is comfortable while being worn yet durable and has stunning leather loops. It&#039;s compatible with Apple watch new series 8 and all previous ones but only for 42-44-45mm as case size[:]\" \/>\n<meta property=\"og:url\" content=\"https:\/\/www.meridioband.com\/shop\/whale-tail-apple-watch-black-recycled-plastic-ocean-band\/\" \/>\n<meta property=\"og:site_name\" content=\"Meridio\" \/>\n<meta property=\"article:modified_time\" content=\"2024-08-18T13:51:40+00:00\" \/>\n<meta property=\"og:image\" content=\"https:\/\/www.meridioband.com\/wp-content\/uploads\/2020\/09\/Apple-watch-black-tide-band-recicled-ocean-plastic-44mm.jpg\" \/>\n\t<meta property=\"og:image:width\" content=\"705\" \/>\n\t<meta property=\"og:image:height\" content=\"489\" \/>\n<meta property=\"fb:app_id\" content=\"936312143118740\" \/>\n<meta name=\"twitter:card\" content=\"summary\" \/>\n<meta name=\"twitter:creator\" content=\"@meridioband\" \/>\n<meta name=\"twitter:site\" content=\"@meridioband\" \/>\n<meta name=\"twitter:label1\" content=\"Scritto da\">\n\t<meta name=\"twitter:data1\" content=\"Luigi Celeste\">\n<script type=\"application\/ld+json\" class=\"yoast-schema-graph\">{\"@context\":\"https:\/\/schema.org\",\"@graph\":[{\"@type\":\"Organization\",\"@id\":\"https:\/\/www.meridioband.com\/#organization\",\"name\":\"Meridio\",\"url\":\"https:\/\/www.meridioband.com\/\",\"sameAs\":[\"https:\/\/instagram.com\/meridioband\",\"https:\/\/it.pinterest.com\/meridioband\/\",\"https:\/\/twitter.com\/meridioband\"],\"logo\":{\"@type\":\"ImageObject\",\"@id\":\"https:\/\/www.meridioband.com\/#logo\",\"inLanguage\":\"it-IT\",\"url\":\"https:\/\/www.meridioband.com\/wp-content\/uploads\/2015\/09\/Meridio-black.png\",\"width\":591,\"height\":231,\"caption\":\"Meridio\"},\"image\":{\"@id\":\"https:\/\/www.meridioband.com\/#logo\"}},{\"@type\":\"WebSite\",\"@id\":\"https:\/\/www.meridioband.com\/#website\",\"url\":\"https:\/\/www.meridioband.com\/\",\"name\":\"Meridio\",\"description\":\"L&#039;alchimia del Patrimonio italiano nelle mani di preziosi artigiani capace di realizzare esclusivi prodotti di pelle lavorati a mano per il tuo Apple watch ed il tuo tempo libero\",\"publisher\":{\"@id\":\"https:\/\/www.meridioband.com\/#organization\"},\"potentialAction\":[{\"@type\":\"SearchAction\",\"target\":\"https:\/\/www.meridioband.com\/?s={search_term_string}\",\"query-input\":\"required name=search_term_string\"}],\"inLanguage\":\"it-IT\"},{\"@type\":\"ImageObject\",\"@id\":\"https:\/\/www.meridioband.com\/shop\/whale-tail-apple-watch-black-recycled-plastic-ocean-band\/#primaryimage\",\"inLanguage\":\"it-IT\",\"url\":\"https:\/\/www.meridioband.com\/wp-content\/uploads\/2020\/09\/Apple-watch-black-tide-band-recicled-ocean-plastic-44mm.jpg\",\"width\":705,\"height\":489,\"caption\":\"Apple-watch-black-tide-band-recicled-ocean-plastic-44mm-flying\"},{\"@type\":\"WebPage\",\"@id\":\"https:\/\/www.meridioband.com\/shop\/whale-tail-apple-watch-black-recycled-plastic-ocean-band\/#webpage\",\"url\":\"https:\/\/www.meridioband.com\/shop\/whale-tail-apple-watch-black-recycled-plastic-ocean-band\/\",\"name\":\"[:en]Apple watch black recycled ocean plastic band[:]\",\"isPartOf\":{\"@id\":\"https:\/\/www.meridioband.com\/#website\"},\"primaryImageOfPage\":{\"@id\":\"https:\/\/www.meridioband.com\/shop\/whale-tail-apple-watch-black-recycled-plastic-ocean-band\/#primaryimage\"},\"datePublished\":\"2020-09-01T10:21:00+00:00\",\"dateModified\":\"2024-08-18T13:51:40+00:00\",\"description\":\"[:en]The whale tail apple watch band is one of seven bands part of the tide collection realized with recycled ocean plastic.\\u00a0This neutral tone woven strap is easy to match and not to worry, it\\u2019s waterproof too! The high-quality wristband is comfortable while being worn yet durable and has stunning leather loops. It's compatible with Apple watch new series 8 and all previous ones but only for 42-44-45mm as case size[:]\",\"breadcrumb\":{\"@id\":\"https:\/\/www.meridioband.com\/shop\/whale-tail-apple-watch-black-recycled-plastic-ocean-band\/#breadcrumb\"},\"inLanguage\":\"it-IT\",\"potentialAction\":[{\"@type\":\"ReadAction\",\"target\":[\"https:\/\/www.meridioband.com\/shop\/whale-tail-apple-watch-black-recycled-plastic-ocean-band\/\"]}]},{\"@type\":\"BreadcrumbList\",\"@id\":\"https:\/\/www.meridioband.com\/shop\/whale-tail-apple-watch-black-recycled-plastic-ocean-band\/#breadcrumb\",\"itemListElement\":[{\"@type\":\"ListItem\",\"position\":1,\"item\":{\"@type\":\"WebPage\",\"@id\":\"https:\/\/www.meridioband.com\/\",\"url\":\"https:\/\/www.meridioband.com\/\",\"name\":\"Home\"}},{\"@type\":\"ListItem\",\"position\":2,\"item\":{\"@type\":\"WebPage\",\"@id\":\"https:\/\/www.meridioband.com\/shop\/\",\"url\":\"https:\/\/www.meridioband.com\/shop\/\",\"name\":\"Shop\"}},{\"@type\":\"ListItem\",\"position\":3,\"item\":{\"@type\":\"WebPage\",\"@id\":\"https:\/\/www.meridioband.com\/leather\/recycled-ocean-plastic-bands\/\",\"url\":\"https:\/\/www.meridioband.com\/leather\/recycled-ocean-plastic-bands\/\",\"name\":\"Tide\"}},{\"@type\":\"ListItem\",\"position\":4,\"item\":{\"@type\":\"WebPage\",\"@id\":\"https:\/\/www.meridioband.com\/shop\/whale-tail-apple-watch-black-recycled-plastic-ocean-band\/\",\"url\":\"https:\/\/www.meridioband.com\/shop\/whale-tail-apple-watch-black-recycled-plastic-ocean-band\/\",\"name\":\"Whale Tail\"}}]}]}<\/script>\n<!-- \/ Yoast SEO plugin. -->","_links":{"self":[{"href":"https:\/\/www.meridioband.com\/it\/wp-json\/wp\/v2\/product\/71242"}],"collection":[{"href":"https:\/\/www.meridioband.com\/it\/wp-json\/wp\/v2\/product"}],"about":[{"href":"https:\/\/www.meridioband.com\/it\/wp-json\/wp\/v2\/types\/product"}],"wp:featuredmedia":[{"embeddable":true,"href":"https:\/\/www.meridioband.com\/it\/wp-json\/wp\/v2\/media\/70603"}],"wp:attachment":[{"href":"https:\/\/www.meridioband.com\/it\/wp-json\/wp\/v2\/media?parent=71242"}],"curies":[{"name":"wp","href":"https:\/\/api.w.org\/{rel}","templated":true}]}}