{"id":71562,"date":"2020-09-01T13:30:13","date_gmt":"2020-09-01T11:30:13","guid":{"rendered":"https:\/\/www.meridioband.com\/?post_type=product&#038;p=71562"},"modified":"2024-09-24T00:33:44","modified_gmt":"2024-09-23T22:33:44","slug":"pacific-stone-grey-recycled-ocean-plastic-band","status":"publish","type":"product","link":"https:\/\/www.meridioband.com\/it\/shop\/pacific-stone-grey-recycled-ocean-plastic-band\/","title":{"rendered":"Pacific Stone"},"content":{"rendered":"","protected":false},"excerpt":{"rendered":"<p>Questo cinturino impermeabile dai toni grigi ha uno stile adatto quotidiano per tutto il giorno, anche perch\u00e9 salvare la pianta \u00e8 sempre di moda! Di alta qualit\u00e0, \u00e8 comodo da indossare ma resistente ed ha degli splendidi passanti in pelle. \u00c8 compatibile con Apple watch serie 8 &amp; SE e alle versioni precedenti, facilmente intercambiabile con tutti gli adattatori ma solo per casse 38-40-41 mm<\/p>\n","protected":false},"featured_media":70604,"template":"","meta":[],"yoast_head":"<!-- This site is optimized with the Yoast SEO plugin v15.4 - https:\/\/yoast.com\/wordpress\/plugins\/seo\/ -->\n<title><\/title>\n<meta name=\"description\" content=\"[:en]This grey tone waterproof band is an all-day everyday style, also since saving the plant is always in style! The high-quality wristband is comfortable while being worn yet durable and has stunning leather loops[:]\" \/>\n<meta name=\"robots\" content=\"index, follow, max-snippet:-1, max-image-preview:large, max-video-preview:-1\" \/>\n<link rel=\"canonical\" href=\"https:\/\/www.meridioband.com\/shop\/pacific-stone-grey-recycled-ocean-plastic-band\/\" \/>\n<meta property=\"og:locale\" content=\"it_IT\" \/>\n<meta property=\"og:type\" content=\"article\" \/>\n<meta property=\"og:title\" content=\"[:en]Apple watch grey recycled ocean plastic band[:]\" \/>\n<meta property=\"og:description\" content=\"[:en]This grey tone waterproof band is an all-day everyday style, also since saving the plant is always in style! The high-quality wristband is comfortable while being worn yet durable and has stunning leather loops[:]\" \/>\n<meta property=\"og:url\" content=\"https:\/\/www.meridioband.com\/shop\/pacific-stone-grey-recycled-ocean-plastic-band\/\" \/>\n<meta property=\"og:site_name\" content=\"Meridio\" \/>\n<meta property=\"article:modified_time\" content=\"2024-09-23T22:33:44+00:00\" \/>\n<meta property=\"og:image\" content=\"https:\/\/www.meridioband.com\/wp-content\/uploads\/2020\/09\/Apple-watch-grey-tide-band-recicled-ocean-plastic-40mm.jpg\" \/>\n\t<meta property=\"og:image:width\" content=\"705\" \/>\n\t<meta property=\"og:image:height\" content=\"489\" \/>\n<meta property=\"fb:app_id\" content=\"936312143118740\" \/>\n<meta name=\"twitter:card\" content=\"summary\" \/>\n<meta name=\"twitter:creator\" content=\"@meridioband\" \/>\n<meta name=\"twitter:site\" content=\"@meridioband\" \/>\n<meta name=\"twitter:label1\" content=\"Scritto da\">\n\t<meta name=\"twitter:data1\" content=\"Luigi Celeste\">\n<script type=\"application\/ld+json\" class=\"yoast-schema-graph\">{\"@context\":\"https:\/\/schema.org\",\"@graph\":[{\"@type\":\"Organization\",\"@id\":\"https:\/\/www.meridioband.com\/#organization\",\"name\":\"Meridio\",\"url\":\"https:\/\/www.meridioband.com\/\",\"sameAs\":[\"https:\/\/instagram.com\/meridioband\",\"https:\/\/it.pinterest.com\/meridioband\/\",\"https:\/\/twitter.com\/meridioband\"],\"logo\":{\"@type\":\"ImageObject\",\"@id\":\"https:\/\/www.meridioband.com\/#logo\",\"inLanguage\":\"it-IT\",\"url\":\"https:\/\/www.meridioband.com\/wp-content\/uploads\/2015\/09\/Meridio-black.png\",\"width\":591,\"height\":231,\"caption\":\"Meridio\"},\"image\":{\"@id\":\"https:\/\/www.meridioband.com\/#logo\"}},{\"@type\":\"WebSite\",\"@id\":\"https:\/\/www.meridioband.com\/#website\",\"url\":\"https:\/\/www.meridioband.com\/\",\"name\":\"Meridio\",\"description\":\"L&#039;alchimia del Patrimonio italiano nelle mani di preziosi artigiani capace di realizzare esclusivi prodotti di pelle lavorati a mano per il tuo Apple watch ed il tuo tempo libero\",\"publisher\":{\"@id\":\"https:\/\/www.meridioband.com\/#organization\"},\"potentialAction\":[{\"@type\":\"SearchAction\",\"target\":\"https:\/\/www.meridioband.com\/?s={search_term_string}\",\"query-input\":\"required name=search_term_string\"}],\"inLanguage\":\"it-IT\"},{\"@type\":\"ImageObject\",\"@id\":\"https:\/\/www.meridioband.com\/shop\/pacific-stone-grey-recycled-ocean-plastic-band\/#primaryimage\",\"inLanguage\":\"it-IT\",\"url\":\"https:\/\/www.meridioband.com\/wp-content\/uploads\/2020\/09\/Apple-watch-grey-tide-band-recicled-ocean-plastic-40mm.jpg\",\"width\":705,\"height\":489,\"caption\":\"Apple-watch-grey-tide-band-recicled-ocean-plastic-40mm-flying\"},{\"@type\":\"WebPage\",\"@id\":\"https:\/\/www.meridioband.com\/shop\/pacific-stone-grey-recycled-ocean-plastic-band\/#webpage\",\"url\":\"https:\/\/www.meridioband.com\/shop\/pacific-stone-grey-recycled-ocean-plastic-band\/\",\"name\":\"[:en]Apple watch grey recycled ocean plastic band[:]\",\"isPartOf\":{\"@id\":\"https:\/\/www.meridioband.com\/#website\"},\"primaryImageOfPage\":{\"@id\":\"https:\/\/www.meridioband.com\/shop\/pacific-stone-grey-recycled-ocean-plastic-band\/#primaryimage\"},\"datePublished\":\"2020-09-01T11:30:13+00:00\",\"dateModified\":\"2024-09-23T22:33:44+00:00\",\"description\":\"[:en]This grey tone waterproof band is an all-day everyday style, also since saving the plant is always in style! The high-quality wristband is comfortable while being worn yet durable and has stunning leather loops[:]\",\"breadcrumb\":{\"@id\":\"https:\/\/www.meridioband.com\/shop\/pacific-stone-grey-recycled-ocean-plastic-band\/#breadcrumb\"},\"inLanguage\":\"it-IT\",\"potentialAction\":[{\"@type\":\"ReadAction\",\"target\":[\"https:\/\/www.meridioband.com\/shop\/pacific-stone-grey-recycled-ocean-plastic-band\/\"]}]},{\"@type\":\"BreadcrumbList\",\"@id\":\"https:\/\/www.meridioband.com\/shop\/pacific-stone-grey-recycled-ocean-plastic-band\/#breadcrumb\",\"itemListElement\":[{\"@type\":\"ListItem\",\"position\":1,\"item\":{\"@type\":\"WebPage\",\"@id\":\"https:\/\/www.meridioband.com\/\",\"url\":\"https:\/\/www.meridioband.com\/\",\"name\":\"Home\"}},{\"@type\":\"ListItem\",\"position\":2,\"item\":{\"@type\":\"WebPage\",\"@id\":\"https:\/\/www.meridioband.com\/shop\/\",\"url\":\"https:\/\/www.meridioband.com\/shop\/\",\"name\":\"Shop\"}},{\"@type\":\"ListItem\",\"position\":3,\"item\":{\"@type\":\"WebPage\",\"@id\":\"https:\/\/www.meridioband.com\/leather\/apple-watch-bands-38mm\/\",\"url\":\"https:\/\/www.meridioband.com\/leather\/apple-watch-bands-38mm\/\",\"name\":\"38 mm\"}},{\"@type\":\"ListItem\",\"position\":4,\"item\":{\"@type\":\"WebPage\",\"@id\":\"https:\/\/www.meridioband.com\/shop\/pacific-stone-grey-recycled-ocean-plastic-band\/\",\"url\":\"https:\/\/www.meridioband.com\/shop\/pacific-stone-grey-recycled-ocean-plastic-band\/\",\"name\":\"Pacific Stone\"}}]}]}<\/script>\n<!-- \/ Yoast SEO plugin. -->","_links":{"self":[{"href":"https:\/\/www.meridioband.com\/it\/wp-json\/wp\/v2\/product\/71562"}],"collection":[{"href":"https:\/\/www.meridioband.com\/it\/wp-json\/wp\/v2\/product"}],"about":[{"href":"https:\/\/www.meridioband.com\/it\/wp-json\/wp\/v2\/types\/product"}],"wp:featuredmedia":[{"embeddable":true,"href":"https:\/\/www.meridioband.com\/it\/wp-json\/wp\/v2\/media\/70604"}],"wp:attachment":[{"href":"https:\/\/www.meridioband.com\/it\/wp-json\/wp\/v2\/media?parent=71562"}],"curies":[{"name":"wp","href":"https:\/\/api.w.org\/{rel}","templated":true}]}}