{"id":99464,"date":"2020-10-21T23:03:29","date_gmt":"2020-10-21T21:03:29","guid":{"rendered":"https:\/\/www.meridioband.com\/?post_type=product&#038;p=99464"},"modified":"2025-10-05T19:39:01","modified_gmt":"2025-10-05T17:39:01","slug":"centro-aw-black-full-grain-leather-band-with-holes","status":"publish","type":"product","link":"https:\/\/www.meridioband.com\/it\/shop\/centro-aw-black-full-grain-leather-band-with-holes\/","title":{"rendered":"Centro"},"content":{"rendered":"","protected":false},"excerpt":{"rendered":"<p>Ispirato al caldo centro di San Paolo, uno degli angoli pi\u00f9 cool della citt\u00e0 pi\u00f9 grande del Sud America e parte dell&#8217;ultima collezione di cinturini per Apple Watch di Meridio, Urban, Centro \u00e8 disponibile nel colore nero. I cinturini sono realizzati in cuoio di pelle di vitello italiano e sono dotate di doppio passante. Disponibile per casse 38\/40\/41 &amp; 42\/44\/45\/49 mm e per Apple Watch Series 8 e SE | 7,6,5,4,3,2,1.<\/p>\n","protected":false},"featured_media":99465,"template":"","meta":[],"yoast_head":"<!-- This site is optimized with the Yoast SEO plugin v15.4 - https:\/\/yoast.com\/wordpress\/plugins\/seo\/ -->\n<title>Apple watch black full grain leather band with holes<\/title>\n<meta name=\"description\" content=\"Inspired by the S\u00e3o Paulo\u2019s Centro, one of the coolest corners of the South America\u2019s biggest city, and part of the latest collection of Apple Watch Bands by Meridio, Urban, Centro comes in the black color. The bands are made from Italian full grain leather and are equipped with a double loop. Only available for 42 | 44 mm the bands are suitable for Apple Watch Series 6 &amp; SE, as well as the previous ones 5, 4,3,2,1.\" \/>\n<meta name=\"robots\" content=\"index, follow, max-snippet:-1, max-image-preview:large, max-video-preview:-1\" \/>\n<link rel=\"canonical\" href=\"https:\/\/www.meridioband.com\/shop\/centro-aw-black-full-grain-leather-band-with-holes\/\" \/>\n<meta property=\"og:locale\" content=\"it_IT\" \/>\n<meta property=\"og:type\" content=\"article\" \/>\n<meta property=\"og:title\" content=\"Apple watch black full grain leather band with holes\" \/>\n<meta property=\"og:description\" content=\"Inspired by the S\u00e3o Paulo\u2019s Centro, one of the coolest corners of the South America\u2019s biggest city, and part of the latest collection of Apple Watch Bands by Meridio, Urban, Centro comes in the black color. The bands are made from Italian full grain leather and are equipped with a double loop. Only available for 42 | 44 mm the bands are suitable for Apple Watch Series 6 &amp; SE, as well as the previous ones 5, 4,3,2,1.\" \/>\n<meta property=\"og:url\" content=\"https:\/\/www.meridioband.com\/shop\/centro-aw-black-full-grain-leather-band-with-holes\/\" \/>\n<meta property=\"og:site_name\" content=\"Meridio\" \/>\n<meta property=\"article:modified_time\" content=\"2025-10-05T17:39:01+00:00\" \/>\n<meta property=\"og:image\" content=\"https:\/\/www.meridioband.com\/wp-content\/uploads\/2020\/10\/Grey-AW-urban-leather-band-on-air-space-grey.jpg\" \/>\n\t<meta property=\"og:image:width\" content=\"705\" \/>\n\t<meta property=\"og:image:height\" content=\"489\" \/>\n<meta property=\"fb:app_id\" content=\"936312143118740\" \/>\n<meta name=\"twitter:card\" content=\"summary\" \/>\n<meta name=\"twitter:creator\" content=\"@meridioband\" \/>\n<meta name=\"twitter:site\" content=\"@meridioband\" \/>\n<meta name=\"twitter:label1\" content=\"Scritto da\">\n\t<meta name=\"twitter:data1\" content=\"Luigi Celeste\">\n<script type=\"application\/ld+json\" class=\"yoast-schema-graph\">{\"@context\":\"https:\/\/schema.org\",\"@graph\":[{\"@type\":\"Organization\",\"@id\":\"https:\/\/www.meridioband.com\/#organization\",\"name\":\"Meridio\",\"url\":\"https:\/\/www.meridioband.com\/\",\"sameAs\":[\"https:\/\/instagram.com\/meridioband\",\"https:\/\/it.pinterest.com\/meridioband\/\",\"https:\/\/twitter.com\/meridioband\"],\"logo\":{\"@type\":\"ImageObject\",\"@id\":\"https:\/\/www.meridioband.com\/#logo\",\"inLanguage\":\"it-IT\",\"url\":\"https:\/\/www.meridioband.com\/wp-content\/uploads\/2015\/09\/Meridio-black.png\",\"width\":591,\"height\":231,\"caption\":\"Meridio\"},\"image\":{\"@id\":\"https:\/\/www.meridioband.com\/#logo\"}},{\"@type\":\"WebSite\",\"@id\":\"https:\/\/www.meridioband.com\/#website\",\"url\":\"https:\/\/www.meridioband.com\/\",\"name\":\"Meridio\",\"description\":\"L&#039;alchimia del Patrimonio italiano nelle mani di preziosi artigiani capace di realizzare esclusivi prodotti di pelle lavorati a mano per il tuo Apple watch ed il tuo tempo libero\",\"publisher\":{\"@id\":\"https:\/\/www.meridioband.com\/#organization\"},\"potentialAction\":[{\"@type\":\"SearchAction\",\"target\":\"https:\/\/www.meridioband.com\/?s={search_term_string}\",\"query-input\":\"required name=search_term_string\"}],\"inLanguage\":\"it-IT\"},{\"@type\":\"ImageObject\",\"@id\":\"https:\/\/www.meridioband.com\/shop\/centro-aw-black-full-grain-leather-band-with-holes\/#primaryimage\",\"inLanguage\":\"it-IT\",\"url\":\"https:\/\/www.meridioband.com\/wp-content\/uploads\/2020\/10\/Grey-AW-urban-leather-band-on-air-space-grey.jpg\",\"width\":705,\"height\":489,\"caption\":\"BLACK-AW-urban-leather-band-on-air-space-grey\"},{\"@type\":\"WebPage\",\"@id\":\"https:\/\/www.meridioband.com\/shop\/centro-aw-black-full-grain-leather-band-with-holes\/#webpage\",\"url\":\"https:\/\/www.meridioband.com\/shop\/centro-aw-black-full-grain-leather-band-with-holes\/\",\"name\":\"Apple watch black full grain leather band with holes\",\"isPartOf\":{\"@id\":\"https:\/\/www.meridioband.com\/#website\"},\"primaryImageOfPage\":{\"@id\":\"https:\/\/www.meridioband.com\/shop\/centro-aw-black-full-grain-leather-band-with-holes\/#primaryimage\"},\"datePublished\":\"2020-10-21T21:03:29+00:00\",\"dateModified\":\"2025-10-05T17:39:01+00:00\",\"description\":\"Inspired by the S\\u00e3o Paulo\\u2019s Centro, one of the coolest corners of the South America\\u2019s biggest city, and part of the latest collection of Apple Watch Bands by Meridio, Urban, Centro comes in the black color. The bands are made from Italian full grain leather and are equipped with a double loop. Only available for 42 | 44 mm the bands are suitable for Apple Watch Series 6 &amp; SE, as well as the previous ones 5, 4,3,2,1.\",\"breadcrumb\":{\"@id\":\"https:\/\/www.meridioband.com\/shop\/centro-aw-black-full-grain-leather-band-with-holes\/#breadcrumb\"},\"inLanguage\":\"it-IT\",\"potentialAction\":[{\"@type\":\"ReadAction\",\"target\":[\"https:\/\/www.meridioband.com\/shop\/centro-aw-black-full-grain-leather-band-with-holes\/\"]}]},{\"@type\":\"BreadcrumbList\",\"@id\":\"https:\/\/www.meridioband.com\/shop\/centro-aw-black-full-grain-leather-band-with-holes\/#breadcrumb\",\"itemListElement\":[{\"@type\":\"ListItem\",\"position\":1,\"item\":{\"@type\":\"WebPage\",\"@id\":\"https:\/\/www.meridioband.com\/\",\"url\":\"https:\/\/www.meridioband.com\/\",\"name\":\"Home\"}},{\"@type\":\"ListItem\",\"position\":2,\"item\":{\"@type\":\"WebPage\",\"@id\":\"https:\/\/www.meridioband.com\/shop\/\",\"url\":\"https:\/\/www.meridioband.com\/shop\/\",\"name\":\"Shop\"}},{\"@type\":\"ListItem\",\"position\":3,\"item\":{\"@type\":\"WebPage\",\"@id\":\"https:\/\/www.meridioband.com\/leather\/apple-watch-bands-38mm\/\",\"url\":\"https:\/\/www.meridioband.com\/leather\/apple-watch-bands-38mm\/\",\"name\":\"38 mm\"}},{\"@type\":\"ListItem\",\"position\":4,\"item\":{\"@type\":\"WebPage\",\"@id\":\"https:\/\/www.meridioband.com\/shop\/centro-aw-black-full-grain-leather-band-with-holes\/\",\"url\":\"https:\/\/www.meridioband.com\/shop\/centro-aw-black-full-grain-leather-band-with-holes\/\",\"name\":\"Centro\"}}]}]}<\/script>\n<!-- \/ Yoast SEO plugin. -->","_links":{"self":[{"href":"https:\/\/www.meridioband.com\/it\/wp-json\/wp\/v2\/product\/99464"}],"collection":[{"href":"https:\/\/www.meridioband.com\/it\/wp-json\/wp\/v2\/product"}],"about":[{"href":"https:\/\/www.meridioband.com\/it\/wp-json\/wp\/v2\/types\/product"}],"wp:featuredmedia":[{"embeddable":true,"href":"https:\/\/www.meridioband.com\/it\/wp-json\/wp\/v2\/media\/99465"}],"wp:attachment":[{"href":"https:\/\/www.meridioband.com\/it\/wp-json\/wp\/v2\/media?parent=99464"}],"curies":[{"name":"wp","href":"https:\/\/api.w.org\/{rel}","templated":true}]}}